{"id":12754,"date":"2020-03-17T10:39:03","date_gmt":"2020-03-17T10:39:03","guid":{"rendered":"https:\/\/zonaverde.pt\/?page_id=12754"},"modified":"2026-02-19T14:06:50","modified_gmt":"2026-02-19T14:06:50","slug":"cursos-formacao-para-formadores","status":"publish","type":"page","link":"https:\/\/zonaverde.pt\/site\/lp\/cursos-formacao-para-formadores\/","title":{"rendered":"FORMA\u00c7\u00c3O DE FORMADORES"},"content":{"rendered":"","protected":false},"excerpt":{"rendered":"","protected":false},"author":1,"featured_media":0,"parent":12681,"menu_order":20,"comment_status":"closed","ping_status":"closed","template":"","meta":{"_acf_changed":false,"footnotes":""},"class_list":["post-12754","page","type-page","status-publish","hentry","prodpage-classic"],"acf":[],"yoast_head":"<!-- This site is optimized with the Yoast SEO Premium plugin v27.0 (Yoast SEO v27.0) - https:\/\/yoast.com\/product\/yoast-seo-premium-wordpress\/ -->\n<title>Forma\u00e7\u00e3o de Formadores (CCP\/CAP) | ZONAVERDE<\/title>\n<meta name=\"description\" content=\"Consulte os cursos online que permitem tornar-se formador(a), coordenador(a) e gestor(a) de forma\u00e7\u00e3o. Aulas 100% online ou em regime b-learning.\" \/>\n<meta name=\"robots\" content=\"index, follow, max-snippet:-1, max-image-preview:large, max-video-preview:-1\" \/>\n<link rel=\"canonical\" href=\"https:\/\/zonaverde.pt\/site\/lp\/cursos-formacao-para-formadores\/\" \/>\n<meta property=\"og:locale\" content=\"pt_PT\" \/>\n<meta property=\"og:type\" content=\"article\" \/>\n<meta property=\"og:title\" content=\"FORMA\u00c7\u00c3O DE FORMADORES\" \/>\n<meta property=\"og:description\" content=\"Consulte os cursos online que permitem tornar-se formador(a), coordenador(a) e gestor(a) de forma\u00e7\u00e3o. Aulas 100% online ou em regime b-learning.\" \/>\n<meta property=\"og:url\" content=\"https:\/\/zonaverde.pt\/site\/lp\/cursos-formacao-para-formadores\/\" \/>\n<meta property=\"og:site_name\" content=\"ZONAVERDE | Forma\u00e7\u00e3o e Consultoria\" \/>\n<meta property=\"article:publisher\" content=\"https:\/\/www.facebook.com\/zonaverdept\/\" \/>\n<meta property=\"article:modified_time\" content=\"2026-02-19T14:06:50+00:00\" \/>\n<meta name=\"twitter:card\" content=\"summary_large_image\" \/>\n<meta name=\"twitter:label1\" content=\"Tempo estimado de leitura\" \/>\n\t<meta name=\"twitter:data1\" content=\"3 minutos\" \/>\n<script type=\"application\/ld+json\" class=\"yoast-schema-graph\">{\"@context\":\"https:\/\/schema.org\",\"@graph\":[{\"@type\":\"WebPage\",\"@id\":\"https:\/\/zonaverde.pt\/site\/lp\/cursos-formacao-para-formadores\/\",\"url\":\"https:\/\/zonaverde.pt\/site\/lp\/cursos-formacao-para-formadores\/\",\"name\":\"Forma\u00e7\u00e3o de Formadores (CCP\/CAP) | ZONAVERDE\",\"isPartOf\":{\"@id\":\"https:\/\/zonaverde.pt\/site\/#website\"},\"datePublished\":\"2020-03-17T10:39:03+00:00\",\"dateModified\":\"2026-02-19T14:06:50+00:00\",\"description\":\"Consulte os cursos online que permitem tornar-se formador(a), coordenador(a) e gestor(a) de forma\u00e7\u00e3o. Aulas 100% online ou em regime b-learning.\",\"breadcrumb\":{\"@id\":\"https:\/\/zonaverde.pt\/site\/lp\/cursos-formacao-para-formadores\/#breadcrumb\"},\"inLanguage\":\"pt-PT\",\"potentialAction\":[{\"@type\":\"ReadAction\",\"target\":[\"https:\/\/zonaverde.pt\/site\/lp\/cursos-formacao-para-formadores\/\"]}]},{\"@type\":\"BreadcrumbList\",\"@id\":\"https:\/\/zonaverde.pt\/site\/lp\/cursos-formacao-para-formadores\/#breadcrumb\",\"itemListElement\":[{\"@type\":\"ListItem\",\"position\":1,\"name\":\"In\u00edcio\",\"item\":\"https:\/\/zonaverde.pt\/site\/\"},{\"@type\":\"ListItem\",\"position\":2,\"name\":\"LP\",\"item\":\"https:\/\/zonaverde.pt\/site\/lp\/\"},{\"@type\":\"ListItem\",\"position\":3,\"name\":\"FORMA\u00c7\u00c3O DE FORMADORES\"}]},{\"@type\":\"WebSite\",\"@id\":\"https:\/\/zonaverde.pt\/site\/#website\",\"url\":\"https:\/\/zonaverde.pt\/site\/\",\"name\":\"ZONAVERDE | Forma\u00e7\u00e3o e Consultoria\",\"description\":\"ZONAVERDE empresa de Forma\u00e7\u00e3o para particulares e \u00e0 medida para empresas (Presencial e e-Learning) e Consultoria no apoio \u00e0s PME&#039;s.\",\"publisher\":{\"@id\":\"https:\/\/zonaverde.pt\/site\/#organization\"},\"potentialAction\":[{\"@type\":\"SearchAction\",\"target\":{\"@type\":\"EntryPoint\",\"urlTemplate\":\"https:\/\/zonaverde.pt\/site\/?s={search_term_string}\"},\"query-input\":{\"@type\":\"PropertyValueSpecification\",\"valueRequired\":true,\"valueName\":\"search_term_string\"}}],\"inLanguage\":\"pt-PT\"},{\"@type\":\"Organization\",\"@id\":\"https:\/\/zonaverde.pt\/site\/#organization\",\"name\":\"ZONAVERDE | Forma\u00e7\u00e3o e Consultoria\",\"url\":\"https:\/\/zonaverde.pt\/site\/\",\"logo\":{\"@type\":\"ImageObject\",\"inLanguage\":\"pt-PT\",\"@id\":\"https:\/\/zonaverde.pt\/site\/#\/schema\/logo\/image\/\",\"url\":\"https:\/\/zonaverde.pt\/site\/wp-content\/uploads\/2019\/04\/logotipo-zonaverde.png\",\"contentUrl\":\"https:\/\/zonaverde.pt\/site\/wp-content\/uploads\/2019\/04\/logotipo-zonaverde.png\",\"width\":165,\"height\":55,\"caption\":\"ZONAVERDE | Forma\u00e7\u00e3o e Consultoria\"},\"image\":{\"@id\":\"https:\/\/zonaverde.pt\/site\/#\/schema\/logo\/image\/\"},\"sameAs\":[\"https:\/\/www.facebook.com\/zonaverdept\/\",\"https:\/\/www.instagram.com\/zonaverdept\/\",\"https:\/\/linkedin.com\/company\/zonaverdept\",\"https:\/\/www.youtube.com\/user\/ZonaVerdeCEA\"]}]}<\/script>\n<!-- \/ Yoast SEO Premium plugin. -->","yoast_head_json":{"title":"Forma\u00e7\u00e3o de Formadores (CCP\/CAP) | ZONAVERDE","description":"Consulte os cursos online que permitem tornar-se formador(a), coordenador(a) e gestor(a) de forma\u00e7\u00e3o. Aulas 100% online ou em regime b-learning.","robots":{"index":"index","follow":"follow","max-snippet":"max-snippet:-1","max-image-preview":"max-image-preview:large","max-video-preview":"max-video-preview:-1"},"canonical":"https:\/\/zonaverde.pt\/site\/lp\/cursos-formacao-para-formadores\/","og_locale":"pt_PT","og_type":"article","og_title":"FORMA\u00c7\u00c3O DE FORMADORES","og_description":"Consulte os cursos online que permitem tornar-se formador(a), coordenador(a) e gestor(a) de forma\u00e7\u00e3o. Aulas 100% online ou em regime b-learning.","og_url":"https:\/\/zonaverde.pt\/site\/lp\/cursos-formacao-para-formadores\/","og_site_name":"ZONAVERDE | Forma\u00e7\u00e3o e Consultoria","article_publisher":"https:\/\/www.facebook.com\/zonaverdept\/","article_modified_time":"2026-02-19T14:06:50+00:00","twitter_card":"summary_large_image","twitter_misc":{"Tempo estimado de leitura":"3 minutos"},"schema":{"@context":"https:\/\/schema.org","@graph":[{"@type":"WebPage","@id":"https:\/\/zonaverde.pt\/site\/lp\/cursos-formacao-para-formadores\/","url":"https:\/\/zonaverde.pt\/site\/lp\/cursos-formacao-para-formadores\/","name":"Forma\u00e7\u00e3o de Formadores (CCP\/CAP) | ZONAVERDE","isPartOf":{"@id":"https:\/\/zonaverde.pt\/site\/#website"},"datePublished":"2020-03-17T10:39:03+00:00","dateModified":"2026-02-19T14:06:50+00:00","description":"Consulte os cursos online que permitem tornar-se formador(a), coordenador(a) e gestor(a) de forma\u00e7\u00e3o. Aulas 100% online ou em regime b-learning.","breadcrumb":{"@id":"https:\/\/zonaverde.pt\/site\/lp\/cursos-formacao-para-formadores\/#breadcrumb"},"inLanguage":"pt-PT","potentialAction":[{"@type":"ReadAction","target":["https:\/\/zonaverde.pt\/site\/lp\/cursos-formacao-para-formadores\/"]}]},{"@type":"BreadcrumbList","@id":"https:\/\/zonaverde.pt\/site\/lp\/cursos-formacao-para-formadores\/#breadcrumb","itemListElement":[{"@type":"ListItem","position":1,"name":"In\u00edcio","item":"https:\/\/zonaverde.pt\/site\/"},{"@type":"ListItem","position":2,"name":"LP","item":"https:\/\/zonaverde.pt\/site\/lp\/"},{"@type":"ListItem","position":3,"name":"FORMA\u00c7\u00c3O DE FORMADORES"}]},{"@type":"WebSite","@id":"https:\/\/zonaverde.pt\/site\/#website","url":"https:\/\/zonaverde.pt\/site\/","name":"ZONAVERDE | Forma\u00e7\u00e3o e Consultoria","description":"ZONAVERDE empresa de Forma\u00e7\u00e3o para particulares e \u00e0 medida para empresas (Presencial e e-Learning) e Consultoria no apoio \u00e0s PME&#039;s.","publisher":{"@id":"https:\/\/zonaverde.pt\/site\/#organization"},"potentialAction":[{"@type":"SearchAction","target":{"@type":"EntryPoint","urlTemplate":"https:\/\/zonaverde.pt\/site\/?s={search_term_string}"},"query-input":{"@type":"PropertyValueSpecification","valueRequired":true,"valueName":"search_term_string"}}],"inLanguage":"pt-PT"},{"@type":"Organization","@id":"https:\/\/zonaverde.pt\/site\/#organization","name":"ZONAVERDE | Forma\u00e7\u00e3o e Consultoria","url":"https:\/\/zonaverde.pt\/site\/","logo":{"@type":"ImageObject","inLanguage":"pt-PT","@id":"https:\/\/zonaverde.pt\/site\/#\/schema\/logo\/image\/","url":"https:\/\/zonaverde.pt\/site\/wp-content\/uploads\/2019\/04\/logotipo-zonaverde.png","contentUrl":"https:\/\/zonaverde.pt\/site\/wp-content\/uploads\/2019\/04\/logotipo-zonaverde.png","width":165,"height":55,"caption":"ZONAVERDE | Forma\u00e7\u00e3o e Consultoria"},"image":{"@id":"https:\/\/zonaverde.pt\/site\/#\/schema\/logo\/image\/"},"sameAs":["https:\/\/www.facebook.com\/zonaverdept\/","https:\/\/www.instagram.com\/zonaverdept\/","https:\/\/linkedin.com\/company\/zonaverdept","https:\/\/www.youtube.com\/user\/ZonaVerdeCEA"]}]}},"_links":{"self":[{"href":"https:\/\/zonaverde.pt\/site\/wp-json\/wp\/v2\/pages\/12754","targetHints":{"allow":["GET"]}}],"collection":[{"href":"https:\/\/zonaverde.pt\/site\/wp-json\/wp\/v2\/pages"}],"about":[{"href":"https:\/\/zonaverde.pt\/site\/wp-json\/wp\/v2\/types\/page"}],"author":[{"embeddable":true,"href":"https:\/\/zonaverde.pt\/site\/wp-json\/wp\/v2\/users\/1"}],"replies":[{"embeddable":true,"href":"https:\/\/zonaverde.pt\/site\/wp-json\/wp\/v2\/comments?post=12754"}],"version-history":[{"count":10,"href":"https:\/\/zonaverde.pt\/site\/wp-json\/wp\/v2\/pages\/12754\/revisions"}],"predecessor-version":[{"id":70110,"href":"https:\/\/zonaverde.pt\/site\/wp-json\/wp\/v2\/pages\/12754\/revisions\/70110"}],"up":[{"embeddable":true,"href":"https:\/\/zonaverde.pt\/site\/wp-json\/wp\/v2\/pages\/12681"}],"wp:attachment":[{"href":"https:\/\/zonaverde.pt\/site\/wp-json\/wp\/v2\/media?parent=12754"}],"curies":[{"name":"wp","href":"https:\/\/api.w.org\/{rel}","templated":true}]}}