{"id":14769,"date":"2020-06-29T17:40:24","date_gmt":"2020-06-29T17:40:24","guid":{"rendered":"https:\/\/zonaverde.pt\/?page_id=14769"},"modified":"2026-03-18T17:29:26","modified_gmt":"2026-03-18T17:29:26","slug":"centro-qualifica-zonaverde","status":"publish","type":"page","link":"https:\/\/zonaverde.pt\/site\/lp\/centro-qualifica-zonaverde\/","title":{"rendered":"Centro Qualifica ZONAVERDE | Forma\u00e7\u00e3o para adultos"},"content":{"rendered":"","protected":false},"excerpt":{"rendered":"","protected":false},"author":17,"featured_media":14774,"parent":12681,"menu_order":7,"comment_status":"closed","ping_status":"closed","template":"","meta":{"_acf_changed":false,"footnotes":""},"class_list":["post-14769","page","type-page","status-publish","has-post-thumbnail","hentry","prodpage-classic"],"acf":[],"yoast_head":"<!-- This site is optimized with the Yoast SEO Premium plugin v27.0 (Yoast SEO v27.0) - https:\/\/yoast.com\/product\/yoast-seo-premium-wordpress\/ -->\n<title>Centro Qualifica ZONAVERDE | Forma\u00e7\u00e3o e educa\u00e7\u00e3o para adultos<\/title>\n<meta name=\"description\" content=\"Centro Qualifica ZONAVERDE: Agarre a oportunidade de concluir o 9.\u00ba ou o 12.\u00ba ano e de obter certifica\u00e7\u00e3o profissional. Conhe\u00e7a a nossa oferta formativa.\" \/>\n<meta name=\"robots\" content=\"index, follow, max-snippet:-1, max-image-preview:large, max-video-preview:-1\" \/>\n<link rel=\"canonical\" href=\"https:\/\/zonaverde.pt\/site\/lp\/centro-qualifica-zonaverde\/\" \/>\n<meta property=\"og:locale\" content=\"pt_PT\" \/>\n<meta property=\"og:type\" content=\"article\" \/>\n<meta property=\"og:title\" content=\"Centro Qualifica ZONAVERDE | Forma\u00e7\u00e3o para adultos\" \/>\n<meta property=\"og:description\" content=\"Centro Qualifica ZONAVERDE: Agarre a oportunidade de concluir o 9.\u00ba ou o 12.\u00ba ano e de obter certifica\u00e7\u00e3o profissional. Conhe\u00e7a a nossa oferta formativa.\" \/>\n<meta property=\"og:url\" content=\"https:\/\/zonaverde.pt\/site\/lp\/centro-qualifica-zonaverde\/\" \/>\n<meta property=\"og:site_name\" content=\"ZONAVERDE | Forma\u00e7\u00e3o e Consultoria\" \/>\n<meta property=\"article:publisher\" content=\"https:\/\/www.facebook.com\/zonaverdept\/\" \/>\n<meta property=\"article:modified_time\" content=\"2026-03-18T17:29:26+00:00\" \/>\n<meta property=\"og:image\" content=\"https:\/\/zonaverde.pt\/site\/wp-content\/uploads\/Template-newslette-centro-qualifica-1.jpg\" \/>\n\t<meta property=\"og:image:width\" content=\"900\" \/>\n\t<meta property=\"og:image:height\" content=\"526\" \/>\n\t<meta property=\"og:image:type\" content=\"image\/jpeg\" \/>\n<meta name=\"twitter:card\" content=\"summary_large_image\" \/>\n<script type=\"application\/ld+json\" class=\"yoast-schema-graph\">{\"@context\":\"https:\/\/schema.org\",\"@graph\":[{\"@type\":\"WebPage\",\"@id\":\"https:\/\/zonaverde.pt\/site\/lp\/centro-qualifica-zonaverde\/\",\"url\":\"https:\/\/zonaverde.pt\/site\/lp\/centro-qualifica-zonaverde\/\",\"name\":\"Centro Qualifica ZONAVERDE | Forma\u00e7\u00e3o e educa\u00e7\u00e3o para adultos\",\"isPartOf\":{\"@id\":\"https:\/\/zonaverde.pt\/site\/#website\"},\"primaryImageOfPage\":{\"@id\":\"https:\/\/zonaverde.pt\/site\/lp\/centro-qualifica-zonaverde\/#primaryimage\"},\"image\":{\"@id\":\"https:\/\/zonaverde.pt\/site\/lp\/centro-qualifica-zonaverde\/#primaryimage\"},\"thumbnailUrl\":\"https:\/\/zonaverde.pt\/site\/wp-content\/uploads\/Template-newslette-centro-qualifica-1.jpg\",\"datePublished\":\"2020-06-29T17:40:24+00:00\",\"dateModified\":\"2026-03-18T17:29:26+00:00\",\"description\":\"Centro Qualifica ZONAVERDE: Agarre a oportunidade de concluir o 9.\u00ba ou o 12.\u00ba ano e de obter certifica\u00e7\u00e3o profissional. Conhe\u00e7a a nossa oferta formativa.\",\"breadcrumb\":{\"@id\":\"https:\/\/zonaverde.pt\/site\/lp\/centro-qualifica-zonaverde\/#breadcrumb\"},\"inLanguage\":\"pt-PT\",\"potentialAction\":[{\"@type\":\"ReadAction\",\"target\":[\"https:\/\/zonaverde.pt\/site\/lp\/centro-qualifica-zonaverde\/\"]}]},{\"@type\":\"ImageObject\",\"inLanguage\":\"pt-PT\",\"@id\":\"https:\/\/zonaverde.pt\/site\/lp\/centro-qualifica-zonaverde\/#primaryimage\",\"url\":\"https:\/\/zonaverde.pt\/site\/wp-content\/uploads\/Template-newslette-centro-qualifica-1.jpg\",\"contentUrl\":\"https:\/\/zonaverde.pt\/site\/wp-content\/uploads\/Template-newslette-centro-qualifica-1.jpg\",\"width\":900,\"height\":526,\"caption\":\"J\u00e1 somos um Centro Qualifica!\"},{\"@type\":\"BreadcrumbList\",\"@id\":\"https:\/\/zonaverde.pt\/site\/lp\/centro-qualifica-zonaverde\/#breadcrumb\",\"itemListElement\":[{\"@type\":\"ListItem\",\"position\":1,\"name\":\"In\u00edcio\",\"item\":\"https:\/\/zonaverde.pt\/site\/\"},{\"@type\":\"ListItem\",\"position\":2,\"name\":\"LP\",\"item\":\"https:\/\/zonaverde.pt\/site\/lp\/\"},{\"@type\":\"ListItem\",\"position\":3,\"name\":\"Centro Qualifica ZONAVERDE | Forma\u00e7\u00e3o para adultos\"}]},{\"@type\":\"WebSite\",\"@id\":\"https:\/\/zonaverde.pt\/site\/#website\",\"url\":\"https:\/\/zonaverde.pt\/site\/\",\"name\":\"ZONAVERDE | Forma\u00e7\u00e3o e Consultoria\",\"description\":\"ZONAVERDE empresa de Forma\u00e7\u00e3o para particulares e \u00e0 medida para empresas (Presencial e e-Learning) e Consultoria no apoio \u00e0s PME&#039;s.\",\"publisher\":{\"@id\":\"https:\/\/zonaverde.pt\/site\/#organization\"},\"potentialAction\":[{\"@type\":\"SearchAction\",\"target\":{\"@type\":\"EntryPoint\",\"urlTemplate\":\"https:\/\/zonaverde.pt\/site\/?s={search_term_string}\"},\"query-input\":{\"@type\":\"PropertyValueSpecification\",\"valueRequired\":true,\"valueName\":\"search_term_string\"}}],\"inLanguage\":\"pt-PT\"},{\"@type\":\"Organization\",\"@id\":\"https:\/\/zonaverde.pt\/site\/#organization\",\"name\":\"ZONAVERDE | Forma\u00e7\u00e3o e Consultoria\",\"url\":\"https:\/\/zonaverde.pt\/site\/\",\"logo\":{\"@type\":\"ImageObject\",\"inLanguage\":\"pt-PT\",\"@id\":\"https:\/\/zonaverde.pt\/site\/#\/schema\/logo\/image\/\",\"url\":\"https:\/\/zonaverde.pt\/site\/wp-content\/uploads\/2019\/04\/logotipo-zonaverde.png\",\"contentUrl\":\"https:\/\/zonaverde.pt\/site\/wp-content\/uploads\/2019\/04\/logotipo-zonaverde.png\",\"width\":165,\"height\":55,\"caption\":\"ZONAVERDE | Forma\u00e7\u00e3o e Consultoria\"},\"image\":{\"@id\":\"https:\/\/zonaverde.pt\/site\/#\/schema\/logo\/image\/\"},\"sameAs\":[\"https:\/\/www.facebook.com\/zonaverdept\/\",\"https:\/\/www.instagram.com\/zonaverdept\/\",\"https:\/\/linkedin.com\/company\/zonaverdept\",\"https:\/\/www.youtube.com\/user\/ZonaVerdeCEA\"]}]}<\/script>\n<!-- \/ Yoast SEO Premium plugin. -->","yoast_head_json":{"title":"Centro Qualifica ZONAVERDE | Forma\u00e7\u00e3o e educa\u00e7\u00e3o para adultos","description":"Centro Qualifica ZONAVERDE: Agarre a oportunidade de concluir o 9.\u00ba ou o 12.\u00ba ano e de obter certifica\u00e7\u00e3o profissional. Conhe\u00e7a a nossa oferta formativa.","robots":{"index":"index","follow":"follow","max-snippet":"max-snippet:-1","max-image-preview":"max-image-preview:large","max-video-preview":"max-video-preview:-1"},"canonical":"https:\/\/zonaverde.pt\/site\/lp\/centro-qualifica-zonaverde\/","og_locale":"pt_PT","og_type":"article","og_title":"Centro Qualifica ZONAVERDE | Forma\u00e7\u00e3o para adultos","og_description":"Centro Qualifica ZONAVERDE: Agarre a oportunidade de concluir o 9.\u00ba ou o 12.\u00ba ano e de obter certifica\u00e7\u00e3o profissional. Conhe\u00e7a a nossa oferta formativa.","og_url":"https:\/\/zonaverde.pt\/site\/lp\/centro-qualifica-zonaverde\/","og_site_name":"ZONAVERDE | Forma\u00e7\u00e3o e Consultoria","article_publisher":"https:\/\/www.facebook.com\/zonaverdept\/","article_modified_time":"2026-03-18T17:29:26+00:00","og_image":[{"width":900,"height":526,"url":"https:\/\/zonaverde.pt\/site\/wp-content\/uploads\/Template-newslette-centro-qualifica-1.jpg","type":"image\/jpeg"}],"twitter_card":"summary_large_image","schema":{"@context":"https:\/\/schema.org","@graph":[{"@type":"WebPage","@id":"https:\/\/zonaverde.pt\/site\/lp\/centro-qualifica-zonaverde\/","url":"https:\/\/zonaverde.pt\/site\/lp\/centro-qualifica-zonaverde\/","name":"Centro Qualifica ZONAVERDE | Forma\u00e7\u00e3o e educa\u00e7\u00e3o para adultos","isPartOf":{"@id":"https:\/\/zonaverde.pt\/site\/#website"},"primaryImageOfPage":{"@id":"https:\/\/zonaverde.pt\/site\/lp\/centro-qualifica-zonaverde\/#primaryimage"},"image":{"@id":"https:\/\/zonaverde.pt\/site\/lp\/centro-qualifica-zonaverde\/#primaryimage"},"thumbnailUrl":"https:\/\/zonaverde.pt\/site\/wp-content\/uploads\/Template-newslette-centro-qualifica-1.jpg","datePublished":"2020-06-29T17:40:24+00:00","dateModified":"2026-03-18T17:29:26+00:00","description":"Centro Qualifica ZONAVERDE: Agarre a oportunidade de concluir o 9.\u00ba ou o 12.\u00ba ano e de obter certifica\u00e7\u00e3o profissional. Conhe\u00e7a a nossa oferta formativa.","breadcrumb":{"@id":"https:\/\/zonaverde.pt\/site\/lp\/centro-qualifica-zonaverde\/#breadcrumb"},"inLanguage":"pt-PT","potentialAction":[{"@type":"ReadAction","target":["https:\/\/zonaverde.pt\/site\/lp\/centro-qualifica-zonaverde\/"]}]},{"@type":"ImageObject","inLanguage":"pt-PT","@id":"https:\/\/zonaverde.pt\/site\/lp\/centro-qualifica-zonaverde\/#primaryimage","url":"https:\/\/zonaverde.pt\/site\/wp-content\/uploads\/Template-newslette-centro-qualifica-1.jpg","contentUrl":"https:\/\/zonaverde.pt\/site\/wp-content\/uploads\/Template-newslette-centro-qualifica-1.jpg","width":900,"height":526,"caption":"J\u00e1 somos um Centro Qualifica!"},{"@type":"BreadcrumbList","@id":"https:\/\/zonaverde.pt\/site\/lp\/centro-qualifica-zonaverde\/#breadcrumb","itemListElement":[{"@type":"ListItem","position":1,"name":"In\u00edcio","item":"https:\/\/zonaverde.pt\/site\/"},{"@type":"ListItem","position":2,"name":"LP","item":"https:\/\/zonaverde.pt\/site\/lp\/"},{"@type":"ListItem","position":3,"name":"Centro Qualifica ZONAVERDE | Forma\u00e7\u00e3o para adultos"}]},{"@type":"WebSite","@id":"https:\/\/zonaverde.pt\/site\/#website","url":"https:\/\/zonaverde.pt\/site\/","name":"ZONAVERDE | Forma\u00e7\u00e3o e Consultoria","description":"ZONAVERDE empresa de Forma\u00e7\u00e3o para particulares e \u00e0 medida para empresas (Presencial e e-Learning) e Consultoria no apoio \u00e0s PME&#039;s.","publisher":{"@id":"https:\/\/zonaverde.pt\/site\/#organization"},"potentialAction":[{"@type":"SearchAction","target":{"@type":"EntryPoint","urlTemplate":"https:\/\/zonaverde.pt\/site\/?s={search_term_string}"},"query-input":{"@type":"PropertyValueSpecification","valueRequired":true,"valueName":"search_term_string"}}],"inLanguage":"pt-PT"},{"@type":"Organization","@id":"https:\/\/zonaverde.pt\/site\/#organization","name":"ZONAVERDE | Forma\u00e7\u00e3o e Consultoria","url":"https:\/\/zonaverde.pt\/site\/","logo":{"@type":"ImageObject","inLanguage":"pt-PT","@id":"https:\/\/zonaverde.pt\/site\/#\/schema\/logo\/image\/","url":"https:\/\/zonaverde.pt\/site\/wp-content\/uploads\/2019\/04\/logotipo-zonaverde.png","contentUrl":"https:\/\/zonaverde.pt\/site\/wp-content\/uploads\/2019\/04\/logotipo-zonaverde.png","width":165,"height":55,"caption":"ZONAVERDE | Forma\u00e7\u00e3o e Consultoria"},"image":{"@id":"https:\/\/zonaverde.pt\/site\/#\/schema\/logo\/image\/"},"sameAs":["https:\/\/www.facebook.com\/zonaverdept\/","https:\/\/www.instagram.com\/zonaverdept\/","https:\/\/linkedin.com\/company\/zonaverdept","https:\/\/www.youtube.com\/user\/ZonaVerdeCEA"]}]}},"_links":{"self":[{"href":"https:\/\/zonaverde.pt\/site\/wp-json\/wp\/v2\/pages\/14769","targetHints":{"allow":["GET"]}}],"collection":[{"href":"https:\/\/zonaverde.pt\/site\/wp-json\/wp\/v2\/pages"}],"about":[{"href":"https:\/\/zonaverde.pt\/site\/wp-json\/wp\/v2\/types\/page"}],"author":[{"embeddable":true,"href":"https:\/\/zonaverde.pt\/site\/wp-json\/wp\/v2\/users\/17"}],"replies":[{"embeddable":true,"href":"https:\/\/zonaverde.pt\/site\/wp-json\/wp\/v2\/comments?post=14769"}],"version-history":[{"count":11,"href":"https:\/\/zonaverde.pt\/site\/wp-json\/wp\/v2\/pages\/14769\/revisions"}],"predecessor-version":[{"id":70540,"href":"https:\/\/zonaverde.pt\/site\/wp-json\/wp\/v2\/pages\/14769\/revisions\/70540"}],"up":[{"embeddable":true,"href":"https:\/\/zonaverde.pt\/site\/wp-json\/wp\/v2\/pages\/12681"}],"wp:featuredmedia":[{"embeddable":true,"href":"https:\/\/zonaverde.pt\/site\/wp-json\/wp\/v2\/media\/14774"}],"wp:attachment":[{"href":"https:\/\/zonaverde.pt\/site\/wp-json\/wp\/v2\/media?parent=14769"}],"curies":[{"name":"wp","href":"https:\/\/api.w.org\/{rel}","templated":true}]}}