{"id":3442,"date":"2019-06-11T10:52:01","date_gmt":"2019-06-11T10:52:01","guid":{"rendered":"https:\/\/zonaverde.pt\/?page_id=3442"},"modified":"2020-07-31T13:53:58","modified_gmt":"2020-07-31T13:53:58","slug":"dossier-institucional-zonaverde-flipbook","status":"publish","type":"page","link":"https:\/\/zonaverde.pt\/site\/dossier-institucional-zonaverde-flipbook\/","title":{"rendered":"Dossier Institucional [Flipbook]"},"content":{"rendered":"","protected":false},"excerpt":{"rendered":"","protected":false},"author":1,"featured_media":0,"parent":0,"menu_order":132,"comment_status":"closed","ping_status":"closed","template":"","meta":{"_acf_changed":false,"footnotes":""},"class_list":["post-3442","page","type-page","status-publish","hentry","prodpage-classic"],"acf":[],"yoast_head":"<!-- This site is optimized with the Yoast SEO Premium plugin v27.0 (Yoast SEO v27.0) - https:\/\/yoast.com\/product\/yoast-seo-premium-wordpress\/ -->\n<title>Dossier Institucional - ZONAVERDE | Forma\u00e7\u00e3o e Consultoria<\/title>\n<meta name=\"description\" content=\"O Dossier institucional ZONAVERDE reflete os 24 anos de experi\u00eancia da nossa empresa em forma\u00e7\u00e3o e consultoria \u00e0 medida para pessoas e empresas.\" \/>\n<meta name=\"robots\" content=\"index, follow, max-snippet:-1, max-image-preview:large, max-video-preview:-1\" \/>\n<link rel=\"canonical\" href=\"https:\/\/zonaverde.pt\/site\/dossier-institucional-zonaverde-flipbook\/\" \/>\n<meta property=\"og:locale\" content=\"pt_PT\" \/>\n<meta property=\"og:type\" content=\"article\" \/>\n<meta property=\"og:title\" content=\"Dossier Institucional [Flipbook]\" \/>\n<meta property=\"og:description\" content=\"O Dossier institucional ZONAVERDE reflete os 24 anos de experi\u00eancia da nossa empresa em forma\u00e7\u00e3o e consultoria \u00e0 medida para pessoas e empresas.\" \/>\n<meta property=\"og:url\" content=\"https:\/\/zonaverde.pt\/site\/dossier-institucional-zonaverde-flipbook\/\" \/>\n<meta property=\"og:site_name\" content=\"ZONAVERDE | Forma\u00e7\u00e3o e Consultoria\" \/>\n<meta property=\"article:publisher\" content=\"https:\/\/www.facebook.com\/zonaverdept\/\" \/>\n<meta property=\"article:modified_time\" content=\"2020-07-31T13:53:58+00:00\" \/>\n<meta name=\"twitter:card\" content=\"summary_large_image\" \/>\n<script type=\"application\/ld+json\" class=\"yoast-schema-graph\">{\"@context\":\"https:\/\/schema.org\",\"@graph\":[{\"@type\":\"WebPage\",\"@id\":\"https:\/\/zonaverde.pt\/site\/dossier-institucional-zonaverde-flipbook\/\",\"url\":\"https:\/\/zonaverde.pt\/site\/dossier-institucional-zonaverde-flipbook\/\",\"name\":\"Dossier Institucional - ZONAVERDE | Forma\u00e7\u00e3o e Consultoria\",\"isPartOf\":{\"@id\":\"https:\/\/zonaverde.pt\/site\/#website\"},\"datePublished\":\"2019-06-11T10:52:01+00:00\",\"dateModified\":\"2020-07-31T13:53:58+00:00\",\"description\":\"O Dossier institucional ZONAVERDE reflete os 24 anos de experi\u00eancia da nossa empresa em forma\u00e7\u00e3o e consultoria \u00e0 medida para pessoas e empresas.\",\"breadcrumb\":{\"@id\":\"https:\/\/zonaverde.pt\/site\/dossier-institucional-zonaverde-flipbook\/#breadcrumb\"},\"inLanguage\":\"pt-PT\",\"potentialAction\":[{\"@type\":\"ReadAction\",\"target\":[\"https:\/\/zonaverde.pt\/site\/dossier-institucional-zonaverde-flipbook\/\"]}]},{\"@type\":\"BreadcrumbList\",\"@id\":\"https:\/\/zonaverde.pt\/site\/dossier-institucional-zonaverde-flipbook\/#breadcrumb\",\"itemListElement\":[{\"@type\":\"ListItem\",\"position\":1,\"name\":\"In\u00edcio\",\"item\":\"https:\/\/zonaverde.pt\/site\/\"},{\"@type\":\"ListItem\",\"position\":2,\"name\":\"Dossier Institucional [Flipbook]\"}]},{\"@type\":\"WebSite\",\"@id\":\"https:\/\/zonaverde.pt\/site\/#website\",\"url\":\"https:\/\/zonaverde.pt\/site\/\",\"name\":\"ZONAVERDE | Forma\u00e7\u00e3o e Consultoria\",\"description\":\"ZONAVERDE empresa de Forma\u00e7\u00e3o para particulares e \u00e0 medida para empresas (Presencial e e-Learning) e Consultoria no apoio \u00e0s PME&#039;s.\",\"publisher\":{\"@id\":\"https:\/\/zonaverde.pt\/site\/#organization\"},\"potentialAction\":[{\"@type\":\"SearchAction\",\"target\":{\"@type\":\"EntryPoint\",\"urlTemplate\":\"https:\/\/zonaverde.pt\/site\/?s={search_term_string}\"},\"query-input\":{\"@type\":\"PropertyValueSpecification\",\"valueRequired\":true,\"valueName\":\"search_term_string\"}}],\"inLanguage\":\"pt-PT\"},{\"@type\":\"Organization\",\"@id\":\"https:\/\/zonaverde.pt\/site\/#organization\",\"name\":\"ZONAVERDE | Forma\u00e7\u00e3o e Consultoria\",\"url\":\"https:\/\/zonaverde.pt\/site\/\",\"logo\":{\"@type\":\"ImageObject\",\"inLanguage\":\"pt-PT\",\"@id\":\"https:\/\/zonaverde.pt\/site\/#\/schema\/logo\/image\/\",\"url\":\"https:\/\/zonaverde.pt\/site\/wp-content\/uploads\/2019\/04\/logotipo-zonaverde.png\",\"contentUrl\":\"https:\/\/zonaverde.pt\/site\/wp-content\/uploads\/2019\/04\/logotipo-zonaverde.png\",\"width\":165,\"height\":55,\"caption\":\"ZONAVERDE | Forma\u00e7\u00e3o e Consultoria\"},\"image\":{\"@id\":\"https:\/\/zonaverde.pt\/site\/#\/schema\/logo\/image\/\"},\"sameAs\":[\"https:\/\/www.facebook.com\/zonaverdept\/\",\"https:\/\/www.instagram.com\/zonaverdept\/\",\"https:\/\/linkedin.com\/company\/zonaverdept\",\"https:\/\/www.youtube.com\/user\/ZonaVerdeCEA\"]}]}<\/script>\n<!-- \/ Yoast SEO Premium plugin. -->","yoast_head_json":{"title":"Dossier Institucional - ZONAVERDE | Forma\u00e7\u00e3o e Consultoria","description":"O Dossier institucional ZONAVERDE reflete os 24 anos de experi\u00eancia da nossa empresa em forma\u00e7\u00e3o e consultoria \u00e0 medida para pessoas e empresas.","robots":{"index":"index","follow":"follow","max-snippet":"max-snippet:-1","max-image-preview":"max-image-preview:large","max-video-preview":"max-video-preview:-1"},"canonical":"https:\/\/zonaverde.pt\/site\/dossier-institucional-zonaverde-flipbook\/","og_locale":"pt_PT","og_type":"article","og_title":"Dossier Institucional [Flipbook]","og_description":"O Dossier institucional ZONAVERDE reflete os 24 anos de experi\u00eancia da nossa empresa em forma\u00e7\u00e3o e consultoria \u00e0 medida para pessoas e empresas.","og_url":"https:\/\/zonaverde.pt\/site\/dossier-institucional-zonaverde-flipbook\/","og_site_name":"ZONAVERDE | Forma\u00e7\u00e3o e Consultoria","article_publisher":"https:\/\/www.facebook.com\/zonaverdept\/","article_modified_time":"2020-07-31T13:53:58+00:00","twitter_card":"summary_large_image","schema":{"@context":"https:\/\/schema.org","@graph":[{"@type":"WebPage","@id":"https:\/\/zonaverde.pt\/site\/dossier-institucional-zonaverde-flipbook\/","url":"https:\/\/zonaverde.pt\/site\/dossier-institucional-zonaverde-flipbook\/","name":"Dossier Institucional - ZONAVERDE | Forma\u00e7\u00e3o e Consultoria","isPartOf":{"@id":"https:\/\/zonaverde.pt\/site\/#website"},"datePublished":"2019-06-11T10:52:01+00:00","dateModified":"2020-07-31T13:53:58+00:00","description":"O Dossier institucional ZONAVERDE reflete os 24 anos de experi\u00eancia da nossa empresa em forma\u00e7\u00e3o e consultoria \u00e0 medida para pessoas e empresas.","breadcrumb":{"@id":"https:\/\/zonaverde.pt\/site\/dossier-institucional-zonaverde-flipbook\/#breadcrumb"},"inLanguage":"pt-PT","potentialAction":[{"@type":"ReadAction","target":["https:\/\/zonaverde.pt\/site\/dossier-institucional-zonaverde-flipbook\/"]}]},{"@type":"BreadcrumbList","@id":"https:\/\/zonaverde.pt\/site\/dossier-institucional-zonaverde-flipbook\/#breadcrumb","itemListElement":[{"@type":"ListItem","position":1,"name":"In\u00edcio","item":"https:\/\/zonaverde.pt\/site\/"},{"@type":"ListItem","position":2,"name":"Dossier Institucional [Flipbook]"}]},{"@type":"WebSite","@id":"https:\/\/zonaverde.pt\/site\/#website","url":"https:\/\/zonaverde.pt\/site\/","name":"ZONAVERDE | Forma\u00e7\u00e3o e Consultoria","description":"ZONAVERDE empresa de Forma\u00e7\u00e3o para particulares e \u00e0 medida para empresas (Presencial e e-Learning) e Consultoria no apoio \u00e0s PME&#039;s.","publisher":{"@id":"https:\/\/zonaverde.pt\/site\/#organization"},"potentialAction":[{"@type":"SearchAction","target":{"@type":"EntryPoint","urlTemplate":"https:\/\/zonaverde.pt\/site\/?s={search_term_string}"},"query-input":{"@type":"PropertyValueSpecification","valueRequired":true,"valueName":"search_term_string"}}],"inLanguage":"pt-PT"},{"@type":"Organization","@id":"https:\/\/zonaverde.pt\/site\/#organization","name":"ZONAVERDE | Forma\u00e7\u00e3o e Consultoria","url":"https:\/\/zonaverde.pt\/site\/","logo":{"@type":"ImageObject","inLanguage":"pt-PT","@id":"https:\/\/zonaverde.pt\/site\/#\/schema\/logo\/image\/","url":"https:\/\/zonaverde.pt\/site\/wp-content\/uploads\/2019\/04\/logotipo-zonaverde.png","contentUrl":"https:\/\/zonaverde.pt\/site\/wp-content\/uploads\/2019\/04\/logotipo-zonaverde.png","width":165,"height":55,"caption":"ZONAVERDE | Forma\u00e7\u00e3o e Consultoria"},"image":{"@id":"https:\/\/zonaverde.pt\/site\/#\/schema\/logo\/image\/"},"sameAs":["https:\/\/www.facebook.com\/zonaverdept\/","https:\/\/www.instagram.com\/zonaverdept\/","https:\/\/linkedin.com\/company\/zonaverdept","https:\/\/www.youtube.com\/user\/ZonaVerdeCEA"]}]}},"_links":{"self":[{"href":"https:\/\/zonaverde.pt\/site\/wp-json\/wp\/v2\/pages\/3442","targetHints":{"allow":["GET"]}}],"collection":[{"href":"https:\/\/zonaverde.pt\/site\/wp-json\/wp\/v2\/pages"}],"about":[{"href":"https:\/\/zonaverde.pt\/site\/wp-json\/wp\/v2\/types\/page"}],"author":[{"embeddable":true,"href":"https:\/\/zonaverde.pt\/site\/wp-json\/wp\/v2\/users\/1"}],"replies":[{"embeddable":true,"href":"https:\/\/zonaverde.pt\/site\/wp-json\/wp\/v2\/comments?post=3442"}],"version-history":[{"count":5,"href":"https:\/\/zonaverde.pt\/site\/wp-json\/wp\/v2\/pages\/3442\/revisions"}],"predecessor-version":[{"id":15240,"href":"https:\/\/zonaverde.pt\/site\/wp-json\/wp\/v2\/pages\/3442\/revisions\/15240"}],"wp:attachment":[{"href":"https:\/\/zonaverde.pt\/site\/wp-json\/wp\/v2\/media?parent=3442"}],"curies":[{"name":"wp","href":"https:\/\/api.w.org\/{rel}","templated":true}]}}