{"id":3455,"date":"2019-06-11T20:46:10","date_gmt":"2019-06-11T20:46:10","guid":{"rendered":"https:\/\/zonaverde.pt\/?page_id=3455"},"modified":"2024-05-23T15:38:54","modified_gmt":"2024-05-23T14:38:54","slug":"formacao-para-empresas","status":"publish","type":"page","link":"https:\/\/zonaverde.pt\/site\/formacao-para-empresas\/","title":{"rendered":"Forma\u00e7\u00e3o para Empresas"},"content":{"rendered":"","protected":false},"excerpt":{"rendered":"","protected":false},"author":1,"featured_media":5444,"parent":0,"menu_order":112,"comment_status":"closed","ping_status":"closed","template":"","meta":{"_acf_changed":false,"footnotes":""},"class_list":["post-3455","page","type-page","status-publish","has-post-thumbnail","hentry","prodpage-classic"],"acf":[],"yoast_head":"<!-- This site is optimized with the Yoast SEO Premium plugin v27.0 (Yoast SEO v27.0) - https:\/\/yoast.com\/product\/yoast-seo-premium-wordpress\/ -->\n<title>Forma\u00e7\u00e3o para Empresas | ZONAVERDE - Forma\u00e7\u00e3o e Consultoria<\/title>\n<meta name=\"description\" content=\"As propostas de forma\u00e7\u00e3o para empresas da ZONAVERDE s\u00e3o planeadas de acordo com as necessidades identificadas. Consulte-nos para forma\u00e7\u00e3o \u00e0 medida.\" \/>\n<meta name=\"robots\" content=\"index, follow, max-snippet:-1, max-image-preview:large, max-video-preview:-1\" \/>\n<link rel=\"canonical\" href=\"https:\/\/zonaverde.pt\/site\/formacao-para-empresas\/\" \/>\n<meta property=\"og:locale\" content=\"pt_PT\" \/>\n<meta property=\"og:type\" content=\"article\" \/>\n<meta property=\"og:title\" content=\"Forma\u00e7\u00e3o para Empresas | ZONAVERDE - Forma\u00e7\u00e3o e Consultoria\" \/>\n<meta property=\"og:description\" content=\"As propostas de forma\u00e7\u00e3o para empresas da ZONAVERDE s\u00e3o planeadas de acordo com as necessidades identificadas. Consulte-nos para forma\u00e7\u00e3o \u00e0 medida.\" \/>\n<meta property=\"og:url\" content=\"https:\/\/zonaverde.pt\/site\/formacao-para-empresas\/\" \/>\n<meta property=\"og:site_name\" content=\"ZONAVERDE | Forma\u00e7\u00e3o e Consultoria\" \/>\n<meta property=\"article:publisher\" content=\"https:\/\/www.facebook.com\/zonaverdept\/\" \/>\n<meta property=\"article:modified_time\" content=\"2024-05-23T14:38:54+00:00\" \/>\n<meta property=\"og:image\" content=\"https:\/\/zonaverde.pt\/site\/wp-content\/uploads\/2019\/09\/Formac\u0327a\u0303o-Empresas-banner.jpg\" \/>\n\t<meta property=\"og:image:width\" content=\"1920\" \/>\n\t<meta property=\"og:image:height\" content=\"1248\" \/>\n\t<meta property=\"og:image:type\" content=\"image\/jpeg\" \/>\n<meta name=\"twitter:card\" content=\"summary_large_image\" \/>\n<meta name=\"twitter:title\" content=\"Forma\u00e7\u00e3o para Empresas | ZONAVERDE - Forma\u00e7\u00e3o e Consultoria\" \/>\n<meta name=\"twitter:description\" content=\"As propostas de forma\u00e7\u00e3o para empresas da ZONAVERDE s\u00e3o planeadas de acordo com as necessidades identificadas. Consulte-nos para forma\u00e7\u00e3o \u00e0 medida.\" \/>\n<script type=\"application\/ld+json\" class=\"yoast-schema-graph\">{\"@context\":\"https:\/\/schema.org\",\"@graph\":[{\"@type\":\"WebPage\",\"@id\":\"https:\/\/zonaverde.pt\/site\/formacao-para-empresas\/\",\"url\":\"https:\/\/zonaverde.pt\/site\/formacao-para-empresas\/\",\"name\":\"Forma\u00e7\u00e3o para Empresas | ZONAVERDE - Forma\u00e7\u00e3o e Consultoria\",\"isPartOf\":{\"@id\":\"https:\/\/zonaverde.pt\/site\/#website\"},\"primaryImageOfPage\":{\"@id\":\"https:\/\/zonaverde.pt\/site\/formacao-para-empresas\/#primaryimage\"},\"image\":{\"@id\":\"https:\/\/zonaverde.pt\/site\/formacao-para-empresas\/#primaryimage\"},\"thumbnailUrl\":\"https:\/\/zonaverde.pt\/site\/wp-content\/uploads\/2019\/09\/Formac\u0327a\u0303o-Empresas-banner.jpg\",\"datePublished\":\"2019-06-11T20:46:10+00:00\",\"dateModified\":\"2024-05-23T14:38:54+00:00\",\"description\":\"As propostas de forma\u00e7\u00e3o para empresas da ZONAVERDE s\u00e3o planeadas de acordo com as necessidades identificadas. Consulte-nos para forma\u00e7\u00e3o \u00e0 medida.\",\"breadcrumb\":{\"@id\":\"https:\/\/zonaverde.pt\/site\/formacao-para-empresas\/#breadcrumb\"},\"inLanguage\":\"pt-PT\",\"potentialAction\":[{\"@type\":\"ReadAction\",\"target\":[\"https:\/\/zonaverde.pt\/site\/formacao-para-empresas\/\"]}]},{\"@type\":\"ImageObject\",\"inLanguage\":\"pt-PT\",\"@id\":\"https:\/\/zonaverde.pt\/site\/formacao-para-empresas\/#primaryimage\",\"url\":\"https:\/\/zonaverde.pt\/site\/wp-content\/uploads\/2019\/09\/Formac\u0327a\u0303o-Empresas-banner.jpg\",\"contentUrl\":\"https:\/\/zonaverde.pt\/site\/wp-content\/uploads\/2019\/09\/Formac\u0327a\u0303o-Empresas-banner.jpg\",\"width\":1920,\"height\":1248,\"caption\":\"Solu\u00e7\u00f5es \u00e0 medida da sua empresa.\"},{\"@type\":\"BreadcrumbList\",\"@id\":\"https:\/\/zonaverde.pt\/site\/formacao-para-empresas\/#breadcrumb\",\"itemListElement\":[{\"@type\":\"ListItem\",\"position\":1,\"name\":\"In\u00edcio\",\"item\":\"https:\/\/zonaverde.pt\/site\/\"},{\"@type\":\"ListItem\",\"position\":2,\"name\":\"Forma\u00e7\u00e3o para Empresas\"}]},{\"@type\":\"WebSite\",\"@id\":\"https:\/\/zonaverde.pt\/site\/#website\",\"url\":\"https:\/\/zonaverde.pt\/site\/\",\"name\":\"ZONAVERDE | Forma\u00e7\u00e3o e Consultoria\",\"description\":\"ZONAVERDE empresa de Forma\u00e7\u00e3o para particulares e \u00e0 medida para empresas (Presencial e e-Learning) e Consultoria no apoio \u00e0s PME&#039;s.\",\"publisher\":{\"@id\":\"https:\/\/zonaverde.pt\/site\/#organization\"},\"potentialAction\":[{\"@type\":\"SearchAction\",\"target\":{\"@type\":\"EntryPoint\",\"urlTemplate\":\"https:\/\/zonaverde.pt\/site\/?s={search_term_string}\"},\"query-input\":{\"@type\":\"PropertyValueSpecification\",\"valueRequired\":true,\"valueName\":\"search_term_string\"}}],\"inLanguage\":\"pt-PT\"},{\"@type\":\"Organization\",\"@id\":\"https:\/\/zonaverde.pt\/site\/#organization\",\"name\":\"ZONAVERDE | Forma\u00e7\u00e3o e Consultoria\",\"url\":\"https:\/\/zonaverde.pt\/site\/\",\"logo\":{\"@type\":\"ImageObject\",\"inLanguage\":\"pt-PT\",\"@id\":\"https:\/\/zonaverde.pt\/site\/#\/schema\/logo\/image\/\",\"url\":\"https:\/\/zonaverde.pt\/site\/wp-content\/uploads\/2019\/04\/logotipo-zonaverde.png\",\"contentUrl\":\"https:\/\/zonaverde.pt\/site\/wp-content\/uploads\/2019\/04\/logotipo-zonaverde.png\",\"width\":165,\"height\":55,\"caption\":\"ZONAVERDE | Forma\u00e7\u00e3o e Consultoria\"},\"image\":{\"@id\":\"https:\/\/zonaverde.pt\/site\/#\/schema\/logo\/image\/\"},\"sameAs\":[\"https:\/\/www.facebook.com\/zonaverdept\/\",\"https:\/\/www.instagram.com\/zonaverdept\/\",\"https:\/\/linkedin.com\/company\/zonaverdept\",\"https:\/\/www.youtube.com\/user\/ZonaVerdeCEA\"]}]}<\/script>\n<!-- \/ Yoast SEO Premium plugin. -->","yoast_head_json":{"title":"Forma\u00e7\u00e3o para Empresas | ZONAVERDE - Forma\u00e7\u00e3o e Consultoria","description":"As propostas de forma\u00e7\u00e3o para empresas da ZONAVERDE s\u00e3o planeadas de acordo com as necessidades identificadas. Consulte-nos para forma\u00e7\u00e3o \u00e0 medida.","robots":{"index":"index","follow":"follow","max-snippet":"max-snippet:-1","max-image-preview":"max-image-preview:large","max-video-preview":"max-video-preview:-1"},"canonical":"https:\/\/zonaverde.pt\/site\/formacao-para-empresas\/","og_locale":"pt_PT","og_type":"article","og_title":"Forma\u00e7\u00e3o para Empresas | ZONAVERDE - Forma\u00e7\u00e3o e Consultoria","og_description":"As propostas de forma\u00e7\u00e3o para empresas da ZONAVERDE s\u00e3o planeadas de acordo com as necessidades identificadas. Consulte-nos para forma\u00e7\u00e3o \u00e0 medida.","og_url":"https:\/\/zonaverde.pt\/site\/formacao-para-empresas\/","og_site_name":"ZONAVERDE | Forma\u00e7\u00e3o e Consultoria","article_publisher":"https:\/\/www.facebook.com\/zonaverdept\/","article_modified_time":"2024-05-23T14:38:54+00:00","og_image":[{"width":1920,"height":1248,"url":"https:\/\/zonaverde.pt\/site\/wp-content\/uploads\/2019\/09\/Formac\u0327a\u0303o-Empresas-banner.jpg","type":"image\/jpeg"}],"twitter_card":"summary_large_image","twitter_title":"Forma\u00e7\u00e3o para Empresas | ZONAVERDE - Forma\u00e7\u00e3o e Consultoria","twitter_description":"As propostas de forma\u00e7\u00e3o para empresas da ZONAVERDE s\u00e3o planeadas de acordo com as necessidades identificadas. Consulte-nos para forma\u00e7\u00e3o \u00e0 medida.","schema":{"@context":"https:\/\/schema.org","@graph":[{"@type":"WebPage","@id":"https:\/\/zonaverde.pt\/site\/formacao-para-empresas\/","url":"https:\/\/zonaverde.pt\/site\/formacao-para-empresas\/","name":"Forma\u00e7\u00e3o para Empresas | ZONAVERDE - Forma\u00e7\u00e3o e Consultoria","isPartOf":{"@id":"https:\/\/zonaverde.pt\/site\/#website"},"primaryImageOfPage":{"@id":"https:\/\/zonaverde.pt\/site\/formacao-para-empresas\/#primaryimage"},"image":{"@id":"https:\/\/zonaverde.pt\/site\/formacao-para-empresas\/#primaryimage"},"thumbnailUrl":"https:\/\/zonaverde.pt\/site\/wp-content\/uploads\/2019\/09\/Formac\u0327a\u0303o-Empresas-banner.jpg","datePublished":"2019-06-11T20:46:10+00:00","dateModified":"2024-05-23T14:38:54+00:00","description":"As propostas de forma\u00e7\u00e3o para empresas da ZONAVERDE s\u00e3o planeadas de acordo com as necessidades identificadas. Consulte-nos para forma\u00e7\u00e3o \u00e0 medida.","breadcrumb":{"@id":"https:\/\/zonaverde.pt\/site\/formacao-para-empresas\/#breadcrumb"},"inLanguage":"pt-PT","potentialAction":[{"@type":"ReadAction","target":["https:\/\/zonaverde.pt\/site\/formacao-para-empresas\/"]}]},{"@type":"ImageObject","inLanguage":"pt-PT","@id":"https:\/\/zonaverde.pt\/site\/formacao-para-empresas\/#primaryimage","url":"https:\/\/zonaverde.pt\/site\/wp-content\/uploads\/2019\/09\/Formac\u0327a\u0303o-Empresas-banner.jpg","contentUrl":"https:\/\/zonaverde.pt\/site\/wp-content\/uploads\/2019\/09\/Formac\u0327a\u0303o-Empresas-banner.jpg","width":1920,"height":1248,"caption":"Solu\u00e7\u00f5es \u00e0 medida da sua empresa."},{"@type":"BreadcrumbList","@id":"https:\/\/zonaverde.pt\/site\/formacao-para-empresas\/#breadcrumb","itemListElement":[{"@type":"ListItem","position":1,"name":"In\u00edcio","item":"https:\/\/zonaverde.pt\/site\/"},{"@type":"ListItem","position":2,"name":"Forma\u00e7\u00e3o para Empresas"}]},{"@type":"WebSite","@id":"https:\/\/zonaverde.pt\/site\/#website","url":"https:\/\/zonaverde.pt\/site\/","name":"ZONAVERDE | Forma\u00e7\u00e3o e Consultoria","description":"ZONAVERDE empresa de Forma\u00e7\u00e3o para particulares e \u00e0 medida para empresas (Presencial e e-Learning) e Consultoria no apoio \u00e0s PME&#039;s.","publisher":{"@id":"https:\/\/zonaverde.pt\/site\/#organization"},"potentialAction":[{"@type":"SearchAction","target":{"@type":"EntryPoint","urlTemplate":"https:\/\/zonaverde.pt\/site\/?s={search_term_string}"},"query-input":{"@type":"PropertyValueSpecification","valueRequired":true,"valueName":"search_term_string"}}],"inLanguage":"pt-PT"},{"@type":"Organization","@id":"https:\/\/zonaverde.pt\/site\/#organization","name":"ZONAVERDE | Forma\u00e7\u00e3o e Consultoria","url":"https:\/\/zonaverde.pt\/site\/","logo":{"@type":"ImageObject","inLanguage":"pt-PT","@id":"https:\/\/zonaverde.pt\/site\/#\/schema\/logo\/image\/","url":"https:\/\/zonaverde.pt\/site\/wp-content\/uploads\/2019\/04\/logotipo-zonaverde.png","contentUrl":"https:\/\/zonaverde.pt\/site\/wp-content\/uploads\/2019\/04\/logotipo-zonaverde.png","width":165,"height":55,"caption":"ZONAVERDE | Forma\u00e7\u00e3o e Consultoria"},"image":{"@id":"https:\/\/zonaverde.pt\/site\/#\/schema\/logo\/image\/"},"sameAs":["https:\/\/www.facebook.com\/zonaverdept\/","https:\/\/www.instagram.com\/zonaverdept\/","https:\/\/linkedin.com\/company\/zonaverdept","https:\/\/www.youtube.com\/user\/ZonaVerdeCEA"]}]}},"_links":{"self":[{"href":"https:\/\/zonaverde.pt\/site\/wp-json\/wp\/v2\/pages\/3455","targetHints":{"allow":["GET"]}}],"collection":[{"href":"https:\/\/zonaverde.pt\/site\/wp-json\/wp\/v2\/pages"}],"about":[{"href":"https:\/\/zonaverde.pt\/site\/wp-json\/wp\/v2\/types\/page"}],"author":[{"embeddable":true,"href":"https:\/\/zonaverde.pt\/site\/wp-json\/wp\/v2\/users\/1"}],"replies":[{"embeddable":true,"href":"https:\/\/zonaverde.pt\/site\/wp-json\/wp\/v2\/comments?post=3455"}],"version-history":[{"count":10,"href":"https:\/\/zonaverde.pt\/site\/wp-json\/wp\/v2\/pages\/3455\/revisions"}],"predecessor-version":[{"id":63797,"href":"https:\/\/zonaverde.pt\/site\/wp-json\/wp\/v2\/pages\/3455\/revisions\/63797"}],"wp:featuredmedia":[{"embeddable":true,"href":"https:\/\/zonaverde.pt\/site\/wp-json\/wp\/v2\/media\/5444"}],"wp:attachment":[{"href":"https:\/\/zonaverde.pt\/site\/wp-json\/wp\/v2\/media?parent=3455"}],"curies":[{"name":"wp","href":"https:\/\/api.w.org\/{rel}","templated":true}]}}