{"id":3514,"date":"2019-06-12T17:32:17","date_gmt":"2019-06-12T17:32:17","guid":{"rendered":"https:\/\/zonaverde.pt\/?page_id=3514"},"modified":"2023-02-03T14:37:11","modified_gmt":"2023-02-03T14:37:11","slug":"informatica","status":"publish","type":"page","link":"https:\/\/zonaverde.pt\/site\/formacao-para-empresas\/informatica\/","title":{"rendered":"inform\u00e1tica"},"content":{"rendered":"","protected":false},"excerpt":{"rendered":"","protected":false},"author":1,"featured_media":3997,"parent":3455,"menu_order":120,"comment_status":"closed","ping_status":"closed","template":"","meta":{"_acf_changed":false,"footnotes":""},"class_list":["post-3514","page","type-page","status-publish","has-post-thumbnail","hentry","prodpage-classic"],"acf":[],"yoast_head":"<!-- This site is optimized with the Yoast SEO Premium plugin v27.0 (Yoast SEO v27.0) - https:\/\/yoast.com\/product\/yoast-seo-premium-wordpress\/ -->\n<title>Inform\u00e1tica - Forma\u00e7\u00e3o para Empresas | ZONAVERDE<\/title>\n<meta name=\"description\" content=\"As compet\u00eancias em inform\u00e1tica s\u00e3o fulcrais para a sustentabilidade das organiza\u00e7\u00f5es. A ZONAVERDE tem uma oferta formativa alargada na \u00e1rea da ind\u00fastria 4.0\" \/>\n<meta name=\"robots\" content=\"index, follow, max-snippet:-1, max-image-preview:large, max-video-preview:-1\" \/>\n<link rel=\"canonical\" href=\"https:\/\/zonaverde.pt\/site\/formacao-para-empresas\/informatica\/\" \/>\n<meta property=\"og:locale\" content=\"pt_PT\" \/>\n<meta property=\"og:type\" content=\"article\" \/>\n<meta property=\"og:title\" content=\"Inform\u00e1tica - Forma\u00e7\u00e3o para Empresas | ZONAVERDE\" \/>\n<meta property=\"og:description\" content=\"As compet\u00eancias em inform\u00e1tica s\u00e3o fulcrais para o desenvolvimento sustentado das organiza\u00e7\u00f5es. A ZONAVERDE tem uma oferta formativa alargada nesta \u00e1rea.\" \/>\n<meta property=\"og:url\" content=\"https:\/\/zonaverde.pt\/site\/formacao-para-empresas\/informatica\/\" \/>\n<meta property=\"og:site_name\" content=\"ZONAVERDE | Forma\u00e7\u00e3o e Consultoria\" \/>\n<meta property=\"article:publisher\" content=\"https:\/\/www.facebook.com\/zonaverdept\/\" \/>\n<meta property=\"article:modified_time\" content=\"2023-02-03T14:37:11+00:00\" \/>\n<meta property=\"og:image\" content=\"https:\/\/zonaverde.pt\/site\/wp-content\/uploads\/2019\/06\/formacao-empresas-informatica-zonaverde-1.png\" \/>\n\t<meta property=\"og:image:width\" content=\"555\" \/>\n\t<meta property=\"og:image:height\" content=\"362\" \/>\n\t<meta property=\"og:image:type\" content=\"image\/png\" \/>\n<meta name=\"twitter:card\" content=\"summary_large_image\" \/>\n<meta name=\"twitter:title\" content=\"Inform\u00e1tica - Forma\u00e7\u00e3o para Empresas | ZONAVERDE\" \/>\n<meta name=\"twitter:description\" content=\"As compet\u00eancias em inform\u00e1tica s\u00e3o fulcrais para o desenvolvimento sustentado das organiza\u00e7\u00f5es. A ZONAVERDE tem uma oferta formativa alargada nesta \u00e1rea.\" \/>\n<meta name=\"twitter:image\" content=\"https:\/\/zonaverde.pt\/site\/wp-content\/uploads\/2019\/06\/formacao-empresas-informatica-zonaverde-1.png\" \/>\n<script type=\"application\/ld+json\" class=\"yoast-schema-graph\">{\"@context\":\"https:\/\/schema.org\",\"@graph\":[{\"@type\":\"WebPage\",\"@id\":\"https:\/\/zonaverde.pt\/site\/formacao-para-empresas\/informatica\/\",\"url\":\"https:\/\/zonaverde.pt\/site\/formacao-para-empresas\/informatica\/\",\"name\":\"Inform\u00e1tica - Forma\u00e7\u00e3o para Empresas | ZONAVERDE\",\"isPartOf\":{\"@id\":\"https:\/\/zonaverde.pt\/site\/#website\"},\"primaryImageOfPage\":{\"@id\":\"https:\/\/zonaverde.pt\/site\/formacao-para-empresas\/informatica\/#primaryimage\"},\"image\":{\"@id\":\"https:\/\/zonaverde.pt\/site\/formacao-para-empresas\/informatica\/#primaryimage\"},\"thumbnailUrl\":\"https:\/\/zonaverde.pt\/site\/wp-content\/uploads\/2019\/06\/formacao-empresas-informatica-zonaverde-1.png\",\"datePublished\":\"2019-06-12T17:32:17+00:00\",\"dateModified\":\"2023-02-03T14:37:11+00:00\",\"description\":\"As compet\u00eancias em inform\u00e1tica s\u00e3o fulcrais para a sustentabilidade das organiza\u00e7\u00f5es. A ZONAVERDE tem uma oferta formativa alargada na \u00e1rea da ind\u00fastria 4.0\",\"breadcrumb\":{\"@id\":\"https:\/\/zonaverde.pt\/site\/formacao-para-empresas\/informatica\/#breadcrumb\"},\"inLanguage\":\"pt-PT\",\"potentialAction\":[{\"@type\":\"ReadAction\",\"target\":[\"https:\/\/zonaverde.pt\/site\/formacao-para-empresas\/informatica\/\"]}]},{\"@type\":\"ImageObject\",\"inLanguage\":\"pt-PT\",\"@id\":\"https:\/\/zonaverde.pt\/site\/formacao-para-empresas\/informatica\/#primaryimage\",\"url\":\"https:\/\/zonaverde.pt\/site\/wp-content\/uploads\/2019\/06\/formacao-empresas-informatica-zonaverde-1.png\",\"contentUrl\":\"https:\/\/zonaverde.pt\/site\/wp-content\/uploads\/2019\/06\/formacao-empresas-informatica-zonaverde-1.png\",\"width\":555,\"height\":362,\"caption\":\"As compet\u00eancias digitais s\u00e3o fulcrais para o desenvolvimento sustentado das organiza\u00e7\u00f5es.\"},{\"@type\":\"BreadcrumbList\",\"@id\":\"https:\/\/zonaverde.pt\/site\/formacao-para-empresas\/informatica\/#breadcrumb\",\"itemListElement\":[{\"@type\":\"ListItem\",\"position\":1,\"name\":\"In\u00edcio\",\"item\":\"https:\/\/zonaverde.pt\/site\/\"},{\"@type\":\"ListItem\",\"position\":2,\"name\":\"Forma\u00e7\u00e3o para Empresas\",\"item\":\"https:\/\/zonaverde.pt\/site\/formacao-para-empresas\/\"},{\"@type\":\"ListItem\",\"position\":3,\"name\":\"inform\u00e1tica\"}]},{\"@type\":\"WebSite\",\"@id\":\"https:\/\/zonaverde.pt\/site\/#website\",\"url\":\"https:\/\/zonaverde.pt\/site\/\",\"name\":\"ZONAVERDE | Forma\u00e7\u00e3o e Consultoria\",\"description\":\"ZONAVERDE empresa de Forma\u00e7\u00e3o para particulares e \u00e0 medida para empresas (Presencial e e-Learning) e Consultoria no apoio \u00e0s PME&#039;s.\",\"publisher\":{\"@id\":\"https:\/\/zonaverde.pt\/site\/#organization\"},\"potentialAction\":[{\"@type\":\"SearchAction\",\"target\":{\"@type\":\"EntryPoint\",\"urlTemplate\":\"https:\/\/zonaverde.pt\/site\/?s={search_term_string}\"},\"query-input\":{\"@type\":\"PropertyValueSpecification\",\"valueRequired\":true,\"valueName\":\"search_term_string\"}}],\"inLanguage\":\"pt-PT\"},{\"@type\":\"Organization\",\"@id\":\"https:\/\/zonaverde.pt\/site\/#organization\",\"name\":\"ZONAVERDE | Forma\u00e7\u00e3o e Consultoria\",\"url\":\"https:\/\/zonaverde.pt\/site\/\",\"logo\":{\"@type\":\"ImageObject\",\"inLanguage\":\"pt-PT\",\"@id\":\"https:\/\/zonaverde.pt\/site\/#\/schema\/logo\/image\/\",\"url\":\"https:\/\/zonaverde.pt\/site\/wp-content\/uploads\/2019\/04\/logotipo-zonaverde.png\",\"contentUrl\":\"https:\/\/zonaverde.pt\/site\/wp-content\/uploads\/2019\/04\/logotipo-zonaverde.png\",\"width\":165,\"height\":55,\"caption\":\"ZONAVERDE | Forma\u00e7\u00e3o e Consultoria\"},\"image\":{\"@id\":\"https:\/\/zonaverde.pt\/site\/#\/schema\/logo\/image\/\"},\"sameAs\":[\"https:\/\/www.facebook.com\/zonaverdept\/\",\"https:\/\/www.instagram.com\/zonaverdept\/\",\"https:\/\/linkedin.com\/company\/zonaverdept\",\"https:\/\/www.youtube.com\/user\/ZonaVerdeCEA\"]}]}<\/script>\n<!-- \/ Yoast SEO Premium plugin. -->","yoast_head_json":{"title":"Inform\u00e1tica - Forma\u00e7\u00e3o para Empresas | ZONAVERDE","description":"As compet\u00eancias em inform\u00e1tica s\u00e3o fulcrais para a sustentabilidade das organiza\u00e7\u00f5es. A ZONAVERDE tem uma oferta formativa alargada na \u00e1rea da ind\u00fastria 4.0","robots":{"index":"index","follow":"follow","max-snippet":"max-snippet:-1","max-image-preview":"max-image-preview:large","max-video-preview":"max-video-preview:-1"},"canonical":"https:\/\/zonaverde.pt\/site\/formacao-para-empresas\/informatica\/","og_locale":"pt_PT","og_type":"article","og_title":"Inform\u00e1tica - Forma\u00e7\u00e3o para Empresas | ZONAVERDE","og_description":"As compet\u00eancias em inform\u00e1tica s\u00e3o fulcrais para o desenvolvimento sustentado das organiza\u00e7\u00f5es. A ZONAVERDE tem uma oferta formativa alargada nesta \u00e1rea.","og_url":"https:\/\/zonaverde.pt\/site\/formacao-para-empresas\/informatica\/","og_site_name":"ZONAVERDE | Forma\u00e7\u00e3o e Consultoria","article_publisher":"https:\/\/www.facebook.com\/zonaverdept\/","article_modified_time":"2023-02-03T14:37:11+00:00","og_image":[{"width":555,"height":362,"url":"https:\/\/zonaverde.pt\/site\/wp-content\/uploads\/2019\/06\/formacao-empresas-informatica-zonaverde-1.png","type":"image\/png"}],"twitter_card":"summary_large_image","twitter_title":"Inform\u00e1tica - Forma\u00e7\u00e3o para Empresas | ZONAVERDE","twitter_description":"As compet\u00eancias em inform\u00e1tica s\u00e3o fulcrais para o desenvolvimento sustentado das organiza\u00e7\u00f5es. A ZONAVERDE tem uma oferta formativa alargada nesta \u00e1rea.","twitter_image":"https:\/\/zonaverde.pt\/site\/wp-content\/uploads\/2019\/06\/formacao-empresas-informatica-zonaverde-1.png","schema":{"@context":"https:\/\/schema.org","@graph":[{"@type":"WebPage","@id":"https:\/\/zonaverde.pt\/site\/formacao-para-empresas\/informatica\/","url":"https:\/\/zonaverde.pt\/site\/formacao-para-empresas\/informatica\/","name":"Inform\u00e1tica - Forma\u00e7\u00e3o para Empresas | ZONAVERDE","isPartOf":{"@id":"https:\/\/zonaverde.pt\/site\/#website"},"primaryImageOfPage":{"@id":"https:\/\/zonaverde.pt\/site\/formacao-para-empresas\/informatica\/#primaryimage"},"image":{"@id":"https:\/\/zonaverde.pt\/site\/formacao-para-empresas\/informatica\/#primaryimage"},"thumbnailUrl":"https:\/\/zonaverde.pt\/site\/wp-content\/uploads\/2019\/06\/formacao-empresas-informatica-zonaverde-1.png","datePublished":"2019-06-12T17:32:17+00:00","dateModified":"2023-02-03T14:37:11+00:00","description":"As compet\u00eancias em inform\u00e1tica s\u00e3o fulcrais para a sustentabilidade das organiza\u00e7\u00f5es. A ZONAVERDE tem uma oferta formativa alargada na \u00e1rea da ind\u00fastria 4.0","breadcrumb":{"@id":"https:\/\/zonaverde.pt\/site\/formacao-para-empresas\/informatica\/#breadcrumb"},"inLanguage":"pt-PT","potentialAction":[{"@type":"ReadAction","target":["https:\/\/zonaverde.pt\/site\/formacao-para-empresas\/informatica\/"]}]},{"@type":"ImageObject","inLanguage":"pt-PT","@id":"https:\/\/zonaverde.pt\/site\/formacao-para-empresas\/informatica\/#primaryimage","url":"https:\/\/zonaverde.pt\/site\/wp-content\/uploads\/2019\/06\/formacao-empresas-informatica-zonaverde-1.png","contentUrl":"https:\/\/zonaverde.pt\/site\/wp-content\/uploads\/2019\/06\/formacao-empresas-informatica-zonaverde-1.png","width":555,"height":362,"caption":"As compet\u00eancias digitais s\u00e3o fulcrais para o desenvolvimento sustentado das organiza\u00e7\u00f5es."},{"@type":"BreadcrumbList","@id":"https:\/\/zonaverde.pt\/site\/formacao-para-empresas\/informatica\/#breadcrumb","itemListElement":[{"@type":"ListItem","position":1,"name":"In\u00edcio","item":"https:\/\/zonaverde.pt\/site\/"},{"@type":"ListItem","position":2,"name":"Forma\u00e7\u00e3o para Empresas","item":"https:\/\/zonaverde.pt\/site\/formacao-para-empresas\/"},{"@type":"ListItem","position":3,"name":"inform\u00e1tica"}]},{"@type":"WebSite","@id":"https:\/\/zonaverde.pt\/site\/#website","url":"https:\/\/zonaverde.pt\/site\/","name":"ZONAVERDE | Forma\u00e7\u00e3o e Consultoria","description":"ZONAVERDE empresa de Forma\u00e7\u00e3o para particulares e \u00e0 medida para empresas (Presencial e e-Learning) e Consultoria no apoio \u00e0s PME&#039;s.","publisher":{"@id":"https:\/\/zonaverde.pt\/site\/#organization"},"potentialAction":[{"@type":"SearchAction","target":{"@type":"EntryPoint","urlTemplate":"https:\/\/zonaverde.pt\/site\/?s={search_term_string}"},"query-input":{"@type":"PropertyValueSpecification","valueRequired":true,"valueName":"search_term_string"}}],"inLanguage":"pt-PT"},{"@type":"Organization","@id":"https:\/\/zonaverde.pt\/site\/#organization","name":"ZONAVERDE | Forma\u00e7\u00e3o e Consultoria","url":"https:\/\/zonaverde.pt\/site\/","logo":{"@type":"ImageObject","inLanguage":"pt-PT","@id":"https:\/\/zonaverde.pt\/site\/#\/schema\/logo\/image\/","url":"https:\/\/zonaverde.pt\/site\/wp-content\/uploads\/2019\/04\/logotipo-zonaverde.png","contentUrl":"https:\/\/zonaverde.pt\/site\/wp-content\/uploads\/2019\/04\/logotipo-zonaverde.png","width":165,"height":55,"caption":"ZONAVERDE | Forma\u00e7\u00e3o e Consultoria"},"image":{"@id":"https:\/\/zonaverde.pt\/site\/#\/schema\/logo\/image\/"},"sameAs":["https:\/\/www.facebook.com\/zonaverdept\/","https:\/\/www.instagram.com\/zonaverdept\/","https:\/\/linkedin.com\/company\/zonaverdept","https:\/\/www.youtube.com\/user\/ZonaVerdeCEA"]}]}},"_links":{"self":[{"href":"https:\/\/zonaverde.pt\/site\/wp-json\/wp\/v2\/pages\/3514","targetHints":{"allow":["GET"]}}],"collection":[{"href":"https:\/\/zonaverde.pt\/site\/wp-json\/wp\/v2\/pages"}],"about":[{"href":"https:\/\/zonaverde.pt\/site\/wp-json\/wp\/v2\/types\/page"}],"author":[{"embeddable":true,"href":"https:\/\/zonaverde.pt\/site\/wp-json\/wp\/v2\/users\/1"}],"replies":[{"embeddable":true,"href":"https:\/\/zonaverde.pt\/site\/wp-json\/wp\/v2\/comments?post=3514"}],"version-history":[{"count":6,"href":"https:\/\/zonaverde.pt\/site\/wp-json\/wp\/v2\/pages\/3514\/revisions"}],"predecessor-version":[{"id":17297,"href":"https:\/\/zonaverde.pt\/site\/wp-json\/wp\/v2\/pages\/3514\/revisions\/17297"}],"up":[{"embeddable":true,"href":"https:\/\/zonaverde.pt\/site\/wp-json\/wp\/v2\/pages\/3455"}],"wp:featuredmedia":[{"embeddable":true,"href":"https:\/\/zonaverde.pt\/site\/wp-json\/wp\/v2\/media\/3997"}],"wp:attachment":[{"href":"https:\/\/zonaverde.pt\/site\/wp-json\/wp\/v2\/media?parent=3514"}],"curies":[{"name":"wp","href":"https:\/\/api.w.org\/{rel}","templated":true}]}}