{"id":3731,"date":"2019-06-18T13:34:15","date_gmt":"2019-06-18T13:34:15","guid":{"rendered":"https:\/\/zonaverde.pt\/?page_id=3731"},"modified":"2020-07-21T16:41:44","modified_gmt":"2020-07-21T16:41:44","slug":"analise-e-descricao-de-funcoes","status":"publish","type":"page","link":"https:\/\/zonaverde.pt\/site\/consultoria\/analise-e-descricao-de-funcoes\/","title":{"rendered":"An\u00e1lise e descri\u00e7\u00e3o de fun\u00e7\u00f5es"},"content":{"rendered":"","protected":false},"excerpt":{"rendered":"","protected":false},"author":1,"featured_media":4773,"parent":3554,"menu_order":93,"comment_status":"closed","ping_status":"closed","template":"","meta":{"_acf_changed":false,"footnotes":""},"class_list":["post-3731","page","type-page","status-publish","has-post-thumbnail","hentry","prodpage-classic"],"acf":[],"yoast_head":"<!-- This site is optimized with the Yoast SEO Premium plugin v27.0 (Yoast SEO v27.0) - https:\/\/yoast.com\/product\/yoast-seo-premium-wordpress\/ -->\n<title>An\u00e1lise e descri\u00e7\u00e3o de fun\u00e7\u00f5es - Consultoria | ZONAVERDE<\/title>\n<meta name=\"description\" content=\"No dom\u00ednio da gest\u00e3o de recursos humanos, otimizamos a sua estrutura organizacional analisando e avaliando todas as fun\u00e7\u00f5es existentes. Saiba mais.\" \/>\n<meta name=\"robots\" content=\"index, follow, max-snippet:-1, max-image-preview:large, max-video-preview:-1\" \/>\n<link rel=\"canonical\" href=\"https:\/\/zonaverde.pt\/site\/consultoria\/desenvolvimento-organizacional\/analise-e-descricao-de-funcoes\/\" \/>\n<meta property=\"og:locale\" content=\"pt_PT\" \/>\n<meta property=\"og:type\" content=\"article\" \/>\n<meta property=\"og:title\" content=\"An\u00e1lise e descri\u00e7\u00e3o de fun\u00e7\u00f5es - Consultoria | ZONAVERDE\" \/>\n<meta property=\"og:description\" content=\"A an\u00e1lise e descri\u00e7\u00e3o de fun\u00e7\u00f5es na sua organiza\u00e7\u00e3o vai ajudar a otimizar a sua estrutura organizacional. Fale connosco para mais informa\u00e7\u00f5es.\" \/>\n<meta property=\"og:url\" content=\"https:\/\/zonaverde.pt\/site\/consultoria\/desenvolvimento-organizacional\/analise-e-descricao-de-funcoes\/\" \/>\n<meta property=\"og:site_name\" content=\"ZONAVERDE | Forma\u00e7\u00e3o e Consultoria\" \/>\n<meta property=\"article:publisher\" content=\"https:\/\/www.facebook.com\/zonaverdept\/\" \/>\n<meta property=\"article:modified_time\" content=\"2020-07-21T16:41:44+00:00\" \/>\n<meta property=\"og:image\" content=\"https:\/\/zonaverde.pt\/site\/wp-content\/uploads\/2019\/07\/analise-e-descricao-de-funcoes-banner-zonaverde.png\" \/>\n\t<meta property=\"og:image:width\" content=\"1920\" \/>\n\t<meta property=\"og:image:height\" content=\"1248\" \/>\n\t<meta property=\"og:image:type\" content=\"image\/png\" \/>\n<meta name=\"twitter:card\" content=\"summary_large_image\" \/>\n<meta name=\"twitter:title\" content=\"An\u00e1lise e descri\u00e7\u00e3o de fun\u00e7\u00f5es - Consultoria | ZONAVERDE\" \/>\n<meta name=\"twitter:description\" content=\"A an\u00e1lise e descri\u00e7\u00e3o de fun\u00e7\u00f5es na sua organiza\u00e7\u00e3o vai ajudar a otimizar a sua estrutura organizacional. Fale connosco para mais informa\u00e7\u00f5es.\" \/>\n<script type=\"application\/ld+json\" class=\"yoast-schema-graph\">{\"@context\":\"https:\/\/schema.org\",\"@graph\":[{\"@type\":\"WebPage\",\"@id\":\"https:\/\/zonaverde.pt\/site\/consultoria\/analise-e-descricao-de-funcoes\/\",\"url\":\"https:\/\/zonaverde.pt\/site\/consultoria\/desenvolvimento-organizacional\/analise-e-descricao-de-funcoes\/\",\"name\":\"An\u00e1lise e descri\u00e7\u00e3o de fun\u00e7\u00f5es - Consultoria | ZONAVERDE\",\"isPartOf\":{\"@id\":\"https:\/\/zonaverde.pt\/site\/#website\"},\"primaryImageOfPage\":{\"@id\":\"https:\/\/zonaverde.pt\/site\/consultoria\/desenvolvimento-organizacional\/analise-e-descricao-de-funcoes\/#primaryimage\"},\"image\":{\"@id\":\"https:\/\/zonaverde.pt\/site\/consultoria\/desenvolvimento-organizacional\/analise-e-descricao-de-funcoes\/#primaryimage\"},\"thumbnailUrl\":\"https:\/\/zonaverde.pt\/site\/wp-content\/uploads\/2019\/07\/analise-e-descricao-de-funcoes-banner-zonaverde.png\",\"datePublished\":\"2019-06-18T13:34:15+00:00\",\"dateModified\":\"2020-07-21T16:41:44+00:00\",\"description\":\"No dom\u00ednio da gest\u00e3o de recursos humanos, otimizamos a sua estrutura organizacional analisando e avaliando todas as fun\u00e7\u00f5es existentes. Saiba mais.\",\"breadcrumb\":{\"@id\":\"https:\/\/zonaverde.pt\/site\/consultoria\/desenvolvimento-organizacional\/analise-e-descricao-de-funcoes\/#breadcrumb\"},\"inLanguage\":\"pt-PT\",\"potentialAction\":[{\"@type\":\"ReadAction\",\"target\":[\"https:\/\/zonaverde.pt\/site\/consultoria\/desenvolvimento-organizacional\/analise-e-descricao-de-funcoes\/\"]}]},{\"@type\":\"ImageObject\",\"inLanguage\":\"pt-PT\",\"@id\":\"https:\/\/zonaverde.pt\/site\/consultoria\/desenvolvimento-organizacional\/analise-e-descricao-de-funcoes\/#primaryimage\",\"url\":\"https:\/\/zonaverde.pt\/site\/wp-content\/uploads\/2019\/07\/analise-e-descricao-de-funcoes-banner-zonaverde.png\",\"contentUrl\":\"https:\/\/zonaverde.pt\/site\/wp-content\/uploads\/2019\/07\/analise-e-descricao-de-funcoes-banner-zonaverde.png\",\"width\":1920,\"height\":1248,\"caption\":\"Numa perspetiva de gest\u00e3o de recursos humanos, trata-se de uma val\u00eancia essencial para conhecer as compet\u00eancias dos seus colaboradores, as responsabilidades a atribuir a cada pessoa e a forma de intera\u00e7\u00e3o entre os diferentes departamentos.\"},{\"@type\":\"BreadcrumbList\",\"@id\":\"https:\/\/zonaverde.pt\/site\/consultoria\/desenvolvimento-organizacional\/analise-e-descricao-de-funcoes\/#breadcrumb\",\"itemListElement\":[{\"@type\":\"ListItem\",\"position\":1,\"name\":\"In\u00edcio\",\"item\":\"https:\/\/zonaverde.pt\/site\/\"},{\"@type\":\"ListItem\",\"position\":2,\"name\":\"Consultoria\",\"item\":\"https:\/\/zonaverde.pt\/site\/consultoria\/\"},{\"@type\":\"ListItem\",\"position\":3,\"name\":\"An\u00e1lise e descri\u00e7\u00e3o de fun\u00e7\u00f5es\"}]},{\"@type\":\"WebSite\",\"@id\":\"https:\/\/zonaverde.pt\/site\/#website\",\"url\":\"https:\/\/zonaverde.pt\/site\/\",\"name\":\"ZONAVERDE | Forma\u00e7\u00e3o e Consultoria\",\"description\":\"ZONAVERDE empresa de Forma\u00e7\u00e3o para particulares e \u00e0 medida para empresas (Presencial e e-Learning) e Consultoria no apoio \u00e0s PME&#039;s.\",\"publisher\":{\"@id\":\"https:\/\/zonaverde.pt\/site\/#organization\"},\"potentialAction\":[{\"@type\":\"SearchAction\",\"target\":{\"@type\":\"EntryPoint\",\"urlTemplate\":\"https:\/\/zonaverde.pt\/site\/?s={search_term_string}\"},\"query-input\":{\"@type\":\"PropertyValueSpecification\",\"valueRequired\":true,\"valueName\":\"search_term_string\"}}],\"inLanguage\":\"pt-PT\"},{\"@type\":\"Organization\",\"@id\":\"https:\/\/zonaverde.pt\/site\/#organization\",\"name\":\"ZONAVERDE | Forma\u00e7\u00e3o e Consultoria\",\"url\":\"https:\/\/zonaverde.pt\/site\/\",\"logo\":{\"@type\":\"ImageObject\",\"inLanguage\":\"pt-PT\",\"@id\":\"https:\/\/zonaverde.pt\/site\/#\/schema\/logo\/image\/\",\"url\":\"https:\/\/zonaverde.pt\/site\/wp-content\/uploads\/2019\/04\/logotipo-zonaverde.png\",\"contentUrl\":\"https:\/\/zonaverde.pt\/site\/wp-content\/uploads\/2019\/04\/logotipo-zonaverde.png\",\"width\":165,\"height\":55,\"caption\":\"ZONAVERDE | Forma\u00e7\u00e3o e Consultoria\"},\"image\":{\"@id\":\"https:\/\/zonaverde.pt\/site\/#\/schema\/logo\/image\/\"},\"sameAs\":[\"https:\/\/www.facebook.com\/zonaverdept\/\",\"https:\/\/www.instagram.com\/zonaverdept\/\",\"https:\/\/linkedin.com\/company\/zonaverdept\",\"https:\/\/www.youtube.com\/user\/ZonaVerdeCEA\"]}]}<\/script>\n<!-- \/ Yoast SEO Premium plugin. -->","yoast_head_json":{"title":"An\u00e1lise e descri\u00e7\u00e3o de fun\u00e7\u00f5es - Consultoria | ZONAVERDE","description":"No dom\u00ednio da gest\u00e3o de recursos humanos, otimizamos a sua estrutura organizacional analisando e avaliando todas as fun\u00e7\u00f5es existentes. Saiba mais.","robots":{"index":"index","follow":"follow","max-snippet":"max-snippet:-1","max-image-preview":"max-image-preview:large","max-video-preview":"max-video-preview:-1"},"canonical":"https:\/\/zonaverde.pt\/site\/consultoria\/desenvolvimento-organizacional\/analise-e-descricao-de-funcoes\/","og_locale":"pt_PT","og_type":"article","og_title":"An\u00e1lise e descri\u00e7\u00e3o de fun\u00e7\u00f5es - Consultoria | ZONAVERDE","og_description":"A an\u00e1lise e descri\u00e7\u00e3o de fun\u00e7\u00f5es na sua organiza\u00e7\u00e3o vai ajudar a otimizar a sua estrutura organizacional. Fale connosco para mais informa\u00e7\u00f5es.","og_url":"https:\/\/zonaverde.pt\/site\/consultoria\/desenvolvimento-organizacional\/analise-e-descricao-de-funcoes\/","og_site_name":"ZONAVERDE | Forma\u00e7\u00e3o e Consultoria","article_publisher":"https:\/\/www.facebook.com\/zonaverdept\/","article_modified_time":"2020-07-21T16:41:44+00:00","og_image":[{"width":1920,"height":1248,"url":"https:\/\/zonaverde.pt\/site\/wp-content\/uploads\/2019\/07\/analise-e-descricao-de-funcoes-banner-zonaverde.png","type":"image\/png"}],"twitter_card":"summary_large_image","twitter_title":"An\u00e1lise e descri\u00e7\u00e3o de fun\u00e7\u00f5es - Consultoria | ZONAVERDE","twitter_description":"A an\u00e1lise e descri\u00e7\u00e3o de fun\u00e7\u00f5es na sua organiza\u00e7\u00e3o vai ajudar a otimizar a sua estrutura organizacional. Fale connosco para mais informa\u00e7\u00f5es.","schema":{"@context":"https:\/\/schema.org","@graph":[{"@type":"WebPage","@id":"https:\/\/zonaverde.pt\/site\/consultoria\/analise-e-descricao-de-funcoes\/","url":"https:\/\/zonaverde.pt\/site\/consultoria\/desenvolvimento-organizacional\/analise-e-descricao-de-funcoes\/","name":"An\u00e1lise e descri\u00e7\u00e3o de fun\u00e7\u00f5es - Consultoria | ZONAVERDE","isPartOf":{"@id":"https:\/\/zonaverde.pt\/site\/#website"},"primaryImageOfPage":{"@id":"https:\/\/zonaverde.pt\/site\/consultoria\/desenvolvimento-organizacional\/analise-e-descricao-de-funcoes\/#primaryimage"},"image":{"@id":"https:\/\/zonaverde.pt\/site\/consultoria\/desenvolvimento-organizacional\/analise-e-descricao-de-funcoes\/#primaryimage"},"thumbnailUrl":"https:\/\/zonaverde.pt\/site\/wp-content\/uploads\/2019\/07\/analise-e-descricao-de-funcoes-banner-zonaverde.png","datePublished":"2019-06-18T13:34:15+00:00","dateModified":"2020-07-21T16:41:44+00:00","description":"No dom\u00ednio da gest\u00e3o de recursos humanos, otimizamos a sua estrutura organizacional analisando e avaliando todas as fun\u00e7\u00f5es existentes. Saiba mais.","breadcrumb":{"@id":"https:\/\/zonaverde.pt\/site\/consultoria\/desenvolvimento-organizacional\/analise-e-descricao-de-funcoes\/#breadcrumb"},"inLanguage":"pt-PT","potentialAction":[{"@type":"ReadAction","target":["https:\/\/zonaverde.pt\/site\/consultoria\/desenvolvimento-organizacional\/analise-e-descricao-de-funcoes\/"]}]},{"@type":"ImageObject","inLanguage":"pt-PT","@id":"https:\/\/zonaverde.pt\/site\/consultoria\/desenvolvimento-organizacional\/analise-e-descricao-de-funcoes\/#primaryimage","url":"https:\/\/zonaverde.pt\/site\/wp-content\/uploads\/2019\/07\/analise-e-descricao-de-funcoes-banner-zonaverde.png","contentUrl":"https:\/\/zonaverde.pt\/site\/wp-content\/uploads\/2019\/07\/analise-e-descricao-de-funcoes-banner-zonaverde.png","width":1920,"height":1248,"caption":"Numa perspetiva de gest\u00e3o de recursos humanos, trata-se de uma val\u00eancia essencial para conhecer as compet\u00eancias dos seus colaboradores, as responsabilidades a atribuir a cada pessoa e a forma de intera\u00e7\u00e3o entre os diferentes departamentos."},{"@type":"BreadcrumbList","@id":"https:\/\/zonaverde.pt\/site\/consultoria\/desenvolvimento-organizacional\/analise-e-descricao-de-funcoes\/#breadcrumb","itemListElement":[{"@type":"ListItem","position":1,"name":"In\u00edcio","item":"https:\/\/zonaverde.pt\/site\/"},{"@type":"ListItem","position":2,"name":"Consultoria","item":"https:\/\/zonaverde.pt\/site\/consultoria\/"},{"@type":"ListItem","position":3,"name":"An\u00e1lise e descri\u00e7\u00e3o de fun\u00e7\u00f5es"}]},{"@type":"WebSite","@id":"https:\/\/zonaverde.pt\/site\/#website","url":"https:\/\/zonaverde.pt\/site\/","name":"ZONAVERDE | Forma\u00e7\u00e3o e Consultoria","description":"ZONAVERDE empresa de Forma\u00e7\u00e3o para particulares e \u00e0 medida para empresas (Presencial e e-Learning) e Consultoria no apoio \u00e0s PME&#039;s.","publisher":{"@id":"https:\/\/zonaverde.pt\/site\/#organization"},"potentialAction":[{"@type":"SearchAction","target":{"@type":"EntryPoint","urlTemplate":"https:\/\/zonaverde.pt\/site\/?s={search_term_string}"},"query-input":{"@type":"PropertyValueSpecification","valueRequired":true,"valueName":"search_term_string"}}],"inLanguage":"pt-PT"},{"@type":"Organization","@id":"https:\/\/zonaverde.pt\/site\/#organization","name":"ZONAVERDE | Forma\u00e7\u00e3o e Consultoria","url":"https:\/\/zonaverde.pt\/site\/","logo":{"@type":"ImageObject","inLanguage":"pt-PT","@id":"https:\/\/zonaverde.pt\/site\/#\/schema\/logo\/image\/","url":"https:\/\/zonaverde.pt\/site\/wp-content\/uploads\/2019\/04\/logotipo-zonaverde.png","contentUrl":"https:\/\/zonaverde.pt\/site\/wp-content\/uploads\/2019\/04\/logotipo-zonaverde.png","width":165,"height":55,"caption":"ZONAVERDE | Forma\u00e7\u00e3o e Consultoria"},"image":{"@id":"https:\/\/zonaverde.pt\/site\/#\/schema\/logo\/image\/"},"sameAs":["https:\/\/www.facebook.com\/zonaverdept\/","https:\/\/www.instagram.com\/zonaverdept\/","https:\/\/linkedin.com\/company\/zonaverdept","https:\/\/www.youtube.com\/user\/ZonaVerdeCEA"]}]}},"_links":{"self":[{"href":"https:\/\/zonaverde.pt\/site\/wp-json\/wp\/v2\/pages\/3731","targetHints":{"allow":["GET"]}}],"collection":[{"href":"https:\/\/zonaverde.pt\/site\/wp-json\/wp\/v2\/pages"}],"about":[{"href":"https:\/\/zonaverde.pt\/site\/wp-json\/wp\/v2\/types\/page"}],"author":[{"embeddable":true,"href":"https:\/\/zonaverde.pt\/site\/wp-json\/wp\/v2\/users\/1"}],"replies":[{"embeddable":true,"href":"https:\/\/zonaverde.pt\/site\/wp-json\/wp\/v2\/comments?post=3731"}],"version-history":[{"count":5,"href":"https:\/\/zonaverde.pt\/site\/wp-json\/wp\/v2\/pages\/3731\/revisions"}],"predecessor-version":[{"id":14981,"href":"https:\/\/zonaverde.pt\/site\/wp-json\/wp\/v2\/pages\/3731\/revisions\/14981"}],"up":[{"embeddable":true,"href":"https:\/\/zonaverde.pt\/site\/wp-json\/wp\/v2\/pages\/3554"}],"wp:featuredmedia":[{"embeddable":true,"href":"https:\/\/zonaverde.pt\/site\/wp-json\/wp\/v2\/media\/4773"}],"wp:attachment":[{"href":"https:\/\/zonaverde.pt\/site\/wp-json\/wp\/v2\/media?parent=3731"}],"curies":[{"name":"wp","href":"https:\/\/api.w.org\/{rel}","templated":true}]}}