{"id":3799,"date":"2019-06-18T15:05:10","date_gmt":"2019-06-18T15:05:10","guid":{"rendered":"https:\/\/zonaverde.pt\/?page_id=3799"},"modified":"2020-07-21T15:49:43","modified_gmt":"2020-07-21T15:49:43","slug":"cartografia","status":"publish","type":"page","link":"https:\/\/zonaverde.pt\/site\/consultoria\/cartografia\/","title":{"rendered":"Cartografia"},"content":{"rendered":"","protected":false},"excerpt":{"rendered":"","protected":false},"author":1,"featured_media":4756,"parent":3554,"menu_order":82,"comment_status":"closed","ping_status":"closed","template":"","meta":{"_acf_changed":false,"footnotes":""},"class_list":["post-3799","page","type-page","status-publish","has-post-thumbnail","hentry","prodpage-classic"],"acf":[],"yoast_head":"<!-- This site is optimized with the Yoast SEO Premium plugin v27.0 (Yoast SEO v27.0) - https:\/\/yoast.com\/product\/yoast-seo-premium-wordpress\/ -->\n<title>Cartografia - Servi\u00e7o de consultoria | ZONAVERDE<\/title>\n<meta name=\"description\" content=\"Temos servi\u00e7os de cartografia e declara\u00e7\u00e3o de exerc\u00edcio da atividade aceite pela DGT, atuando no dom\u00ednio da produ\u00e7\u00e3o de cartografia digital. Mais info \u00bb\" \/>\n<meta name=\"robots\" content=\"index, follow, max-snippet:-1, max-image-preview:large, max-video-preview:-1\" \/>\n<link rel=\"canonical\" href=\"https:\/\/zonaverde.pt\/site\/consultoria\/cartografia\/\" \/>\n<meta property=\"og:locale\" content=\"pt_PT\" \/>\n<meta property=\"og:type\" content=\"article\" \/>\n<meta property=\"og:title\" content=\"Servi\u00e7o de Cartografia | ZONAVERDE - Forma\u00e7\u00e3o e Consultoria\" \/>\n<meta property=\"og:description\" content=\"A ZONAVERDE possui a declara\u00e7\u00e3o o exerc\u00edcio da atividade de cartografia aceite pela DGT, atuando no dom\u00ednio da produ\u00e7\u00e3o de cartografia digital. Mais info \u00bb\" \/>\n<meta property=\"og:url\" content=\"https:\/\/zonaverde.pt\/site\/consultoria\/cartografia\/\" \/>\n<meta property=\"og:site_name\" content=\"ZONAVERDE | Forma\u00e7\u00e3o e Consultoria\" \/>\n<meta property=\"article:publisher\" content=\"https:\/\/www.facebook.com\/zonaverdept\/\" \/>\n<meta property=\"article:modified_time\" content=\"2020-07-21T15:49:43+00:00\" \/>\n<meta property=\"og:image\" content=\"https:\/\/zonaverde.pt\/site\/wp-content\/uploads\/2019\/07\/cartografia-banner-zonaverde.png\" \/>\n\t<meta property=\"og:image:width\" content=\"1920\" \/>\n\t<meta property=\"og:image:height\" content=\"1248\" \/>\n\t<meta property=\"og:image:type\" content=\"image\/png\" \/>\n<meta name=\"twitter:card\" content=\"summary_large_image\" \/>\n<meta name=\"twitter:title\" content=\"Servi\u00e7o de Cartografia | ZONAVERDE - Forma\u00e7\u00e3o e Consultoria\" \/>\n<meta name=\"twitter:description\" content=\"A ZONAVERDE possui a declara\u00e7\u00e3o o exerc\u00edcio da atividade de cartografia aceite pela DGT, atuando no dom\u00ednio da produ\u00e7\u00e3o de cartografia digital. Mais info \u00bb\" \/>\n<script type=\"application\/ld+json\" class=\"yoast-schema-graph\">{\"@context\":\"https:\/\/schema.org\",\"@graph\":[{\"@type\":\"WebPage\",\"@id\":\"https:\/\/zonaverde.pt\/site\/consultoria\/cartografia\/\",\"url\":\"https:\/\/zonaverde.pt\/site\/consultoria\/cartografia\/\",\"name\":\"Cartografia - Servi\u00e7o de consultoria | ZONAVERDE\",\"isPartOf\":{\"@id\":\"https:\/\/zonaverde.pt\/site\/#website\"},\"primaryImageOfPage\":{\"@id\":\"https:\/\/zonaverde.pt\/site\/consultoria\/cartografia\/#primaryimage\"},\"image\":{\"@id\":\"https:\/\/zonaverde.pt\/site\/consultoria\/cartografia\/#primaryimage\"},\"thumbnailUrl\":\"https:\/\/zonaverde.pt\/site\/wp-content\/uploads\/2019\/07\/cartografia-banner-zonaverde.png\",\"datePublished\":\"2019-06-18T15:05:10+00:00\",\"dateModified\":\"2020-07-21T15:49:43+00:00\",\"description\":\"Temos servi\u00e7os de cartografia e declara\u00e7\u00e3o de exerc\u00edcio da atividade aceite pela DGT, atuando no dom\u00ednio da produ\u00e7\u00e3o de cartografia digital. Mais info \u00bb\",\"breadcrumb\":{\"@id\":\"https:\/\/zonaverde.pt\/site\/consultoria\/cartografia\/#breadcrumb\"},\"inLanguage\":\"pt-PT\",\"potentialAction\":[{\"@type\":\"ReadAction\",\"target\":[\"https:\/\/zonaverde.pt\/site\/consultoria\/cartografia\/\"]}]},{\"@type\":\"ImageObject\",\"inLanguage\":\"pt-PT\",\"@id\":\"https:\/\/zonaverde.pt\/site\/consultoria\/cartografia\/#primaryimage\",\"url\":\"https:\/\/zonaverde.pt\/site\/wp-content\/uploads\/2019\/07\/cartografia-banner-zonaverde.png\",\"contentUrl\":\"https:\/\/zonaverde.pt\/site\/wp-content\/uploads\/2019\/07\/cartografia-banner-zonaverde.png\",\"width\":1920,\"height\":1248,\"caption\":\"Produ\u00e7\u00e3o de cartografia digital\"},{\"@type\":\"BreadcrumbList\",\"@id\":\"https:\/\/zonaverde.pt\/site\/consultoria\/cartografia\/#breadcrumb\",\"itemListElement\":[{\"@type\":\"ListItem\",\"position\":1,\"name\":\"In\u00edcio\",\"item\":\"https:\/\/zonaverde.pt\/site\/\"},{\"@type\":\"ListItem\",\"position\":2,\"name\":\"Consultoria\",\"item\":\"https:\/\/zonaverde.pt\/site\/consultoria\/\"},{\"@type\":\"ListItem\",\"position\":3,\"name\":\"Cartografia\"}]},{\"@type\":\"WebSite\",\"@id\":\"https:\/\/zonaverde.pt\/site\/#website\",\"url\":\"https:\/\/zonaverde.pt\/site\/\",\"name\":\"ZONAVERDE | Forma\u00e7\u00e3o e Consultoria\",\"description\":\"ZONAVERDE empresa de Forma\u00e7\u00e3o para particulares e \u00e0 medida para empresas (Presencial e e-Learning) e Consultoria no apoio \u00e0s PME&#039;s.\",\"publisher\":{\"@id\":\"https:\/\/zonaverde.pt\/site\/#organization\"},\"potentialAction\":[{\"@type\":\"SearchAction\",\"target\":{\"@type\":\"EntryPoint\",\"urlTemplate\":\"https:\/\/zonaverde.pt\/site\/?s={search_term_string}\"},\"query-input\":{\"@type\":\"PropertyValueSpecification\",\"valueRequired\":true,\"valueName\":\"search_term_string\"}}],\"inLanguage\":\"pt-PT\"},{\"@type\":\"Organization\",\"@id\":\"https:\/\/zonaverde.pt\/site\/#organization\",\"name\":\"ZONAVERDE | Forma\u00e7\u00e3o e Consultoria\",\"url\":\"https:\/\/zonaverde.pt\/site\/\",\"logo\":{\"@type\":\"ImageObject\",\"inLanguage\":\"pt-PT\",\"@id\":\"https:\/\/zonaverde.pt\/site\/#\/schema\/logo\/image\/\",\"url\":\"https:\/\/zonaverde.pt\/site\/wp-content\/uploads\/2019\/04\/logotipo-zonaverde.png\",\"contentUrl\":\"https:\/\/zonaverde.pt\/site\/wp-content\/uploads\/2019\/04\/logotipo-zonaverde.png\",\"width\":165,\"height\":55,\"caption\":\"ZONAVERDE | Forma\u00e7\u00e3o e Consultoria\"},\"image\":{\"@id\":\"https:\/\/zonaverde.pt\/site\/#\/schema\/logo\/image\/\"},\"sameAs\":[\"https:\/\/www.facebook.com\/zonaverdept\/\",\"https:\/\/www.instagram.com\/zonaverdept\/\",\"https:\/\/linkedin.com\/company\/zonaverdept\",\"https:\/\/www.youtube.com\/user\/ZonaVerdeCEA\"]}]}<\/script>\n<!-- \/ Yoast SEO Premium plugin. -->","yoast_head_json":{"title":"Cartografia - Servi\u00e7o de consultoria | ZONAVERDE","description":"Temos servi\u00e7os de cartografia e declara\u00e7\u00e3o de exerc\u00edcio da atividade aceite pela DGT, atuando no dom\u00ednio da produ\u00e7\u00e3o de cartografia digital. Mais info \u00bb","robots":{"index":"index","follow":"follow","max-snippet":"max-snippet:-1","max-image-preview":"max-image-preview:large","max-video-preview":"max-video-preview:-1"},"canonical":"https:\/\/zonaverde.pt\/site\/consultoria\/cartografia\/","og_locale":"pt_PT","og_type":"article","og_title":"Servi\u00e7o de Cartografia | ZONAVERDE - Forma\u00e7\u00e3o e Consultoria","og_description":"A ZONAVERDE possui a declara\u00e7\u00e3o o exerc\u00edcio da atividade de cartografia aceite pela DGT, atuando no dom\u00ednio da produ\u00e7\u00e3o de cartografia digital. Mais info \u00bb","og_url":"https:\/\/zonaverde.pt\/site\/consultoria\/cartografia\/","og_site_name":"ZONAVERDE | Forma\u00e7\u00e3o e Consultoria","article_publisher":"https:\/\/www.facebook.com\/zonaverdept\/","article_modified_time":"2020-07-21T15:49:43+00:00","og_image":[{"width":1920,"height":1248,"url":"https:\/\/zonaverde.pt\/site\/wp-content\/uploads\/2019\/07\/cartografia-banner-zonaverde.png","type":"image\/png"}],"twitter_card":"summary_large_image","twitter_title":"Servi\u00e7o de Cartografia | ZONAVERDE - Forma\u00e7\u00e3o e Consultoria","twitter_description":"A ZONAVERDE possui a declara\u00e7\u00e3o o exerc\u00edcio da atividade de cartografia aceite pela DGT, atuando no dom\u00ednio da produ\u00e7\u00e3o de cartografia digital. Mais info \u00bb","schema":{"@context":"https:\/\/schema.org","@graph":[{"@type":"WebPage","@id":"https:\/\/zonaverde.pt\/site\/consultoria\/cartografia\/","url":"https:\/\/zonaverde.pt\/site\/consultoria\/cartografia\/","name":"Cartografia - Servi\u00e7o de consultoria | ZONAVERDE","isPartOf":{"@id":"https:\/\/zonaverde.pt\/site\/#website"},"primaryImageOfPage":{"@id":"https:\/\/zonaverde.pt\/site\/consultoria\/cartografia\/#primaryimage"},"image":{"@id":"https:\/\/zonaverde.pt\/site\/consultoria\/cartografia\/#primaryimage"},"thumbnailUrl":"https:\/\/zonaverde.pt\/site\/wp-content\/uploads\/2019\/07\/cartografia-banner-zonaverde.png","datePublished":"2019-06-18T15:05:10+00:00","dateModified":"2020-07-21T15:49:43+00:00","description":"Temos servi\u00e7os de cartografia e declara\u00e7\u00e3o de exerc\u00edcio da atividade aceite pela DGT, atuando no dom\u00ednio da produ\u00e7\u00e3o de cartografia digital. Mais info \u00bb","breadcrumb":{"@id":"https:\/\/zonaverde.pt\/site\/consultoria\/cartografia\/#breadcrumb"},"inLanguage":"pt-PT","potentialAction":[{"@type":"ReadAction","target":["https:\/\/zonaverde.pt\/site\/consultoria\/cartografia\/"]}]},{"@type":"ImageObject","inLanguage":"pt-PT","@id":"https:\/\/zonaverde.pt\/site\/consultoria\/cartografia\/#primaryimage","url":"https:\/\/zonaverde.pt\/site\/wp-content\/uploads\/2019\/07\/cartografia-banner-zonaverde.png","contentUrl":"https:\/\/zonaverde.pt\/site\/wp-content\/uploads\/2019\/07\/cartografia-banner-zonaverde.png","width":1920,"height":1248,"caption":"Produ\u00e7\u00e3o de cartografia digital"},{"@type":"BreadcrumbList","@id":"https:\/\/zonaverde.pt\/site\/consultoria\/cartografia\/#breadcrumb","itemListElement":[{"@type":"ListItem","position":1,"name":"In\u00edcio","item":"https:\/\/zonaverde.pt\/site\/"},{"@type":"ListItem","position":2,"name":"Consultoria","item":"https:\/\/zonaverde.pt\/site\/consultoria\/"},{"@type":"ListItem","position":3,"name":"Cartografia"}]},{"@type":"WebSite","@id":"https:\/\/zonaverde.pt\/site\/#website","url":"https:\/\/zonaverde.pt\/site\/","name":"ZONAVERDE | Forma\u00e7\u00e3o e Consultoria","description":"ZONAVERDE empresa de Forma\u00e7\u00e3o para particulares e \u00e0 medida para empresas (Presencial e e-Learning) e Consultoria no apoio \u00e0s PME&#039;s.","publisher":{"@id":"https:\/\/zonaverde.pt\/site\/#organization"},"potentialAction":[{"@type":"SearchAction","target":{"@type":"EntryPoint","urlTemplate":"https:\/\/zonaverde.pt\/site\/?s={search_term_string}"},"query-input":{"@type":"PropertyValueSpecification","valueRequired":true,"valueName":"search_term_string"}}],"inLanguage":"pt-PT"},{"@type":"Organization","@id":"https:\/\/zonaverde.pt\/site\/#organization","name":"ZONAVERDE | Forma\u00e7\u00e3o e Consultoria","url":"https:\/\/zonaverde.pt\/site\/","logo":{"@type":"ImageObject","inLanguage":"pt-PT","@id":"https:\/\/zonaverde.pt\/site\/#\/schema\/logo\/image\/","url":"https:\/\/zonaverde.pt\/site\/wp-content\/uploads\/2019\/04\/logotipo-zonaverde.png","contentUrl":"https:\/\/zonaverde.pt\/site\/wp-content\/uploads\/2019\/04\/logotipo-zonaverde.png","width":165,"height":55,"caption":"ZONAVERDE | Forma\u00e7\u00e3o e Consultoria"},"image":{"@id":"https:\/\/zonaverde.pt\/site\/#\/schema\/logo\/image\/"},"sameAs":["https:\/\/www.facebook.com\/zonaverdept\/","https:\/\/www.instagram.com\/zonaverdept\/","https:\/\/linkedin.com\/company\/zonaverdept","https:\/\/www.youtube.com\/user\/ZonaVerdeCEA"]}]}},"_links":{"self":[{"href":"https:\/\/zonaverde.pt\/site\/wp-json\/wp\/v2\/pages\/3799","targetHints":{"allow":["GET"]}}],"collection":[{"href":"https:\/\/zonaverde.pt\/site\/wp-json\/wp\/v2\/pages"}],"about":[{"href":"https:\/\/zonaverde.pt\/site\/wp-json\/wp\/v2\/types\/page"}],"author":[{"embeddable":true,"href":"https:\/\/zonaverde.pt\/site\/wp-json\/wp\/v2\/users\/1"}],"replies":[{"embeddable":true,"href":"https:\/\/zonaverde.pt\/site\/wp-json\/wp\/v2\/comments?post=3799"}],"version-history":[{"count":5,"href":"https:\/\/zonaverde.pt\/site\/wp-json\/wp\/v2\/pages\/3799\/revisions"}],"predecessor-version":[{"id":14978,"href":"https:\/\/zonaverde.pt\/site\/wp-json\/wp\/v2\/pages\/3799\/revisions\/14978"}],"up":[{"embeddable":true,"href":"https:\/\/zonaverde.pt\/site\/wp-json\/wp\/v2\/pages\/3554"}],"wp:featuredmedia":[{"embeddable":true,"href":"https:\/\/zonaverde.pt\/site\/wp-json\/wp\/v2\/media\/4756"}],"wp:attachment":[{"href":"https:\/\/zonaverde.pt\/site\/wp-json\/wp\/v2\/media?parent=3799"}],"curies":[{"name":"wp","href":"https:\/\/api.w.org\/{rel}","templated":true}]}}