{"id":3806,"date":"2019-06-18T15:22:58","date_gmt":"2019-06-18T15:22:58","guid":{"rendered":"https:\/\/zonaverde.pt\/?page_id=3806"},"modified":"2022-07-13T17:45:26","modified_gmt":"2022-07-13T16:45:26","slug":"topografia","status":"publish","type":"page","link":"https:\/\/zonaverde.pt\/site\/consultoria\/topografia\/","title":{"rendered":"Topografia"},"content":{"rendered":"","protected":false},"excerpt":{"rendered":"","protected":false},"author":1,"featured_media":4409,"parent":3554,"menu_order":81,"comment_status":"closed","ping_status":"closed","template":"","meta":{"_acf_changed":false,"footnotes":""},"class_list":["post-3806","page","type-page","status-publish","has-post-thumbnail","hentry","prodpage-classic"],"acf":[],"yoast_head":"<!-- This site is optimized with the Yoast SEO Premium plugin v27.0 (Yoast SEO v27.0) - https:\/\/yoast.com\/product\/yoast-seo-premium-wordpress\/ -->\n<title>Topografia - Servi\u00e7o de Consultoria | ZONAVERDE<\/title>\n<meta name=\"description\" content=\"Procura servi\u00e7os de topografia? Fazemos levantamentos, implanta\u00e7\u00f5es (piquetagem), medi\u00e7\u00e3o de \u00e1reas e produ\u00e7\u00e3o de plantas parcelares. Fale com a nossa equipa\" \/>\n<meta name=\"robots\" content=\"index, follow, max-snippet:-1, max-image-preview:large, max-video-preview:-1\" \/>\n<link rel=\"canonical\" href=\"https:\/\/zonaverde.pt\/site\/consultoria\/informacao-geografica\/topografia\/\" \/>\n<meta property=\"og:locale\" content=\"pt_PT\" \/>\n<meta property=\"og:type\" content=\"article\" \/>\n<meta property=\"og:title\" content=\"Topografia - Servi\u00e7o de Consultoria | ZONAVERDE\" \/>\n<meta property=\"og:description\" content=\"Procura servi\u00e7os de topografia? Fazemos levantamentos topogr\u00e1ficos; implanta\u00e7\u00f5es (piquetagem); medi\u00e7\u00e3o de \u00e1reas e produ\u00e7\u00e3o de plantas parcelares.\" \/>\n<meta property=\"og:url\" content=\"https:\/\/zonaverde.pt\/site\/consultoria\/informacao-geografica\/topografia\/\" \/>\n<meta property=\"og:site_name\" content=\"ZONAVERDE | Forma\u00e7\u00e3o e Consultoria\" \/>\n<meta property=\"article:publisher\" content=\"https:\/\/www.facebook.com\/zonaverdept\/\" \/>\n<meta property=\"article:modified_time\" content=\"2022-07-13T16:45:26+00:00\" \/>\n<meta property=\"og:image\" content=\"https:\/\/zonaverde.pt\/site\/wp-content\/uploads\/2019\/06\/consultoria-cartografia-zonaverde-2.png\" \/>\n\t<meta property=\"og:image:width\" content=\"834\" \/>\n\t<meta property=\"og:image:height\" content=\"547\" \/>\n\t<meta property=\"og:image:type\" content=\"image\/png\" \/>\n<meta name=\"twitter:card\" content=\"summary_large_image\" \/>\n<meta name=\"twitter:title\" content=\"Topografia - Servi\u00e7o de Consultoria | ZONAVERDE\" \/>\n<meta name=\"twitter:description\" content=\"Procura servi\u00e7os de topografia? Fazemos levantamentos topogr\u00e1ficos; implanta\u00e7\u00f5es (piquetagem); medi\u00e7\u00e3o de \u00e1reas e produ\u00e7\u00e3o de plantas parcelares.\" \/>\n<script type=\"application\/ld+json\" class=\"yoast-schema-graph\">{\"@context\":\"https:\/\/schema.org\",\"@graph\":[{\"@type\":\"WebPage\",\"@id\":\"https:\/\/zonaverde.pt\/site\/consultoria\/topografia\/\",\"url\":\"https:\/\/zonaverde.pt\/site\/consultoria\/informacao-geografica\/topografia\/\",\"name\":\"Topografia - Servi\u00e7o de Consultoria | ZONAVERDE\",\"isPartOf\":{\"@id\":\"https:\/\/zonaverde.pt\/site\/#website\"},\"primaryImageOfPage\":{\"@id\":\"https:\/\/zonaverde.pt\/site\/consultoria\/informacao-geografica\/topografia\/#primaryimage\"},\"image\":{\"@id\":\"https:\/\/zonaverde.pt\/site\/consultoria\/informacao-geografica\/topografia\/#primaryimage\"},\"thumbnailUrl\":\"https:\/\/zonaverde.pt\/site\/wp-content\/uploads\/2019\/06\/consultoria-cartografia-zonaverde-2.png\",\"datePublished\":\"2019-06-18T15:22:58+00:00\",\"dateModified\":\"2022-07-13T16:45:26+00:00\",\"description\":\"Procura servi\u00e7os de topografia? Fazemos levantamentos, implanta\u00e7\u00f5es (piquetagem), medi\u00e7\u00e3o de \u00e1reas e produ\u00e7\u00e3o de plantas parcelares. Fale com a nossa equipa\",\"breadcrumb\":{\"@id\":\"https:\/\/zonaverde.pt\/site\/consultoria\/informacao-geografica\/topografia\/#breadcrumb\"},\"inLanguage\":\"pt-PT\",\"potentialAction\":[{\"@type\":\"ReadAction\",\"target\":[\"https:\/\/zonaverde.pt\/site\/consultoria\/informacao-geografica\/topografia\/\"]}]},{\"@type\":\"ImageObject\",\"inLanguage\":\"pt-PT\",\"@id\":\"https:\/\/zonaverde.pt\/site\/consultoria\/informacao-geografica\/topografia\/#primaryimage\",\"url\":\"https:\/\/zonaverde.pt\/site\/wp-content\/uploads\/2019\/06\/consultoria-cartografia-zonaverde-2.png\",\"contentUrl\":\"https:\/\/zonaverde.pt\/site\/wp-content\/uploads\/2019\/06\/consultoria-cartografia-zonaverde-2.png\",\"width\":834,\"height\":547,\"caption\":\"A ZONAVERDE possui declara\u00e7\u00e3o para o exerc\u00edcio da atividade de produ\u00e7\u00e3o de topografia aceite pela dire\u00e7\u00e3o-geral do territ\u00f3rio.\"},{\"@type\":\"BreadcrumbList\",\"@id\":\"https:\/\/zonaverde.pt\/site\/consultoria\/informacao-geografica\/topografia\/#breadcrumb\",\"itemListElement\":[{\"@type\":\"ListItem\",\"position\":1,\"name\":\"In\u00edcio\",\"item\":\"https:\/\/zonaverde.pt\/site\/\"},{\"@type\":\"ListItem\",\"position\":2,\"name\":\"Consultoria\",\"item\":\"https:\/\/zonaverde.pt\/site\/consultoria\/\"},{\"@type\":\"ListItem\",\"position\":3,\"name\":\"Topografia\"}]},{\"@type\":\"WebSite\",\"@id\":\"https:\/\/zonaverde.pt\/site\/#website\",\"url\":\"https:\/\/zonaverde.pt\/site\/\",\"name\":\"ZONAVERDE | Forma\u00e7\u00e3o e Consultoria\",\"description\":\"ZONAVERDE empresa de Forma\u00e7\u00e3o para particulares e \u00e0 medida para empresas (Presencial e e-Learning) e Consultoria no apoio \u00e0s PME&#039;s.\",\"publisher\":{\"@id\":\"https:\/\/zonaverde.pt\/site\/#organization\"},\"potentialAction\":[{\"@type\":\"SearchAction\",\"target\":{\"@type\":\"EntryPoint\",\"urlTemplate\":\"https:\/\/zonaverde.pt\/site\/?s={search_term_string}\"},\"query-input\":{\"@type\":\"PropertyValueSpecification\",\"valueRequired\":true,\"valueName\":\"search_term_string\"}}],\"inLanguage\":\"pt-PT\"},{\"@type\":\"Organization\",\"@id\":\"https:\/\/zonaverde.pt\/site\/#organization\",\"name\":\"ZONAVERDE | Forma\u00e7\u00e3o e Consultoria\",\"url\":\"https:\/\/zonaverde.pt\/site\/\",\"logo\":{\"@type\":\"ImageObject\",\"inLanguage\":\"pt-PT\",\"@id\":\"https:\/\/zonaverde.pt\/site\/#\/schema\/logo\/image\/\",\"url\":\"https:\/\/zonaverde.pt\/site\/wp-content\/uploads\/2019\/04\/logotipo-zonaverde.png\",\"contentUrl\":\"https:\/\/zonaverde.pt\/site\/wp-content\/uploads\/2019\/04\/logotipo-zonaverde.png\",\"width\":165,\"height\":55,\"caption\":\"ZONAVERDE | Forma\u00e7\u00e3o e Consultoria\"},\"image\":{\"@id\":\"https:\/\/zonaverde.pt\/site\/#\/schema\/logo\/image\/\"},\"sameAs\":[\"https:\/\/www.facebook.com\/zonaverdept\/\",\"https:\/\/www.instagram.com\/zonaverdept\/\",\"https:\/\/linkedin.com\/company\/zonaverdept\",\"https:\/\/www.youtube.com\/user\/ZonaVerdeCEA\"]}]}<\/script>\n<!-- \/ Yoast SEO Premium plugin. -->","yoast_head_json":{"title":"Topografia - Servi\u00e7o de Consultoria | ZONAVERDE","description":"Procura servi\u00e7os de topografia? Fazemos levantamentos, implanta\u00e7\u00f5es (piquetagem), medi\u00e7\u00e3o de \u00e1reas e produ\u00e7\u00e3o de plantas parcelares. Fale com a nossa equipa","robots":{"index":"index","follow":"follow","max-snippet":"max-snippet:-1","max-image-preview":"max-image-preview:large","max-video-preview":"max-video-preview:-1"},"canonical":"https:\/\/zonaverde.pt\/site\/consultoria\/informacao-geografica\/topografia\/","og_locale":"pt_PT","og_type":"article","og_title":"Topografia - Servi\u00e7o de Consultoria | ZONAVERDE","og_description":"Procura servi\u00e7os de topografia? Fazemos levantamentos topogr\u00e1ficos; implanta\u00e7\u00f5es (piquetagem); medi\u00e7\u00e3o de \u00e1reas e produ\u00e7\u00e3o de plantas parcelares.","og_url":"https:\/\/zonaverde.pt\/site\/consultoria\/informacao-geografica\/topografia\/","og_site_name":"ZONAVERDE | Forma\u00e7\u00e3o e Consultoria","article_publisher":"https:\/\/www.facebook.com\/zonaverdept\/","article_modified_time":"2022-07-13T16:45:26+00:00","og_image":[{"width":834,"height":547,"url":"https:\/\/zonaverde.pt\/site\/wp-content\/uploads\/2019\/06\/consultoria-cartografia-zonaverde-2.png","type":"image\/png"}],"twitter_card":"summary_large_image","twitter_title":"Topografia - Servi\u00e7o de Consultoria | ZONAVERDE","twitter_description":"Procura servi\u00e7os de topografia? Fazemos levantamentos topogr\u00e1ficos; implanta\u00e7\u00f5es (piquetagem); medi\u00e7\u00e3o de \u00e1reas e produ\u00e7\u00e3o de plantas parcelares.","schema":{"@context":"https:\/\/schema.org","@graph":[{"@type":"WebPage","@id":"https:\/\/zonaverde.pt\/site\/consultoria\/topografia\/","url":"https:\/\/zonaverde.pt\/site\/consultoria\/informacao-geografica\/topografia\/","name":"Topografia - Servi\u00e7o de Consultoria | ZONAVERDE","isPartOf":{"@id":"https:\/\/zonaverde.pt\/site\/#website"},"primaryImageOfPage":{"@id":"https:\/\/zonaverde.pt\/site\/consultoria\/informacao-geografica\/topografia\/#primaryimage"},"image":{"@id":"https:\/\/zonaverde.pt\/site\/consultoria\/informacao-geografica\/topografia\/#primaryimage"},"thumbnailUrl":"https:\/\/zonaverde.pt\/site\/wp-content\/uploads\/2019\/06\/consultoria-cartografia-zonaverde-2.png","datePublished":"2019-06-18T15:22:58+00:00","dateModified":"2022-07-13T16:45:26+00:00","description":"Procura servi\u00e7os de topografia? Fazemos levantamentos, implanta\u00e7\u00f5es (piquetagem), medi\u00e7\u00e3o de \u00e1reas e produ\u00e7\u00e3o de plantas parcelares. Fale com a nossa equipa","breadcrumb":{"@id":"https:\/\/zonaverde.pt\/site\/consultoria\/informacao-geografica\/topografia\/#breadcrumb"},"inLanguage":"pt-PT","potentialAction":[{"@type":"ReadAction","target":["https:\/\/zonaverde.pt\/site\/consultoria\/informacao-geografica\/topografia\/"]}]},{"@type":"ImageObject","inLanguage":"pt-PT","@id":"https:\/\/zonaverde.pt\/site\/consultoria\/informacao-geografica\/topografia\/#primaryimage","url":"https:\/\/zonaverde.pt\/site\/wp-content\/uploads\/2019\/06\/consultoria-cartografia-zonaverde-2.png","contentUrl":"https:\/\/zonaverde.pt\/site\/wp-content\/uploads\/2019\/06\/consultoria-cartografia-zonaverde-2.png","width":834,"height":547,"caption":"A ZONAVERDE possui declara\u00e7\u00e3o para o exerc\u00edcio da atividade de produ\u00e7\u00e3o de topografia aceite pela dire\u00e7\u00e3o-geral do territ\u00f3rio."},{"@type":"BreadcrumbList","@id":"https:\/\/zonaverde.pt\/site\/consultoria\/informacao-geografica\/topografia\/#breadcrumb","itemListElement":[{"@type":"ListItem","position":1,"name":"In\u00edcio","item":"https:\/\/zonaverde.pt\/site\/"},{"@type":"ListItem","position":2,"name":"Consultoria","item":"https:\/\/zonaverde.pt\/site\/consultoria\/"},{"@type":"ListItem","position":3,"name":"Topografia"}]},{"@type":"WebSite","@id":"https:\/\/zonaverde.pt\/site\/#website","url":"https:\/\/zonaverde.pt\/site\/","name":"ZONAVERDE | Forma\u00e7\u00e3o e Consultoria","description":"ZONAVERDE empresa de Forma\u00e7\u00e3o para particulares e \u00e0 medida para empresas (Presencial e e-Learning) e Consultoria no apoio \u00e0s PME&#039;s.","publisher":{"@id":"https:\/\/zonaverde.pt\/site\/#organization"},"potentialAction":[{"@type":"SearchAction","target":{"@type":"EntryPoint","urlTemplate":"https:\/\/zonaverde.pt\/site\/?s={search_term_string}"},"query-input":{"@type":"PropertyValueSpecification","valueRequired":true,"valueName":"search_term_string"}}],"inLanguage":"pt-PT"},{"@type":"Organization","@id":"https:\/\/zonaverde.pt\/site\/#organization","name":"ZONAVERDE | Forma\u00e7\u00e3o e Consultoria","url":"https:\/\/zonaverde.pt\/site\/","logo":{"@type":"ImageObject","inLanguage":"pt-PT","@id":"https:\/\/zonaverde.pt\/site\/#\/schema\/logo\/image\/","url":"https:\/\/zonaverde.pt\/site\/wp-content\/uploads\/2019\/04\/logotipo-zonaverde.png","contentUrl":"https:\/\/zonaverde.pt\/site\/wp-content\/uploads\/2019\/04\/logotipo-zonaverde.png","width":165,"height":55,"caption":"ZONAVERDE | Forma\u00e7\u00e3o e Consultoria"},"image":{"@id":"https:\/\/zonaverde.pt\/site\/#\/schema\/logo\/image\/"},"sameAs":["https:\/\/www.facebook.com\/zonaverdept\/","https:\/\/www.instagram.com\/zonaverdept\/","https:\/\/linkedin.com\/company\/zonaverdept","https:\/\/www.youtube.com\/user\/ZonaVerdeCEA"]}]}},"_links":{"self":[{"href":"https:\/\/zonaverde.pt\/site\/wp-json\/wp\/v2\/pages\/3806","targetHints":{"allow":["GET"]}}],"collection":[{"href":"https:\/\/zonaverde.pt\/site\/wp-json\/wp\/v2\/pages"}],"about":[{"href":"https:\/\/zonaverde.pt\/site\/wp-json\/wp\/v2\/types\/page"}],"author":[{"embeddable":true,"href":"https:\/\/zonaverde.pt\/site\/wp-json\/wp\/v2\/users\/1"}],"replies":[{"embeddable":true,"href":"https:\/\/zonaverde.pt\/site\/wp-json\/wp\/v2\/comments?post=3806"}],"version-history":[{"count":5,"href":"https:\/\/zonaverde.pt\/site\/wp-json\/wp\/v2\/pages\/3806\/revisions"}],"predecessor-version":[{"id":17018,"href":"https:\/\/zonaverde.pt\/site\/wp-json\/wp\/v2\/pages\/3806\/revisions\/17018"}],"up":[{"embeddable":true,"href":"https:\/\/zonaverde.pt\/site\/wp-json\/wp\/v2\/pages\/3554"}],"wp:featuredmedia":[{"embeddable":true,"href":"https:\/\/zonaverde.pt\/site\/wp-json\/wp\/v2\/media\/4409"}],"wp:attachment":[{"href":"https:\/\/zonaverde.pt\/site\/wp-json\/wp\/v2\/media?parent=3806"}],"curies":[{"name":"wp","href":"https:\/\/api.w.org\/{rel}","templated":true}]}}