{"id":6686,"date":"2019-06-18T14:34:01","date_gmt":"2019-06-18T14:34:01","guid":{"rendered":"https:\/\/zonaverde.pt\/portugal-2020\/"},"modified":"2026-02-13T15:31:30","modified_gmt":"2026-02-13T15:31:30","slug":"portugal-2020","status":"publish","type":"page","link":"https:\/\/zonaverde.pt\/site\/consulting\/portugal-2020\/","title":{"rendered":"Portugal 2020"},"content":{"rendered":"","protected":false},"excerpt":{"rendered":"","protected":false},"author":1,"featured_media":6687,"parent":6643,"menu_order":85,"comment_status":"closed","ping_status":"closed","template":"","meta":{"_acf_changed":false,"footnotes":""},"class_list":["post-6686","page","type-page","status-publish","has-post-thumbnail","hentry","prodpage-classic"],"acf":[],"yoast_head":"<!-- This site is optimized with the Yoast SEO Premium plugin v27.0 (Yoast SEO v27.0) - https:\/\/yoast.com\/product\/yoast-seo-premium-wordpress\/ -->\n<title>Portugal 2020 - applications | ZONAVERDE - training and consultancy<\/title>\n<meta name=\"description\" content=\"ZONAVERDE is a consultant body for the development of solutionsfor companies and entrepreneurs to access Portugal 2020 incentives.\" \/>\n<meta name=\"robots\" content=\"index, follow, max-snippet:-1, max-image-preview:large, max-video-preview:-1\" \/>\n<link rel=\"canonical\" href=\"https:\/\/zonaverde.pt\/site\/consulting\/portugal-2020\/\" \/>\n<meta property=\"og:locale\" content=\"pt_PT\" \/>\n<meta property=\"og:type\" content=\"article\" \/>\n<meta property=\"og:title\" content=\"Portugal 2020 - Candidaturas | ZONAVERDE - Forma\u00e7\u00e3o e Consultoria\" \/>\n<meta property=\"og:description\" content=\"Apoiamos os empres\u00e1rios nas candidaturas Portugal 2020. Desde o desenvolvimento e submiss\u00e3o da candidatura bem como o acompanhamento da execu\u00e7\u00e3o.\" \/>\n<meta property=\"og:url\" content=\"https:\/\/zonaverde.pt\/site\/consulting\/portugal-2020\/\" \/>\n<meta property=\"og:site_name\" content=\"ZONAVERDE | Forma\u00e7\u00e3o e Consultoria\" \/>\n<meta property=\"article:publisher\" content=\"https:\/\/www.facebook.com\/zonaverdept\/\" \/>\n<meta property=\"article:modified_time\" content=\"2026-02-13T15:31:30+00:00\" \/>\n<meta property=\"og:image\" content=\"https:\/\/zonaverde.pt\/site\/wp-content\/uploads\/2019\/07\/candidaturas-portugal-2020-banner-zonaverde.png\" \/>\n\t<meta property=\"og:image:width\" content=\"1920\" \/>\n\t<meta property=\"og:image:height\" content=\"1248\" \/>\n\t<meta property=\"og:image:type\" content=\"image\/png\" \/>\n<meta name=\"twitter:card\" content=\"summary_large_image\" \/>\n<meta name=\"twitter:title\" content=\"Portugal 2020 - Candidaturas | ZONAVERDE - Forma\u00e7\u00e3o e Consultoria\" \/>\n<meta name=\"twitter:description\" content=\"Apoiamos os empres\u00e1rios nas candidaturas Portugal 2020. Desde o desenvolvimento e submiss\u00e3o da candidatura bem como o acompanhamento da execu\u00e7\u00e3o.\" \/>\n<script type=\"application\/ld+json\" class=\"yoast-schema-graph\">{\"@context\":\"https:\/\/schema.org\",\"@graph\":[{\"@type\":\"WebPage\",\"@id\":\"https:\/\/zonaverde.pt\/site\/consulting\/portugal-2020\/\",\"url\":\"https:\/\/zonaverde.pt\/site\/consulting\/portugal-2020\/\",\"name\":\"Portugal 2020 - applications | ZONAVERDE - training and consultancy\",\"isPartOf\":{\"@id\":\"https:\/\/zonaverde.pt\/site\/#website\"},\"primaryImageOfPage\":{\"@id\":\"https:\/\/zonaverde.pt\/site\/consulting\/portugal-2020\/#primaryimage\"},\"image\":{\"@id\":\"https:\/\/zonaverde.pt\/site\/consulting\/portugal-2020\/#primaryimage\"},\"thumbnailUrl\":\"https:\/\/zonaverde.pt\/site\/wp-content\/uploads\/2019\/07\/candidaturas-portugal-2020-banner-zonaverde.png\",\"datePublished\":\"2019-06-18T14:34:01+00:00\",\"dateModified\":\"2026-02-13T15:31:30+00:00\",\"description\":\"ZONAVERDE is a consultant body for the development of solutionsfor companies and entrepreneurs to access Portugal 2020 incentives.\",\"breadcrumb\":{\"@id\":\"https:\/\/zonaverde.pt\/site\/consulting\/portugal-2020\/#breadcrumb\"},\"inLanguage\":\"pt-PT\",\"potentialAction\":[{\"@type\":\"ReadAction\",\"target\":[\"https:\/\/zonaverde.pt\/site\/consulting\/portugal-2020\/\"]}]},{\"@type\":\"ImageObject\",\"inLanguage\":\"pt-PT\",\"@id\":\"https:\/\/zonaverde.pt\/site\/consulting\/portugal-2020\/#primaryimage\",\"url\":\"https:\/\/zonaverde.pt\/site\/wp-content\/uploads\/2019\/07\/candidaturas-portugal-2020-banner-zonaverde.png\",\"contentUrl\":\"https:\/\/zonaverde.pt\/site\/wp-content\/uploads\/2019\/07\/candidaturas-portugal-2020-banner-zonaverde.png\",\"width\":1920,\"height\":1248,\"caption\":\"Numa perspetiva de gest\u00e3o de recursos humanos, trata-se de uma val\u00eancia essencial para conhecer as compet\u00eancias dos seus colaboradores, as responsabilidades a atribuir a cada pessoa e a forma de intera\u00e7\u00e3o entre os diferentes departamentos.\"},{\"@type\":\"BreadcrumbList\",\"@id\":\"https:\/\/zonaverde.pt\/site\/consulting\/portugal-2020\/#breadcrumb\",\"itemListElement\":[{\"@type\":\"ListItem\",\"position\":1,\"name\":\"In\u00edcio\",\"item\":\"https:\/\/zonaverde.pt\/site\/\"},{\"@type\":\"ListItem\",\"position\":2,\"name\":\"Consultoria\",\"item\":\"https:\/\/zonaverde.pt\/site\/consulting\/\"},{\"@type\":\"ListItem\",\"position\":3,\"name\":\"Portugal 2020\"}]},{\"@type\":\"WebSite\",\"@id\":\"https:\/\/zonaverde.pt\/site\/#website\",\"url\":\"https:\/\/zonaverde.pt\/site\/\",\"name\":\"ZONAVERDE | Forma\u00e7\u00e3o e Consultoria\",\"description\":\"ZONAVERDE empresa de Forma\u00e7\u00e3o para particulares e \u00e0 medida para empresas (Presencial e e-Learning) e Consultoria no apoio \u00e0s PME&#039;s.\",\"publisher\":{\"@id\":\"https:\/\/zonaverde.pt\/site\/#organization\"},\"potentialAction\":[{\"@type\":\"SearchAction\",\"target\":{\"@type\":\"EntryPoint\",\"urlTemplate\":\"https:\/\/zonaverde.pt\/site\/?s={search_term_string}\"},\"query-input\":{\"@type\":\"PropertyValueSpecification\",\"valueRequired\":true,\"valueName\":\"search_term_string\"}}],\"inLanguage\":\"pt-PT\"},{\"@type\":\"Organization\",\"@id\":\"https:\/\/zonaverde.pt\/site\/#organization\",\"name\":\"ZONAVERDE | Forma\u00e7\u00e3o e Consultoria\",\"url\":\"https:\/\/zonaverde.pt\/site\/\",\"logo\":{\"@type\":\"ImageObject\",\"inLanguage\":\"pt-PT\",\"@id\":\"https:\/\/zonaverde.pt\/site\/#\/schema\/logo\/image\/\",\"url\":\"https:\/\/zonaverde.pt\/site\/wp-content\/uploads\/2019\/04\/logotipo-zonaverde.png\",\"contentUrl\":\"https:\/\/zonaverde.pt\/site\/wp-content\/uploads\/2019\/04\/logotipo-zonaverde.png\",\"width\":165,\"height\":55,\"caption\":\"ZONAVERDE | Forma\u00e7\u00e3o e Consultoria\"},\"image\":{\"@id\":\"https:\/\/zonaverde.pt\/site\/#\/schema\/logo\/image\/\"},\"sameAs\":[\"https:\/\/www.facebook.com\/zonaverdept\/\",\"https:\/\/www.instagram.com\/zonaverdept\/\",\"https:\/\/linkedin.com\/company\/zonaverdept\",\"https:\/\/www.youtube.com\/user\/ZonaVerdeCEA\"]}]}<\/script>\n<!-- \/ Yoast SEO Premium plugin. -->","yoast_head_json":{"title":"Portugal 2020 - applications | ZONAVERDE - training and consultancy","description":"ZONAVERDE is a consultant body for the development of solutionsfor companies and entrepreneurs to access Portugal 2020 incentives.","robots":{"index":"index","follow":"follow","max-snippet":"max-snippet:-1","max-image-preview":"max-image-preview:large","max-video-preview":"max-video-preview:-1"},"canonical":"https:\/\/zonaverde.pt\/site\/consulting\/portugal-2020\/","og_locale":"pt_PT","og_type":"article","og_title":"Portugal 2020 - Candidaturas | ZONAVERDE - Forma\u00e7\u00e3o e Consultoria","og_description":"Apoiamos os empres\u00e1rios nas candidaturas Portugal 2020. Desde o desenvolvimento e submiss\u00e3o da candidatura bem como o acompanhamento da execu\u00e7\u00e3o.","og_url":"https:\/\/zonaverde.pt\/site\/consulting\/portugal-2020\/","og_site_name":"ZONAVERDE | Forma\u00e7\u00e3o e Consultoria","article_publisher":"https:\/\/www.facebook.com\/zonaverdept\/","article_modified_time":"2026-02-13T15:31:30+00:00","og_image":[{"width":1920,"height":1248,"url":"https:\/\/zonaverde.pt\/site\/wp-content\/uploads\/2019\/07\/candidaturas-portugal-2020-banner-zonaverde.png","type":"image\/png"}],"twitter_card":"summary_large_image","twitter_title":"Portugal 2020 - Candidaturas | ZONAVERDE - Forma\u00e7\u00e3o e Consultoria","twitter_description":"Apoiamos os empres\u00e1rios nas candidaturas Portugal 2020. Desde o desenvolvimento e submiss\u00e3o da candidatura bem como o acompanhamento da execu\u00e7\u00e3o.","schema":{"@context":"https:\/\/schema.org","@graph":[{"@type":"WebPage","@id":"https:\/\/zonaverde.pt\/site\/consulting\/portugal-2020\/","url":"https:\/\/zonaverde.pt\/site\/consulting\/portugal-2020\/","name":"Portugal 2020 - applications | ZONAVERDE - training and consultancy","isPartOf":{"@id":"https:\/\/zonaverde.pt\/site\/#website"},"primaryImageOfPage":{"@id":"https:\/\/zonaverde.pt\/site\/consulting\/portugal-2020\/#primaryimage"},"image":{"@id":"https:\/\/zonaverde.pt\/site\/consulting\/portugal-2020\/#primaryimage"},"thumbnailUrl":"https:\/\/zonaverde.pt\/site\/wp-content\/uploads\/2019\/07\/candidaturas-portugal-2020-banner-zonaverde.png","datePublished":"2019-06-18T14:34:01+00:00","dateModified":"2026-02-13T15:31:30+00:00","description":"ZONAVERDE is a consultant body for the development of solutionsfor companies and entrepreneurs to access Portugal 2020 incentives.","breadcrumb":{"@id":"https:\/\/zonaverde.pt\/site\/consulting\/portugal-2020\/#breadcrumb"},"inLanguage":"pt-PT","potentialAction":[{"@type":"ReadAction","target":["https:\/\/zonaverde.pt\/site\/consulting\/portugal-2020\/"]}]},{"@type":"ImageObject","inLanguage":"pt-PT","@id":"https:\/\/zonaverde.pt\/site\/consulting\/portugal-2020\/#primaryimage","url":"https:\/\/zonaverde.pt\/site\/wp-content\/uploads\/2019\/07\/candidaturas-portugal-2020-banner-zonaverde.png","contentUrl":"https:\/\/zonaverde.pt\/site\/wp-content\/uploads\/2019\/07\/candidaturas-portugal-2020-banner-zonaverde.png","width":1920,"height":1248,"caption":"Numa perspetiva de gest\u00e3o de recursos humanos, trata-se de uma val\u00eancia essencial para conhecer as compet\u00eancias dos seus colaboradores, as responsabilidades a atribuir a cada pessoa e a forma de intera\u00e7\u00e3o entre os diferentes departamentos."},{"@type":"BreadcrumbList","@id":"https:\/\/zonaverde.pt\/site\/consulting\/portugal-2020\/#breadcrumb","itemListElement":[{"@type":"ListItem","position":1,"name":"In\u00edcio","item":"https:\/\/zonaverde.pt\/site\/"},{"@type":"ListItem","position":2,"name":"Consultoria","item":"https:\/\/zonaverde.pt\/site\/consulting\/"},{"@type":"ListItem","position":3,"name":"Portugal 2020"}]},{"@type":"WebSite","@id":"https:\/\/zonaverde.pt\/site\/#website","url":"https:\/\/zonaverde.pt\/site\/","name":"ZONAVERDE | Forma\u00e7\u00e3o e Consultoria","description":"ZONAVERDE empresa de Forma\u00e7\u00e3o para particulares e \u00e0 medida para empresas (Presencial e e-Learning) e Consultoria no apoio \u00e0s PME&#039;s.","publisher":{"@id":"https:\/\/zonaverde.pt\/site\/#organization"},"potentialAction":[{"@type":"SearchAction","target":{"@type":"EntryPoint","urlTemplate":"https:\/\/zonaverde.pt\/site\/?s={search_term_string}"},"query-input":{"@type":"PropertyValueSpecification","valueRequired":true,"valueName":"search_term_string"}}],"inLanguage":"pt-PT"},{"@type":"Organization","@id":"https:\/\/zonaverde.pt\/site\/#organization","name":"ZONAVERDE | Forma\u00e7\u00e3o e Consultoria","url":"https:\/\/zonaverde.pt\/site\/","logo":{"@type":"ImageObject","inLanguage":"pt-PT","@id":"https:\/\/zonaverde.pt\/site\/#\/schema\/logo\/image\/","url":"https:\/\/zonaverde.pt\/site\/wp-content\/uploads\/2019\/04\/logotipo-zonaverde.png","contentUrl":"https:\/\/zonaverde.pt\/site\/wp-content\/uploads\/2019\/04\/logotipo-zonaverde.png","width":165,"height":55,"caption":"ZONAVERDE | Forma\u00e7\u00e3o e Consultoria"},"image":{"@id":"https:\/\/zonaverde.pt\/site\/#\/schema\/logo\/image\/"},"sameAs":["https:\/\/www.facebook.com\/zonaverdept\/","https:\/\/www.instagram.com\/zonaverdept\/","https:\/\/linkedin.com\/company\/zonaverdept","https:\/\/www.youtube.com\/user\/ZonaVerdeCEA"]}]}},"_links":{"self":[{"href":"https:\/\/zonaverde.pt\/site\/wp-json\/wp\/v2\/pages\/6686","targetHints":{"allow":["GET"]}}],"collection":[{"href":"https:\/\/zonaverde.pt\/site\/wp-json\/wp\/v2\/pages"}],"about":[{"href":"https:\/\/zonaverde.pt\/site\/wp-json\/wp\/v2\/types\/page"}],"author":[{"embeddable":true,"href":"https:\/\/zonaverde.pt\/site\/wp-json\/wp\/v2\/users\/1"}],"replies":[{"embeddable":true,"href":"https:\/\/zonaverde.pt\/site\/wp-json\/wp\/v2\/comments?post=6686"}],"version-history":[{"count":6,"href":"https:\/\/zonaverde.pt\/site\/wp-json\/wp\/v2\/pages\/6686\/revisions"}],"predecessor-version":[{"id":70063,"href":"https:\/\/zonaverde.pt\/site\/wp-json\/wp\/v2\/pages\/6686\/revisions\/70063"}],"up":[{"embeddable":true,"href":"https:\/\/zonaverde.pt\/site\/wp-json\/wp\/v2\/pages\/6643"}],"wp:featuredmedia":[{"embeddable":true,"href":"https:\/\/zonaverde.pt\/site\/wp-json\/wp\/v2\/media\/6687"}],"wp:attachment":[{"href":"https:\/\/zonaverde.pt\/site\/wp-json\/wp\/v2\/media?parent=6686"}],"curies":[{"name":"wp","href":"https:\/\/api.w.org\/{rel}","templated":true}]}}