{"id":66885,"date":"2025-01-30T17:26:45","date_gmt":"2025-01-30T17:26:45","guid":{"rendered":"https:\/\/zonaverde.pt\/?page_id=66885"},"modified":"2026-02-10T15:08:38","modified_gmt":"2026-02-10T15:08:38","slug":"nebosh","status":"publish","type":"page","link":"https:\/\/zonaverde.pt\/site\/lp\/nebosh\/","title":{"rendered":"NEBOSH | Portugu\u00eas"},"content":{"rendered":"","protected":false},"excerpt":{"rendered":"","protected":false},"author":7,"featured_media":66900,"parent":12681,"menu_order":7,"comment_status":"closed","ping_status":"closed","template":"","meta":{"_acf_changed":false,"footnotes":""},"class_list":["post-66885","page","type-page","status-publish","has-post-thumbnail","hentry","prodpage-classic"],"acf":[],"yoast_head":"<!-- This site is optimized with the Yoast SEO Premium plugin v27.0 (Yoast SEO v27.0) - https:\/\/yoast.com\/product\/yoast-seo-premium-wordpress\/ -->\n<title>CURSOS NEBOSH | Portugu\u00eas<\/title>\n<meta name=\"description\" content=\"Os cursos NEBOSH s\u00e3o forma\u00e7\u00f5es internacionais em seguran\u00e7a e sa\u00fade no trabalho, reconhecidas globalmente, que desenvolvem compet\u00eancias para a gest\u00e3o eficaz de riscos profissionais.\" \/>\n<meta name=\"robots\" content=\"index, follow, max-snippet:-1, max-image-preview:large, max-video-preview:-1\" \/>\n<link rel=\"canonical\" href=\"https:\/\/zonaverde.pt\/site\/lp\/nebosh\/\" \/>\n<meta property=\"og:locale\" content=\"pt_PT\" \/>\n<meta property=\"og:type\" content=\"article\" \/>\n<meta property=\"og:title\" content=\"NEBOSH | Portugu\u00eas\" \/>\n<meta property=\"og:description\" content=\"Os cursos NEBOSH s\u00e3o forma\u00e7\u00f5es internacionais em seguran\u00e7a e sa\u00fade no trabalho, reconhecidas globalmente, que desenvolvem compet\u00eancias para a gest\u00e3o eficaz de riscos profissionais.\" \/>\n<meta property=\"og:url\" content=\"https:\/\/zonaverde.pt\/site\/lp\/nebosh\/\" \/>\n<meta property=\"og:site_name\" content=\"ZONAVERDE | Forma\u00e7\u00e3o e Consultoria\" \/>\n<meta property=\"article:publisher\" content=\"https:\/\/www.facebook.com\/zonaverdept\/\" \/>\n<meta property=\"article:modified_time\" content=\"2026-02-10T15:08:38+00:00\" \/>\n<meta property=\"og:image\" content=\"https:\/\/zonaverde.pt\/site\/wp-content\/uploads\/cursos-azv-2.png\" \/>\n\t<meta property=\"og:image:width\" content=\"480\" \/>\n\t<meta property=\"og:image:height\" content=\"350\" \/>\n\t<meta property=\"og:image:type\" content=\"image\/png\" \/>\n<meta name=\"twitter:card\" content=\"summary_large_image\" \/>\n<meta name=\"twitter:label1\" content=\"Tempo estimado de leitura\" \/>\n\t<meta name=\"twitter:data1\" content=\"1 minuto\" \/>\n<script type=\"application\/ld+json\" class=\"yoast-schema-graph\">{\"@context\":\"https:\/\/schema.org\",\"@graph\":[{\"@type\":\"WebPage\",\"@id\":\"https:\/\/zonaverde.pt\/site\/lp\/nebosh\/\",\"url\":\"https:\/\/zonaverde.pt\/site\/lp\/nebosh\/\",\"name\":\"CURSOS NEBOSH | Portugu\u00eas\",\"isPartOf\":{\"@id\":\"https:\/\/zonaverde.pt\/site\/#website\"},\"primaryImageOfPage\":{\"@id\":\"https:\/\/zonaverde.pt\/site\/lp\/nebosh\/#primaryimage\"},\"image\":{\"@id\":\"https:\/\/zonaverde.pt\/site\/lp\/nebosh\/#primaryimage\"},\"thumbnailUrl\":\"https:\/\/zonaverde.pt\/site\/wp-content\/uploads\/cursos-azv-2.png\",\"datePublished\":\"2025-01-30T17:26:45+00:00\",\"dateModified\":\"2026-02-10T15:08:38+00:00\",\"description\":\"Os cursos NEBOSH s\u00e3o forma\u00e7\u00f5es internacionais em seguran\u00e7a e sa\u00fade no trabalho, reconhecidas globalmente, que desenvolvem compet\u00eancias para a gest\u00e3o eficaz de riscos profissionais.\",\"breadcrumb\":{\"@id\":\"https:\/\/zonaverde.pt\/site\/lp\/nebosh\/#breadcrumb\"},\"inLanguage\":\"pt-PT\",\"potentialAction\":[{\"@type\":\"ReadAction\",\"target\":[\"https:\/\/zonaverde.pt\/site\/lp\/nebosh\/\"]}]},{\"@type\":\"ImageObject\",\"inLanguage\":\"pt-PT\",\"@id\":\"https:\/\/zonaverde.pt\/site\/lp\/nebosh\/#primaryimage\",\"url\":\"https:\/\/zonaverde.pt\/site\/wp-content\/uploads\/cursos-azv-2.png\",\"contentUrl\":\"https:\/\/zonaverde.pt\/site\/wp-content\/uploads\/cursos-azv-2.png\",\"width\":480,\"height\":350},{\"@type\":\"BreadcrumbList\",\"@id\":\"https:\/\/zonaverde.pt\/site\/lp\/nebosh\/#breadcrumb\",\"itemListElement\":[{\"@type\":\"ListItem\",\"position\":1,\"name\":\"In\u00edcio\",\"item\":\"https:\/\/zonaverde.pt\/site\/\"},{\"@type\":\"ListItem\",\"position\":2,\"name\":\"LP\",\"item\":\"https:\/\/zonaverde.pt\/site\/lp\/\"},{\"@type\":\"ListItem\",\"position\":3,\"name\":\"NEBOSH | Portugu\u00eas\"}]},{\"@type\":\"WebSite\",\"@id\":\"https:\/\/zonaverde.pt\/site\/#website\",\"url\":\"https:\/\/zonaverde.pt\/site\/\",\"name\":\"ZONAVERDE | Forma\u00e7\u00e3o e Consultoria\",\"description\":\"ZONAVERDE empresa de Forma\u00e7\u00e3o para particulares e \u00e0 medida para empresas (Presencial e e-Learning) e Consultoria no apoio \u00e0s PME&#039;s.\",\"publisher\":{\"@id\":\"https:\/\/zonaverde.pt\/site\/#organization\"},\"potentialAction\":[{\"@type\":\"SearchAction\",\"target\":{\"@type\":\"EntryPoint\",\"urlTemplate\":\"https:\/\/zonaverde.pt\/site\/?s={search_term_string}\"},\"query-input\":{\"@type\":\"PropertyValueSpecification\",\"valueRequired\":true,\"valueName\":\"search_term_string\"}}],\"inLanguage\":\"pt-PT\"},{\"@type\":\"Organization\",\"@id\":\"https:\/\/zonaverde.pt\/site\/#organization\",\"name\":\"ZONAVERDE | Forma\u00e7\u00e3o e Consultoria\",\"url\":\"https:\/\/zonaverde.pt\/site\/\",\"logo\":{\"@type\":\"ImageObject\",\"inLanguage\":\"pt-PT\",\"@id\":\"https:\/\/zonaverde.pt\/site\/#\/schema\/logo\/image\/\",\"url\":\"https:\/\/zonaverde.pt\/site\/wp-content\/uploads\/2019\/04\/logotipo-zonaverde.png\",\"contentUrl\":\"https:\/\/zonaverde.pt\/site\/wp-content\/uploads\/2019\/04\/logotipo-zonaverde.png\",\"width\":165,\"height\":55,\"caption\":\"ZONAVERDE | Forma\u00e7\u00e3o e Consultoria\"},\"image\":{\"@id\":\"https:\/\/zonaverde.pt\/site\/#\/schema\/logo\/image\/\"},\"sameAs\":[\"https:\/\/www.facebook.com\/zonaverdept\/\",\"https:\/\/www.instagram.com\/zonaverdept\/\",\"https:\/\/linkedin.com\/company\/zonaverdept\",\"https:\/\/www.youtube.com\/user\/ZonaVerdeCEA\"]}]}<\/script>\n<!-- \/ Yoast SEO Premium plugin. -->","yoast_head_json":{"title":"CURSOS NEBOSH | Portugu\u00eas","description":"Os cursos NEBOSH s\u00e3o forma\u00e7\u00f5es internacionais em seguran\u00e7a e sa\u00fade no trabalho, reconhecidas globalmente, que desenvolvem compet\u00eancias para a gest\u00e3o eficaz de riscos profissionais.","robots":{"index":"index","follow":"follow","max-snippet":"max-snippet:-1","max-image-preview":"max-image-preview:large","max-video-preview":"max-video-preview:-1"},"canonical":"https:\/\/zonaverde.pt\/site\/lp\/nebosh\/","og_locale":"pt_PT","og_type":"article","og_title":"NEBOSH | Portugu\u00eas","og_description":"Os cursos NEBOSH s\u00e3o forma\u00e7\u00f5es internacionais em seguran\u00e7a e sa\u00fade no trabalho, reconhecidas globalmente, que desenvolvem compet\u00eancias para a gest\u00e3o eficaz de riscos profissionais.","og_url":"https:\/\/zonaverde.pt\/site\/lp\/nebosh\/","og_site_name":"ZONAVERDE | Forma\u00e7\u00e3o e Consultoria","article_publisher":"https:\/\/www.facebook.com\/zonaverdept\/","article_modified_time":"2026-02-10T15:08:38+00:00","og_image":[{"width":480,"height":350,"url":"https:\/\/zonaverde.pt\/site\/wp-content\/uploads\/cursos-azv-2.png","type":"image\/png"}],"twitter_card":"summary_large_image","twitter_misc":{"Tempo estimado de leitura":"1 minuto"},"schema":{"@context":"https:\/\/schema.org","@graph":[{"@type":"WebPage","@id":"https:\/\/zonaverde.pt\/site\/lp\/nebosh\/","url":"https:\/\/zonaverde.pt\/site\/lp\/nebosh\/","name":"CURSOS NEBOSH | Portugu\u00eas","isPartOf":{"@id":"https:\/\/zonaverde.pt\/site\/#website"},"primaryImageOfPage":{"@id":"https:\/\/zonaverde.pt\/site\/lp\/nebosh\/#primaryimage"},"image":{"@id":"https:\/\/zonaverde.pt\/site\/lp\/nebosh\/#primaryimage"},"thumbnailUrl":"https:\/\/zonaverde.pt\/site\/wp-content\/uploads\/cursos-azv-2.png","datePublished":"2025-01-30T17:26:45+00:00","dateModified":"2026-02-10T15:08:38+00:00","description":"Os cursos NEBOSH s\u00e3o forma\u00e7\u00f5es internacionais em seguran\u00e7a e sa\u00fade no trabalho, reconhecidas globalmente, que desenvolvem compet\u00eancias para a gest\u00e3o eficaz de riscos profissionais.","breadcrumb":{"@id":"https:\/\/zonaverde.pt\/site\/lp\/nebosh\/#breadcrumb"},"inLanguage":"pt-PT","potentialAction":[{"@type":"ReadAction","target":["https:\/\/zonaverde.pt\/site\/lp\/nebosh\/"]}]},{"@type":"ImageObject","inLanguage":"pt-PT","@id":"https:\/\/zonaverde.pt\/site\/lp\/nebosh\/#primaryimage","url":"https:\/\/zonaverde.pt\/site\/wp-content\/uploads\/cursos-azv-2.png","contentUrl":"https:\/\/zonaverde.pt\/site\/wp-content\/uploads\/cursos-azv-2.png","width":480,"height":350},{"@type":"BreadcrumbList","@id":"https:\/\/zonaverde.pt\/site\/lp\/nebosh\/#breadcrumb","itemListElement":[{"@type":"ListItem","position":1,"name":"In\u00edcio","item":"https:\/\/zonaverde.pt\/site\/"},{"@type":"ListItem","position":2,"name":"LP","item":"https:\/\/zonaverde.pt\/site\/lp\/"},{"@type":"ListItem","position":3,"name":"NEBOSH | Portugu\u00eas"}]},{"@type":"WebSite","@id":"https:\/\/zonaverde.pt\/site\/#website","url":"https:\/\/zonaverde.pt\/site\/","name":"ZONAVERDE | Forma\u00e7\u00e3o e Consultoria","description":"ZONAVERDE empresa de Forma\u00e7\u00e3o para particulares e \u00e0 medida para empresas (Presencial e e-Learning) e Consultoria no apoio \u00e0s PME&#039;s.","publisher":{"@id":"https:\/\/zonaverde.pt\/site\/#organization"},"potentialAction":[{"@type":"SearchAction","target":{"@type":"EntryPoint","urlTemplate":"https:\/\/zonaverde.pt\/site\/?s={search_term_string}"},"query-input":{"@type":"PropertyValueSpecification","valueRequired":true,"valueName":"search_term_string"}}],"inLanguage":"pt-PT"},{"@type":"Organization","@id":"https:\/\/zonaverde.pt\/site\/#organization","name":"ZONAVERDE | Forma\u00e7\u00e3o e Consultoria","url":"https:\/\/zonaverde.pt\/site\/","logo":{"@type":"ImageObject","inLanguage":"pt-PT","@id":"https:\/\/zonaverde.pt\/site\/#\/schema\/logo\/image\/","url":"https:\/\/zonaverde.pt\/site\/wp-content\/uploads\/2019\/04\/logotipo-zonaverde.png","contentUrl":"https:\/\/zonaverde.pt\/site\/wp-content\/uploads\/2019\/04\/logotipo-zonaverde.png","width":165,"height":55,"caption":"ZONAVERDE | Forma\u00e7\u00e3o e Consultoria"},"image":{"@id":"https:\/\/zonaverde.pt\/site\/#\/schema\/logo\/image\/"},"sameAs":["https:\/\/www.facebook.com\/zonaverdept\/","https:\/\/www.instagram.com\/zonaverdept\/","https:\/\/linkedin.com\/company\/zonaverdept","https:\/\/www.youtube.com\/user\/ZonaVerdeCEA"]}]}},"_links":{"self":[{"href":"https:\/\/zonaverde.pt\/site\/wp-json\/wp\/v2\/pages\/66885","targetHints":{"allow":["GET"]}}],"collection":[{"href":"https:\/\/zonaverde.pt\/site\/wp-json\/wp\/v2\/pages"}],"about":[{"href":"https:\/\/zonaverde.pt\/site\/wp-json\/wp\/v2\/types\/page"}],"author":[{"embeddable":true,"href":"https:\/\/zonaverde.pt\/site\/wp-json\/wp\/v2\/users\/7"}],"replies":[{"embeddable":true,"href":"https:\/\/zonaverde.pt\/site\/wp-json\/wp\/v2\/comments?post=66885"}],"version-history":[{"count":10,"href":"https:\/\/zonaverde.pt\/site\/wp-json\/wp\/v2\/pages\/66885\/revisions"}],"predecessor-version":[{"id":69988,"href":"https:\/\/zonaverde.pt\/site\/wp-json\/wp\/v2\/pages\/66885\/revisions\/69988"}],"up":[{"embeddable":true,"href":"https:\/\/zonaverde.pt\/site\/wp-json\/wp\/v2\/pages\/12681"}],"wp:featuredmedia":[{"embeddable":true,"href":"https:\/\/zonaverde.pt\/site\/wp-json\/wp\/v2\/media\/66900"}],"wp:attachment":[{"href":"https:\/\/zonaverde.pt\/site\/wp-json\/wp\/v2\/media?parent=66885"}],"curies":[{"name":"wp","href":"https:\/\/api.w.org\/{rel}","templated":true}]}}