{"id":6823,"date":"2019-12-04T09:15:22","date_gmt":"2019-12-04T09:15:22","guid":{"rendered":"https:\/\/zonaverde.pt\/?page_id=6823"},"modified":"2020-09-29T13:01:33","modified_gmt":"2020-09-29T13:01:33","slug":"about-zonaverde","status":"publish","type":"page","link":"https:\/\/zonaverde.pt\/site\/about-zonaverde\/","title":{"rendered":"ABOUT ZONAVERDE"},"content":{"rendered":"","protected":false},"excerpt":{"rendered":"","protected":false},"author":1,"featured_media":6818,"parent":0,"menu_order":26,"comment_status":"closed","ping_status":"closed","template":"","meta":{"_acf_changed":false,"footnotes":""},"class_list":["post-6823","page","type-page","status-publish","has-post-thumbnail","hentry","prodpage-classic"],"acf":[],"yoast_head":"<!-- This site is optimized with the Yoast SEO Premium plugin v27.0 (Yoast SEO v27.0) - https:\/\/yoast.com\/product\/yoast-seo-premium-wordpress\/ -->\n<title>Sobre n\u00f3s - A ZONAVERDE | Forma\u00e7\u00e3o e Consultoria<\/title>\n<meta name=\"description\" content=\"A ZONAVERDE \u00e9 uma empresa de forma\u00e7\u00e3o e consultoria. Somos uma refer\u00eancia no desenvolvimento de solu\u00e7\u00f5es ajustadas \u00e0s necessidades dos clientes.\" \/>\n<meta name=\"robots\" content=\"index, follow, max-snippet:-1, max-image-preview:large, max-video-preview:-1\" \/>\n<link rel=\"canonical\" href=\"https:\/\/zonaverde.pt\/site\/about-zonaverde\/\" \/>\n<meta property=\"og:locale\" content=\"pt_PT\" \/>\n<meta property=\"og:type\" content=\"article\" \/>\n<meta property=\"og:title\" content=\"Sobre n\u00f3s - A ZONAVERDE | Forma\u00e7\u00e3o e Consultoria\" \/>\n<meta property=\"og:description\" content=\"A ZONAVERDE \u00e9 uma empresa de forma\u00e7\u00e3o e consultoria. Somos uma refer\u00eancia no desenvolvimento de solu\u00e7\u00f5es ajustadas \u00e0s necessidades dos clientes.\" \/>\n<meta property=\"og:url\" content=\"https:\/\/zonaverde.pt\/site\/about-zonaverde\/\" \/>\n<meta property=\"og:site_name\" content=\"ZONAVERDE | Forma\u00e7\u00e3o e Consultoria\" \/>\n<meta property=\"article:publisher\" content=\"https:\/\/www.facebook.com\/zonaverdept\/\" \/>\n<meta property=\"article:modified_time\" content=\"2020-09-29T13:01:33+00:00\" \/>\n<meta property=\"og:image\" content=\"https:\/\/zonaverde.pt\/site\/wp-content\/uploads\/2019\/09\/Sobre-no\u0301s-ZONAVERDE-banner.jpg\" \/>\n\t<meta property=\"og:image:width\" content=\"1920\" \/>\n\t<meta property=\"og:image:height\" content=\"1248\" \/>\n\t<meta property=\"og:image:type\" content=\"image\/jpeg\" \/>\n<meta name=\"twitter:card\" content=\"summary_large_image\" \/>\n<meta name=\"twitter:title\" content=\"Sobre n\u00f3s - A ZONAVERDE | Forma\u00e7\u00e3o e Consultoria\" \/>\n<meta name=\"twitter:description\" content=\"A ZONAVERDE \u00e9 uma empresa de forma\u00e7\u00e3o e consultoria. Somos uma refer\u00eancia no desenvolvimento de solu\u00e7\u00f5es ajustadas \u00e0s necessidades dos clientes.\" \/>\n<meta name=\"twitter:image\" content=\"https:\/\/zonaverde.pt\/site\/wp-content\/uploads\/2019\/09\/Sobre-no\u0301s-ZONAVERDE-banner.jpg\" \/>\n<script type=\"application\/ld+json\" class=\"yoast-schema-graph\">{\"@context\":\"https:\/\/schema.org\",\"@graph\":[{\"@type\":\"WebPage\",\"@id\":\"https:\/\/zonaverde.pt\/site\/about-zonaverde\/\",\"url\":\"https:\/\/zonaverde.pt\/site\/about-zonaverde\/\",\"name\":\"Sobre n\u00f3s - A ZONAVERDE | Forma\u00e7\u00e3o e Consultoria\",\"isPartOf\":{\"@id\":\"https:\/\/zonaverde.pt\/site\/#website\"},\"primaryImageOfPage\":{\"@id\":\"https:\/\/zonaverde.pt\/site\/about-zonaverde\/#primaryimage\"},\"image\":{\"@id\":\"https:\/\/zonaverde.pt\/site\/about-zonaverde\/#primaryimage\"},\"thumbnailUrl\":\"https:\/\/zonaverde.pt\/site\/wp-content\/uploads\/2019\/09\/Sobre-no\u0301s-ZONAVERDE-banner.jpg\",\"datePublished\":\"2019-12-04T09:15:22+00:00\",\"dateModified\":\"2020-09-29T13:01:33+00:00\",\"description\":\"A ZONAVERDE \u00e9 uma empresa de forma\u00e7\u00e3o e consultoria. Somos uma refer\u00eancia no desenvolvimento de solu\u00e7\u00f5es ajustadas \u00e0s necessidades dos clientes.\",\"breadcrumb\":{\"@id\":\"https:\/\/zonaverde.pt\/site\/about-zonaverde\/#breadcrumb\"},\"inLanguage\":\"pt-PT\",\"potentialAction\":[{\"@type\":\"ReadAction\",\"target\":[\"https:\/\/zonaverde.pt\/site\/about-zonaverde\/\"]}]},{\"@type\":\"ImageObject\",\"inLanguage\":\"pt-PT\",\"@id\":\"https:\/\/zonaverde.pt\/site\/about-zonaverde\/#primaryimage\",\"url\":\"https:\/\/zonaverde.pt\/site\/wp-content\/uploads\/2019\/09\/Sobre-no\u0301s-ZONAVERDE-banner.jpg\",\"contentUrl\":\"https:\/\/zonaverde.pt\/site\/wp-content\/uploads\/2019\/09\/Sobre-no\u0301s-ZONAVERDE-banner.jpg\",\"width\":1920,\"height\":1248,\"caption\":\"O capital humano \u00e9 o principal motor das organiza\u00e7\u00f5es e o foco da nossa equipa.\"},{\"@type\":\"BreadcrumbList\",\"@id\":\"https:\/\/zonaverde.pt\/site\/about-zonaverde\/#breadcrumb\",\"itemListElement\":[{\"@type\":\"ListItem\",\"position\":1,\"name\":\"In\u00edcio\",\"item\":\"https:\/\/zonaverde.pt\/site\/\"},{\"@type\":\"ListItem\",\"position\":2,\"name\":\"ABOUT ZONAVERDE\"}]},{\"@type\":\"WebSite\",\"@id\":\"https:\/\/zonaverde.pt\/site\/#website\",\"url\":\"https:\/\/zonaverde.pt\/site\/\",\"name\":\"ZONAVERDE | Forma\u00e7\u00e3o e Consultoria\",\"description\":\"ZONAVERDE empresa de Forma\u00e7\u00e3o para particulares e \u00e0 medida para empresas (Presencial e e-Learning) e Consultoria no apoio \u00e0s PME&#039;s.\",\"publisher\":{\"@id\":\"https:\/\/zonaverde.pt\/site\/#organization\"},\"potentialAction\":[{\"@type\":\"SearchAction\",\"target\":{\"@type\":\"EntryPoint\",\"urlTemplate\":\"https:\/\/zonaverde.pt\/site\/?s={search_term_string}\"},\"query-input\":{\"@type\":\"PropertyValueSpecification\",\"valueRequired\":true,\"valueName\":\"search_term_string\"}}],\"inLanguage\":\"pt-PT\"},{\"@type\":\"Organization\",\"@id\":\"https:\/\/zonaverde.pt\/site\/#organization\",\"name\":\"ZONAVERDE | Forma\u00e7\u00e3o e Consultoria\",\"url\":\"https:\/\/zonaverde.pt\/site\/\",\"logo\":{\"@type\":\"ImageObject\",\"inLanguage\":\"pt-PT\",\"@id\":\"https:\/\/zonaverde.pt\/site\/#\/schema\/logo\/image\/\",\"url\":\"https:\/\/zonaverde.pt\/site\/wp-content\/uploads\/2019\/04\/logotipo-zonaverde.png\",\"contentUrl\":\"https:\/\/zonaverde.pt\/site\/wp-content\/uploads\/2019\/04\/logotipo-zonaverde.png\",\"width\":165,\"height\":55,\"caption\":\"ZONAVERDE | Forma\u00e7\u00e3o e Consultoria\"},\"image\":{\"@id\":\"https:\/\/zonaverde.pt\/site\/#\/schema\/logo\/image\/\"},\"sameAs\":[\"https:\/\/www.facebook.com\/zonaverdept\/\",\"https:\/\/www.instagram.com\/zonaverdept\/\",\"https:\/\/linkedin.com\/company\/zonaverdept\",\"https:\/\/www.youtube.com\/user\/ZonaVerdeCEA\"]}]}<\/script>\n<!-- \/ Yoast SEO Premium plugin. -->","yoast_head_json":{"title":"Sobre n\u00f3s - A ZONAVERDE | Forma\u00e7\u00e3o e Consultoria","description":"A ZONAVERDE \u00e9 uma empresa de forma\u00e7\u00e3o e consultoria. Somos uma refer\u00eancia no desenvolvimento de solu\u00e7\u00f5es ajustadas \u00e0s necessidades dos clientes.","robots":{"index":"index","follow":"follow","max-snippet":"max-snippet:-1","max-image-preview":"max-image-preview:large","max-video-preview":"max-video-preview:-1"},"canonical":"https:\/\/zonaverde.pt\/site\/about-zonaverde\/","og_locale":"pt_PT","og_type":"article","og_title":"Sobre n\u00f3s - A ZONAVERDE | Forma\u00e7\u00e3o e Consultoria","og_description":"A ZONAVERDE \u00e9 uma empresa de forma\u00e7\u00e3o e consultoria. Somos uma refer\u00eancia no desenvolvimento de solu\u00e7\u00f5es ajustadas \u00e0s necessidades dos clientes.","og_url":"https:\/\/zonaverde.pt\/site\/about-zonaverde\/","og_site_name":"ZONAVERDE | Forma\u00e7\u00e3o e Consultoria","article_publisher":"https:\/\/www.facebook.com\/zonaverdept\/","article_modified_time":"2020-09-29T13:01:33+00:00","og_image":[{"width":1920,"height":1248,"url":"https:\/\/zonaverde.pt\/site\/wp-content\/uploads\/2019\/09\/Sobre-no\u0301s-ZONAVERDE-banner.jpg","type":"image\/jpeg"}],"twitter_card":"summary_large_image","twitter_title":"Sobre n\u00f3s - A ZONAVERDE | Forma\u00e7\u00e3o e Consultoria","twitter_description":"A ZONAVERDE \u00e9 uma empresa de forma\u00e7\u00e3o e consultoria. Somos uma refer\u00eancia no desenvolvimento de solu\u00e7\u00f5es ajustadas \u00e0s necessidades dos clientes.","twitter_image":"https:\/\/zonaverde.pt\/site\/wp-content\/uploads\/2019\/09\/Sobre-no\u0301s-ZONAVERDE-banner.jpg","schema":{"@context":"https:\/\/schema.org","@graph":[{"@type":"WebPage","@id":"https:\/\/zonaverde.pt\/site\/about-zonaverde\/","url":"https:\/\/zonaverde.pt\/site\/about-zonaverde\/","name":"Sobre n\u00f3s - A ZONAVERDE | Forma\u00e7\u00e3o e Consultoria","isPartOf":{"@id":"https:\/\/zonaverde.pt\/site\/#website"},"primaryImageOfPage":{"@id":"https:\/\/zonaverde.pt\/site\/about-zonaverde\/#primaryimage"},"image":{"@id":"https:\/\/zonaverde.pt\/site\/about-zonaverde\/#primaryimage"},"thumbnailUrl":"https:\/\/zonaverde.pt\/site\/wp-content\/uploads\/2019\/09\/Sobre-no\u0301s-ZONAVERDE-banner.jpg","datePublished":"2019-12-04T09:15:22+00:00","dateModified":"2020-09-29T13:01:33+00:00","description":"A ZONAVERDE \u00e9 uma empresa de forma\u00e7\u00e3o e consultoria. Somos uma refer\u00eancia no desenvolvimento de solu\u00e7\u00f5es ajustadas \u00e0s necessidades dos clientes.","breadcrumb":{"@id":"https:\/\/zonaverde.pt\/site\/about-zonaverde\/#breadcrumb"},"inLanguage":"pt-PT","potentialAction":[{"@type":"ReadAction","target":["https:\/\/zonaverde.pt\/site\/about-zonaverde\/"]}]},{"@type":"ImageObject","inLanguage":"pt-PT","@id":"https:\/\/zonaverde.pt\/site\/about-zonaverde\/#primaryimage","url":"https:\/\/zonaverde.pt\/site\/wp-content\/uploads\/2019\/09\/Sobre-no\u0301s-ZONAVERDE-banner.jpg","contentUrl":"https:\/\/zonaverde.pt\/site\/wp-content\/uploads\/2019\/09\/Sobre-no\u0301s-ZONAVERDE-banner.jpg","width":1920,"height":1248,"caption":"O capital humano \u00e9 o principal motor das organiza\u00e7\u00f5es e o foco da nossa equipa."},{"@type":"BreadcrumbList","@id":"https:\/\/zonaverde.pt\/site\/about-zonaverde\/#breadcrumb","itemListElement":[{"@type":"ListItem","position":1,"name":"In\u00edcio","item":"https:\/\/zonaverde.pt\/site\/"},{"@type":"ListItem","position":2,"name":"ABOUT ZONAVERDE"}]},{"@type":"WebSite","@id":"https:\/\/zonaverde.pt\/site\/#website","url":"https:\/\/zonaverde.pt\/site\/","name":"ZONAVERDE | Forma\u00e7\u00e3o e Consultoria","description":"ZONAVERDE empresa de Forma\u00e7\u00e3o para particulares e \u00e0 medida para empresas (Presencial e e-Learning) e Consultoria no apoio \u00e0s PME&#039;s.","publisher":{"@id":"https:\/\/zonaverde.pt\/site\/#organization"},"potentialAction":[{"@type":"SearchAction","target":{"@type":"EntryPoint","urlTemplate":"https:\/\/zonaverde.pt\/site\/?s={search_term_string}"},"query-input":{"@type":"PropertyValueSpecification","valueRequired":true,"valueName":"search_term_string"}}],"inLanguage":"pt-PT"},{"@type":"Organization","@id":"https:\/\/zonaverde.pt\/site\/#organization","name":"ZONAVERDE | Forma\u00e7\u00e3o e Consultoria","url":"https:\/\/zonaverde.pt\/site\/","logo":{"@type":"ImageObject","inLanguage":"pt-PT","@id":"https:\/\/zonaverde.pt\/site\/#\/schema\/logo\/image\/","url":"https:\/\/zonaverde.pt\/site\/wp-content\/uploads\/2019\/04\/logotipo-zonaverde.png","contentUrl":"https:\/\/zonaverde.pt\/site\/wp-content\/uploads\/2019\/04\/logotipo-zonaverde.png","width":165,"height":55,"caption":"ZONAVERDE | Forma\u00e7\u00e3o e Consultoria"},"image":{"@id":"https:\/\/zonaverde.pt\/site\/#\/schema\/logo\/image\/"},"sameAs":["https:\/\/www.facebook.com\/zonaverdept\/","https:\/\/www.instagram.com\/zonaverdept\/","https:\/\/linkedin.com\/company\/zonaverdept","https:\/\/www.youtube.com\/user\/ZonaVerdeCEA"]}]}},"_links":{"self":[{"href":"https:\/\/zonaverde.pt\/site\/wp-json\/wp\/v2\/pages\/6823","targetHints":{"allow":["GET"]}}],"collection":[{"href":"https:\/\/zonaverde.pt\/site\/wp-json\/wp\/v2\/pages"}],"about":[{"href":"https:\/\/zonaverde.pt\/site\/wp-json\/wp\/v2\/types\/page"}],"author":[{"embeddable":true,"href":"https:\/\/zonaverde.pt\/site\/wp-json\/wp\/v2\/users\/1"}],"replies":[{"embeddable":true,"href":"https:\/\/zonaverde.pt\/site\/wp-json\/wp\/v2\/comments?post=6823"}],"version-history":[{"count":5,"href":"https:\/\/zonaverde.pt\/site\/wp-json\/wp\/v2\/pages\/6823\/revisions"}],"predecessor-version":[{"id":15596,"href":"https:\/\/zonaverde.pt\/site\/wp-json\/wp\/v2\/pages\/6823\/revisions\/15596"}],"wp:featuredmedia":[{"embeddable":true,"href":"https:\/\/zonaverde.pt\/site\/wp-json\/wp\/v2\/media\/6818"}],"wp:attachment":[{"href":"https:\/\/zonaverde.pt\/site\/wp-json\/wp\/v2\/media?parent=6823"}],"curies":[{"name":"wp","href":"https:\/\/api.w.org\/{rel}","templated":true}]}}