{"id":62304,"date":"2024-02-07T17:55:13","date_gmt":"2024-02-07T17:55:13","guid":{"rendered":"https:\/\/zonaverde.pt\/?post_type=product&#038;p=62304"},"modified":"2026-03-19T14:40:20","modified_gmt":"2026-03-19T14:40:20","slug":"ciberseguranca-nas-empresas-prevencao-e-resposta-a-ameacas-digitais","status":"publish","type":"product","link":"https:\/\/zonaverde.pt\/site\/produto\/ciberseguranca-nas-empresas-prevencao-e-resposta-a-ameacas-digitais\/","title":{"rendered":"Ciberseguran\u00e7a nas Empresas: preven\u00e7\u00e3o e resposta a amea\u00e7as digitais"},"content":{"rendered":"","protected":false},"excerpt":{"rendered":"<h3><strong>Pretende navegar na internet de forma segura e proteger-se a si \u00e0 sua empresa de ciberataques?<\/strong><\/h3>\n<p>A ciberseguran\u00e7a engloba um conjunto de meios, de t\u00e9cnicas e de tecnologias, que visam proteger computadores, programas, redes e dados, de danos e invas\u00f5es. Com este <strong>curso pr\u00e1tico<\/strong> e que inclui <strong>aulas em direto<\/strong>, ir\u00e1 conhecer as amea\u00e7as digitais e como se proteger destas, utilizando t\u00e9cnicas, ferramentas e comportamentos adequados no ciberespa\u00e7o.<\/p>\n<p>\ud83d\udc49 <strong>Curso para grupos pr\u00e9-definidos (colaboradores de empresas)<\/strong><\/p>\n","protected":false},"featured_media":62317,"template":"","meta":{"_acf_changed":false},"product_brand":[],"product_cat":[4468],"product_tag":[4490],"class_list":{"0":"post-62304","1":"product","2":"type-product","3":"status-publish","4":"has-post-thumbnail","6":"product_cat-cheque-digital","7":"product_tag-necessario-contacto","9":"first","10":"instock","11":"taxable","12":"shipping-taxable","13":"purchasable","14":"product-type-variable","15":"prodpage-classic"},"acf":[],"yoast_head":"<!-- This site is optimized with the Yoast SEO Premium plugin v27.0 (Yoast SEO v27.0) - https:\/\/yoast.com\/product\/yoast-seo-premium-wordpress\/ -->\n<title>Ciberseguran\u00e7a nas Empresas: preven\u00e7\u00e3o e resposta a amea\u00e7as digitais - ZONAVERDE | Forma\u00e7\u00e3o e Consultoria<\/title>\n<meta name=\"robots\" content=\"index, follow, max-snippet:-1, max-image-preview:large, max-video-preview:-1\" \/>\n<link rel=\"canonical\" href=\"https:\/\/zonaverde.pt\/site\/produto\/ciberseguranca-nas-empresas-prevencao-e-resposta-a-ameacas-digitais\/\" \/>\n<meta property=\"og:locale\" content=\"pt_PT\" \/>\n<meta property=\"og:type\" content=\"article\" \/>\n<meta property=\"og:title\" content=\"Ciberseguran\u00e7a nas Empresas: preven\u00e7\u00e3o e resposta a amea\u00e7as digitais\" \/>\n<meta property=\"og:description\" content=\"Pretende navegar na internet de forma segura e proteger-se a si \u00e0 sua empresa de ciberataques? A ciberseguran\u00e7a engloba um conjunto de meios, de t\u00e9cnicas e de tecnologias, que visam proteger computadores, programas, redes e dados, de danos e invas\u00f5es. Com este curso pr\u00e1tico e que inclui aulas em direto, ir\u00e1 conhecer as amea\u00e7as digitais e como se proteger destas, utilizando t\u00e9cnicas, ferramentas e comportamentos adequados no ciberespa\u00e7o.  \ud83d\udc49 Curso para grupos pr\u00e9-definidos (colaboradores de empresas)\" \/>\n<meta property=\"og:url\" content=\"https:\/\/zonaverde.pt\/site\/produto\/ciberseguranca-nas-empresas-prevencao-e-resposta-a-ameacas-digitais\/\" \/>\n<meta property=\"og:site_name\" content=\"ZONAVERDE | Forma\u00e7\u00e3o e Consultoria\" \/>\n<meta property=\"article:publisher\" content=\"https:\/\/www.facebook.com\/zonaverdept\/\" \/>\n<meta property=\"article:modified_time\" content=\"2026-03-19T14:40:20+00:00\" \/>\n<meta property=\"og:image\" content=\"https:\/\/zonaverde.pt\/site\/wp-content\/uploads\/imagem-curso-zonaverde.jpg\" \/>\n\t<meta property=\"og:image:width\" content=\"670\" \/>\n\t<meta property=\"og:image:height\" content=\"670\" \/>\n\t<meta property=\"og:image:type\" content=\"image\/jpeg\" \/>\n<meta name=\"twitter:card\" content=\"summary_large_image\" \/>\n<meta name=\"twitter:label1\" content=\"Disponibilidade\" \/>\n\t<meta name=\"twitter:data1\" content=\"Em stock\" \/>\n<script type=\"application\/ld+json\" class=\"yoast-schema-graph\">{\"@context\":\"https:\/\/schema.org\",\"@graph\":[{\"@type\":[\"WebPage\",\"ItemPage\"],\"@id\":\"https:\/\/zonaverde.pt\/site\/produto\/ciberseguranca-nas-empresas-prevencao-e-resposta-a-ameacas-digitais\/\",\"url\":\"https:\/\/zonaverde.pt\/site\/produto\/ciberseguranca-nas-empresas-prevencao-e-resposta-a-ameacas-digitais\/\",\"name\":\"Ciberseguran\u00e7a nas Empresas: preven\u00e7\u00e3o e resposta a amea\u00e7as digitais - ZONAVERDE | Forma\u00e7\u00e3o e Consultoria\",\"isPartOf\":{\"@id\":\"https:\/\/zonaverde.pt\/site\/#website\"},\"primaryImageOfPage\":{\"@id\":\"https:\/\/zonaverde.pt\/site\/produto\/ciberseguranca-nas-empresas-prevencao-e-resposta-a-ameacas-digitais\/#primaryimage\"},\"image\":{\"@id\":\"https:\/\/zonaverde.pt\/site\/produto\/ciberseguranca-nas-empresas-prevencao-e-resposta-a-ameacas-digitais\/#primaryimage\"},\"thumbnailUrl\":\"https:\/\/zonaverde.pt\/site\/wp-content\/uploads\/imagem-curso-zonaverde.jpg\",\"datePublished\":\"2024-02-07T17:55:13+00:00\",\"dateModified\":\"2026-03-19T14:40:20+00:00\",\"breadcrumb\":{\"@id\":\"https:\/\/zonaverde.pt\/site\/produto\/ciberseguranca-nas-empresas-prevencao-e-resposta-a-ameacas-digitais\/#breadcrumb\"},\"inLanguage\":\"pt-PT\",\"potentialAction\":[{\"@type\":\"ReadAction\",\"target\":[\"https:\/\/zonaverde.pt\/site\/produto\/ciberseguranca-nas-empresas-prevencao-e-resposta-a-ameacas-digitais\/\"]}]},{\"@type\":\"ImageObject\",\"inLanguage\":\"pt-PT\",\"@id\":\"https:\/\/zonaverde.pt\/site\/produto\/ciberseguranca-nas-empresas-prevencao-e-resposta-a-ameacas-digitais\/#primaryimage\",\"url\":\"https:\/\/zonaverde.pt\/site\/wp-content\/uploads\/imagem-curso-zonaverde.jpg\",\"contentUrl\":\"https:\/\/zonaverde.pt\/site\/wp-content\/uploads\/imagem-curso-zonaverde.jpg\",\"width\":670,\"height\":670},{\"@type\":\"BreadcrumbList\",\"@id\":\"https:\/\/zonaverde.pt\/site\/produto\/ciberseguranca-nas-empresas-prevencao-e-resposta-a-ameacas-digitais\/#breadcrumb\",\"itemListElement\":[{\"@type\":\"ListItem\",\"position\":1,\"name\":\"In\u00edcio\",\"item\":\"https:\/\/zonaverde.pt\/site\/\"},{\"@type\":\"ListItem\",\"position\":2,\"name\":\"As nossas ofertas\",\"item\":\"https:\/\/zonaverde.pt\/site\/as-nossas-ofertas\/\"},{\"@type\":\"ListItem\",\"position\":3,\"name\":\"Ciberseguran\u00e7a nas Empresas: preven\u00e7\u00e3o e resposta a amea\u00e7as digitais\"}]},{\"@type\":\"WebSite\",\"@id\":\"https:\/\/zonaverde.pt\/site\/#website\",\"url\":\"https:\/\/zonaverde.pt\/site\/\",\"name\":\"ZONAVERDE | Forma\u00e7\u00e3o e Consultoria\",\"description\":\"ZONAVERDE empresa de Forma\u00e7\u00e3o para particulares e \u00e0 medida para empresas (Presencial e e-Learning) e Consultoria no apoio \u00e0s PME&#039;s.\",\"publisher\":{\"@id\":\"https:\/\/zonaverde.pt\/site\/#organization\"},\"potentialAction\":[{\"@type\":\"SearchAction\",\"target\":{\"@type\":\"EntryPoint\",\"urlTemplate\":\"https:\/\/zonaverde.pt\/site\/?s={search_term_string}\"},\"query-input\":{\"@type\":\"PropertyValueSpecification\",\"valueRequired\":true,\"valueName\":\"search_term_string\"}}],\"inLanguage\":\"pt-PT\"},{\"@type\":\"Organization\",\"@id\":\"https:\/\/zonaverde.pt\/site\/#organization\",\"name\":\"ZONAVERDE | Forma\u00e7\u00e3o e Consultoria\",\"url\":\"https:\/\/zonaverde.pt\/site\/\",\"logo\":{\"@type\":\"ImageObject\",\"inLanguage\":\"pt-PT\",\"@id\":\"https:\/\/zonaverde.pt\/site\/#\/schema\/logo\/image\/\",\"url\":\"https:\/\/zonaverde.pt\/site\/wp-content\/uploads\/2019\/04\/logotipo-zonaverde.png\",\"contentUrl\":\"https:\/\/zonaverde.pt\/site\/wp-content\/uploads\/2019\/04\/logotipo-zonaverde.png\",\"width\":165,\"height\":55,\"caption\":\"ZONAVERDE | Forma\u00e7\u00e3o e Consultoria\"},\"image\":{\"@id\":\"https:\/\/zonaverde.pt\/site\/#\/schema\/logo\/image\/\"},\"sameAs\":[\"https:\/\/www.facebook.com\/zonaverdept\/\",\"https:\/\/www.instagram.com\/zonaverdept\/\",\"https:\/\/linkedin.com\/company\/zonaverdept\",\"https:\/\/www.youtube.com\/user\/ZonaVerdeCEA\"]}]}<\/script>\n<meta property=\"og:availability\" content=\"instock\" \/>\n<meta property=\"product:availability\" content=\"instock\" \/>\n<meta property=\"product:condition\" content=\"new\" \/>\n<!-- \/ Yoast SEO Premium plugin. -->","yoast_head_json":{"title":"Ciberseguran\u00e7a nas Empresas: preven\u00e7\u00e3o e resposta a amea\u00e7as digitais - ZONAVERDE | Forma\u00e7\u00e3o e Consultoria","robots":{"index":"index","follow":"follow","max-snippet":"max-snippet:-1","max-image-preview":"max-image-preview:large","max-video-preview":"max-video-preview:-1"},"canonical":"https:\/\/zonaverde.pt\/site\/produto\/ciberseguranca-nas-empresas-prevencao-e-resposta-a-ameacas-digitais\/","og_locale":"pt_PT","og_type":"article","og_title":"Ciberseguran\u00e7a nas Empresas: preven\u00e7\u00e3o e resposta a amea\u00e7as digitais","og_description":"Pretende navegar na internet de forma segura e proteger-se a si \u00e0 sua empresa de ciberataques? A ciberseguran\u00e7a engloba um conjunto de meios, de t\u00e9cnicas e de tecnologias, que visam proteger computadores, programas, redes e dados, de danos e invas\u00f5es. Com este curso pr\u00e1tico e que inclui aulas em direto, ir\u00e1 conhecer as amea\u00e7as digitais e como se proteger destas, utilizando t\u00e9cnicas, ferramentas e comportamentos adequados no ciberespa\u00e7o.  \ud83d\udc49 Curso para grupos pr\u00e9-definidos (colaboradores de empresas)","og_url":"https:\/\/zonaverde.pt\/site\/produto\/ciberseguranca-nas-empresas-prevencao-e-resposta-a-ameacas-digitais\/","og_site_name":"ZONAVERDE | Forma\u00e7\u00e3o e Consultoria","article_publisher":"https:\/\/www.facebook.com\/zonaverdept\/","article_modified_time":"2026-03-19T14:40:20+00:00","og_image":[{"width":670,"height":670,"url":"https:\/\/zonaverde.pt\/site\/wp-content\/uploads\/imagem-curso-zonaverde.jpg","type":"image\/jpeg"}],"twitter_card":"summary_large_image","twitter_misc":{"Disponibilidade":"Em stock"},"schema":{"@context":"https:\/\/schema.org","@graph":[{"@type":["WebPage","ItemPage"],"@id":"https:\/\/zonaverde.pt\/site\/produto\/ciberseguranca-nas-empresas-prevencao-e-resposta-a-ameacas-digitais\/","url":"https:\/\/zonaverde.pt\/site\/produto\/ciberseguranca-nas-empresas-prevencao-e-resposta-a-ameacas-digitais\/","name":"Ciberseguran\u00e7a nas Empresas: preven\u00e7\u00e3o e resposta a amea\u00e7as digitais - ZONAVERDE | Forma\u00e7\u00e3o e Consultoria","isPartOf":{"@id":"https:\/\/zonaverde.pt\/site\/#website"},"primaryImageOfPage":{"@id":"https:\/\/zonaverde.pt\/site\/produto\/ciberseguranca-nas-empresas-prevencao-e-resposta-a-ameacas-digitais\/#primaryimage"},"image":{"@id":"https:\/\/zonaverde.pt\/site\/produto\/ciberseguranca-nas-empresas-prevencao-e-resposta-a-ameacas-digitais\/#primaryimage"},"thumbnailUrl":"https:\/\/zonaverde.pt\/site\/wp-content\/uploads\/imagem-curso-zonaverde.jpg","datePublished":"2024-02-07T17:55:13+00:00","dateModified":"2026-03-19T14:40:20+00:00","breadcrumb":{"@id":"https:\/\/zonaverde.pt\/site\/produto\/ciberseguranca-nas-empresas-prevencao-e-resposta-a-ameacas-digitais\/#breadcrumb"},"inLanguage":"pt-PT","potentialAction":[{"@type":"ReadAction","target":["https:\/\/zonaverde.pt\/site\/produto\/ciberseguranca-nas-empresas-prevencao-e-resposta-a-ameacas-digitais\/"]}]},{"@type":"ImageObject","inLanguage":"pt-PT","@id":"https:\/\/zonaverde.pt\/site\/produto\/ciberseguranca-nas-empresas-prevencao-e-resposta-a-ameacas-digitais\/#primaryimage","url":"https:\/\/zonaverde.pt\/site\/wp-content\/uploads\/imagem-curso-zonaverde.jpg","contentUrl":"https:\/\/zonaverde.pt\/site\/wp-content\/uploads\/imagem-curso-zonaverde.jpg","width":670,"height":670},{"@type":"BreadcrumbList","@id":"https:\/\/zonaverde.pt\/site\/produto\/ciberseguranca-nas-empresas-prevencao-e-resposta-a-ameacas-digitais\/#breadcrumb","itemListElement":[{"@type":"ListItem","position":1,"name":"In\u00edcio","item":"https:\/\/zonaverde.pt\/site\/"},{"@type":"ListItem","position":2,"name":"As nossas ofertas","item":"https:\/\/zonaverde.pt\/site\/as-nossas-ofertas\/"},{"@type":"ListItem","position":3,"name":"Ciberseguran\u00e7a nas Empresas: preven\u00e7\u00e3o e resposta a amea\u00e7as digitais"}]},{"@type":"WebSite","@id":"https:\/\/zonaverde.pt\/site\/#website","url":"https:\/\/zonaverde.pt\/site\/","name":"ZONAVERDE | Forma\u00e7\u00e3o e Consultoria","description":"ZONAVERDE empresa de Forma\u00e7\u00e3o para particulares e \u00e0 medida para empresas (Presencial e e-Learning) e Consultoria no apoio \u00e0s PME&#039;s.","publisher":{"@id":"https:\/\/zonaverde.pt\/site\/#organization"},"potentialAction":[{"@type":"SearchAction","target":{"@type":"EntryPoint","urlTemplate":"https:\/\/zonaverde.pt\/site\/?s={search_term_string}"},"query-input":{"@type":"PropertyValueSpecification","valueRequired":true,"valueName":"search_term_string"}}],"inLanguage":"pt-PT"},{"@type":"Organization","@id":"https:\/\/zonaverde.pt\/site\/#organization","name":"ZONAVERDE | Forma\u00e7\u00e3o e Consultoria","url":"https:\/\/zonaverde.pt\/site\/","logo":{"@type":"ImageObject","inLanguage":"pt-PT","@id":"https:\/\/zonaverde.pt\/site\/#\/schema\/logo\/image\/","url":"https:\/\/zonaverde.pt\/site\/wp-content\/uploads\/2019\/04\/logotipo-zonaverde.png","contentUrl":"https:\/\/zonaverde.pt\/site\/wp-content\/uploads\/2019\/04\/logotipo-zonaverde.png","width":165,"height":55,"caption":"ZONAVERDE | Forma\u00e7\u00e3o e Consultoria"},"image":{"@id":"https:\/\/zonaverde.pt\/site\/#\/schema\/logo\/image\/"},"sameAs":["https:\/\/www.facebook.com\/zonaverdept\/","https:\/\/www.instagram.com\/zonaverdept\/","https:\/\/linkedin.com\/company\/zonaverdept","https:\/\/www.youtube.com\/user\/ZonaVerdeCEA"]}]},"og_availability":"instock","product_availability":"instock","product_condition":"new"},"_links":{"self":[{"href":"https:\/\/zonaverde.pt\/site\/wp-json\/wp\/v2\/product\/62304","targetHints":{"allow":["GET"]}}],"collection":[{"href":"https:\/\/zonaverde.pt\/site\/wp-json\/wp\/v2\/product"}],"about":[{"href":"https:\/\/zonaverde.pt\/site\/wp-json\/wp\/v2\/types\/product"}],"wp:featuredmedia":[{"embeddable":true,"href":"https:\/\/zonaverde.pt\/site\/wp-json\/wp\/v2\/media\/62317"}],"wp:attachment":[{"href":"https:\/\/zonaverde.pt\/site\/wp-json\/wp\/v2\/media?parent=62304"}],"wp:term":[{"taxonomy":"product_brand","embeddable":true,"href":"https:\/\/zonaverde.pt\/site\/wp-json\/wp\/v2\/product_brand?post=62304"},{"taxonomy":"product_cat","embeddable":true,"href":"https:\/\/zonaverde.pt\/site\/wp-json\/wp\/v2\/product_cat?post=62304"},{"taxonomy":"product_tag","embeddable":true,"href":"https:\/\/zonaverde.pt\/site\/wp-json\/wp\/v2\/product_tag?post=62304"}],"curies":[{"name":"wp","href":"https:\/\/api.w.org\/{rel}","templated":true}]}}