{"id":67197,"date":"2025-03-06T17:44:56","date_gmt":"2025-03-06T17:44:56","guid":{"rendered":"https:\/\/zonaverde.pt\/?post_type=product&#038;p=67197"},"modified":"2026-03-11T14:15:09","modified_gmt":"2026-03-11T14:15:09","slug":"nebosh-hse-certificate-in-health-and-safety-leadership-excellence","status":"publish","type":"product","link":"https:\/\/zonaverde.pt\/site\/produto\/nebosh-hse-certificate-in-health-and-safety-leadership-excellence\/","title":{"rendered":"NEBOSH HSE Certificate in Health and Safety Leadership Excellence"},"content":{"rendered":"","protected":false},"excerpt":{"rendered":"<p>Torne-se um profissional certificado pelo <strong>NEBOSH<\/strong> HSE em Health and Safety Leadership Excellence<\/p>\n<p>Este curso, com dura\u00e7\u00e3o de 7 horas, realizado totalmente \u00e0 dist\u00e2ncia (aulas em direto), vai permitir aos participantes compreenderem como os seus comportamentos e responsabilidades t\u00eam impacto diretamente na gest\u00e3o de sa\u00fade e seguran\u00e7a.<\/p>\n<p>&nbsp;<\/p>\n","protected":false},"featured_media":67222,"template":"","meta":{"_acf_changed":false},"product_brand":[],"product_cat":[4486],"product_tag":[],"class_list":{"0":"post-67197","1":"product","2":"type-product","3":"status-publish","4":"has-post-thumbnail","6":"product_cat-nebosh-ingles","8":"first","9":"instock","10":"sold-individually","11":"taxable","12":"shipping-taxable","13":"purchasable","14":"product-type-variable","15":"has-default-attributes","16":"prodpage-classic"},"acf":[],"yoast_head":"<!-- This site is optimized with the Yoast SEO Premium plugin v27.0 (Yoast SEO v27.0) - https:\/\/yoast.com\/product\/yoast-seo-premium-wordpress\/ -->\n<title>NEBOSH HSE Certificate in Health and Safety Leadership Excellence - ZONAVERDE | Forma\u00e7\u00e3o e Consultoria<\/title>\n<meta name=\"description\" content=\"Torne-se um profissional certificado pelo NEBOSH HSE em Health and Safety Leadership Excellence\" \/>\n<meta name=\"robots\" content=\"index, follow, max-snippet:-1, max-image-preview:large, max-video-preview:-1\" \/>\n<link rel=\"canonical\" href=\"https:\/\/zonaverde.pt\/site\/produto\/nebosh-hse-certificate-in-health-and-safety-leadership-excellence\/\" \/>\n<meta property=\"og:locale\" content=\"pt_PT\" \/>\n<meta property=\"og:type\" content=\"article\" \/>\n<meta property=\"og:title\" content=\"NEBOSH HSE Certificate in Health and Safety Leadership Excellence\" \/>\n<meta property=\"og:description\" content=\"Torne-se um profissional certificado pelo NEBOSH HSE em Health and Safety Leadership Excellence\" \/>\n<meta property=\"og:url\" content=\"https:\/\/zonaverde.pt\/site\/produto\/nebosh-hse-certificate-in-health-and-safety-leadership-excellence\/\" \/>\n<meta property=\"og:site_name\" content=\"ZONAVERDE | Forma\u00e7\u00e3o e Consultoria\" \/>\n<meta property=\"article:publisher\" content=\"https:\/\/www.facebook.com\/zonaverdept\/\" \/>\n<meta property=\"article:modified_time\" content=\"2026-03-11T14:15:09+00:00\" \/>\n<meta property=\"og:image\" content=\"https:\/\/zonaverde.pt\/site\/wp-content\/uploads\/cursos-azv-Nebosh-HSL-HSL.png\" \/>\n\t<meta property=\"og:image:width\" content=\"480\" \/>\n\t<meta property=\"og:image:height\" content=\"350\" \/>\n\t<meta property=\"og:image:type\" content=\"image\/png\" \/>\n<meta name=\"twitter:card\" content=\"summary_large_image\" \/>\n<meta name=\"twitter:label1\" content=\"Disponibilidade\" \/>\n\t<meta name=\"twitter:data1\" content=\"Em stock\" \/>\n<script type=\"application\/ld+json\" class=\"yoast-schema-graph\">{\"@context\":\"https:\/\/schema.org\",\"@graph\":[{\"@type\":[\"WebPage\",\"ItemPage\"],\"@id\":\"https:\/\/zonaverde.pt\/site\/produto\/nebosh-hse-certificate-in-health-and-safety-leadership-excellence\/\",\"url\":\"https:\/\/zonaverde.pt\/site\/produto\/nebosh-hse-certificate-in-health-and-safety-leadership-excellence\/\",\"name\":\"NEBOSH HSE Certificate in Health and Safety Leadership Excellence - ZONAVERDE | Forma\u00e7\u00e3o e Consultoria\",\"isPartOf\":{\"@id\":\"https:\/\/zonaverde.pt\/site\/#website\"},\"primaryImageOfPage\":{\"@id\":\"https:\/\/zonaverde.pt\/site\/produto\/nebosh-hse-certificate-in-health-and-safety-leadership-excellence\/#primaryimage\"},\"image\":{\"@id\":\"https:\/\/zonaverde.pt\/site\/produto\/nebosh-hse-certificate-in-health-and-safety-leadership-excellence\/#primaryimage\"},\"thumbnailUrl\":\"https:\/\/zonaverde.pt\/site\/wp-content\/uploads\/cursos-azv-Nebosh-HSL-HSL.png\",\"datePublished\":\"2025-03-06T17:44:56+00:00\",\"dateModified\":\"2026-03-11T14:15:09+00:00\",\"description\":\"Torne-se um profissional certificado pelo NEBOSH HSE em Health and Safety Leadership Excellence\",\"breadcrumb\":{\"@id\":\"https:\/\/zonaverde.pt\/site\/produto\/nebosh-hse-certificate-in-health-and-safety-leadership-excellence\/#breadcrumb\"},\"inLanguage\":\"pt-PT\",\"potentialAction\":[{\"@type\":\"ReadAction\",\"target\":[\"https:\/\/zonaverde.pt\/site\/produto\/nebosh-hse-certificate-in-health-and-safety-leadership-excellence\/\"]}]},{\"@type\":\"ImageObject\",\"inLanguage\":\"pt-PT\",\"@id\":\"https:\/\/zonaverde.pt\/site\/produto\/nebosh-hse-certificate-in-health-and-safety-leadership-excellence\/#primaryimage\",\"url\":\"https:\/\/zonaverde.pt\/site\/wp-content\/uploads\/cursos-azv-Nebosh-HSL-HSL.png\",\"contentUrl\":\"https:\/\/zonaverde.pt\/site\/wp-content\/uploads\/cursos-azv-Nebosh-HSL-HSL.png\",\"width\":480,\"height\":350},{\"@type\":\"BreadcrumbList\",\"@id\":\"https:\/\/zonaverde.pt\/site\/produto\/nebosh-hse-certificate-in-health-and-safety-leadership-excellence\/#breadcrumb\",\"itemListElement\":[{\"@type\":\"ListItem\",\"position\":1,\"name\":\"In\u00edcio\",\"item\":\"https:\/\/zonaverde.pt\/site\/\"},{\"@type\":\"ListItem\",\"position\":2,\"name\":\"As nossas ofertas\",\"item\":\"https:\/\/zonaverde.pt\/site\/as-nossas-ofertas\/\"},{\"@type\":\"ListItem\",\"position\":3,\"name\":\"NEBOSH HSE Certificate in Health and Safety Leadership Excellence\"}]},{\"@type\":\"WebSite\",\"@id\":\"https:\/\/zonaverde.pt\/site\/#website\",\"url\":\"https:\/\/zonaverde.pt\/site\/\",\"name\":\"ZONAVERDE | Forma\u00e7\u00e3o e Consultoria\",\"description\":\"ZONAVERDE empresa de Forma\u00e7\u00e3o para particulares e \u00e0 medida para empresas (Presencial e e-Learning) e Consultoria no apoio \u00e0s PME&#039;s.\",\"publisher\":{\"@id\":\"https:\/\/zonaverde.pt\/site\/#organization\"},\"potentialAction\":[{\"@type\":\"SearchAction\",\"target\":{\"@type\":\"EntryPoint\",\"urlTemplate\":\"https:\/\/zonaverde.pt\/site\/?s={search_term_string}\"},\"query-input\":{\"@type\":\"PropertyValueSpecification\",\"valueRequired\":true,\"valueName\":\"search_term_string\"}}],\"inLanguage\":\"pt-PT\"},{\"@type\":\"Organization\",\"@id\":\"https:\/\/zonaverde.pt\/site\/#organization\",\"name\":\"ZONAVERDE | Forma\u00e7\u00e3o e Consultoria\",\"url\":\"https:\/\/zonaverde.pt\/site\/\",\"logo\":{\"@type\":\"ImageObject\",\"inLanguage\":\"pt-PT\",\"@id\":\"https:\/\/zonaverde.pt\/site\/#\/schema\/logo\/image\/\",\"url\":\"https:\/\/zonaverde.pt\/site\/wp-content\/uploads\/2019\/04\/logotipo-zonaverde.png\",\"contentUrl\":\"https:\/\/zonaverde.pt\/site\/wp-content\/uploads\/2019\/04\/logotipo-zonaverde.png\",\"width\":165,\"height\":55,\"caption\":\"ZONAVERDE | Forma\u00e7\u00e3o e Consultoria\"},\"image\":{\"@id\":\"https:\/\/zonaverde.pt\/site\/#\/schema\/logo\/image\/\"},\"sameAs\":[\"https:\/\/www.facebook.com\/zonaverdept\/\",\"https:\/\/www.instagram.com\/zonaverdept\/\",\"https:\/\/linkedin.com\/company\/zonaverdept\",\"https:\/\/www.youtube.com\/user\/ZonaVerdeCEA\"]}]}<\/script>\n<meta property=\"og:availability\" content=\"instock\" \/>\n<meta property=\"product:availability\" content=\"instock\" \/>\n<meta property=\"product:condition\" content=\"new\" \/>\n<!-- \/ Yoast SEO Premium plugin. -->","yoast_head_json":{"title":"NEBOSH HSE Certificate in Health and Safety Leadership Excellence - ZONAVERDE | Forma\u00e7\u00e3o e Consultoria","description":"Torne-se um profissional certificado pelo NEBOSH HSE em Health and Safety Leadership Excellence","robots":{"index":"index","follow":"follow","max-snippet":"max-snippet:-1","max-image-preview":"max-image-preview:large","max-video-preview":"max-video-preview:-1"},"canonical":"https:\/\/zonaverde.pt\/site\/produto\/nebosh-hse-certificate-in-health-and-safety-leadership-excellence\/","og_locale":"pt_PT","og_type":"article","og_title":"NEBOSH HSE Certificate in Health and Safety Leadership Excellence","og_description":"Torne-se um profissional certificado pelo NEBOSH HSE em Health and Safety Leadership Excellence","og_url":"https:\/\/zonaverde.pt\/site\/produto\/nebosh-hse-certificate-in-health-and-safety-leadership-excellence\/","og_site_name":"ZONAVERDE | Forma\u00e7\u00e3o e Consultoria","article_publisher":"https:\/\/www.facebook.com\/zonaverdept\/","article_modified_time":"2026-03-11T14:15:09+00:00","og_image":[{"width":480,"height":350,"url":"https:\/\/zonaverde.pt\/site\/wp-content\/uploads\/cursos-azv-Nebosh-HSL-HSL.png","type":"image\/png"}],"twitter_card":"summary_large_image","twitter_misc":{"Disponibilidade":"Em stock"},"schema":{"@context":"https:\/\/schema.org","@graph":[{"@type":["WebPage","ItemPage"],"@id":"https:\/\/zonaverde.pt\/site\/produto\/nebosh-hse-certificate-in-health-and-safety-leadership-excellence\/","url":"https:\/\/zonaverde.pt\/site\/produto\/nebosh-hse-certificate-in-health-and-safety-leadership-excellence\/","name":"NEBOSH HSE Certificate in Health and Safety Leadership Excellence - ZONAVERDE | Forma\u00e7\u00e3o e Consultoria","isPartOf":{"@id":"https:\/\/zonaverde.pt\/site\/#website"},"primaryImageOfPage":{"@id":"https:\/\/zonaverde.pt\/site\/produto\/nebosh-hse-certificate-in-health-and-safety-leadership-excellence\/#primaryimage"},"image":{"@id":"https:\/\/zonaverde.pt\/site\/produto\/nebosh-hse-certificate-in-health-and-safety-leadership-excellence\/#primaryimage"},"thumbnailUrl":"https:\/\/zonaverde.pt\/site\/wp-content\/uploads\/cursos-azv-Nebosh-HSL-HSL.png","datePublished":"2025-03-06T17:44:56+00:00","dateModified":"2026-03-11T14:15:09+00:00","description":"Torne-se um profissional certificado pelo NEBOSH HSE em Health and Safety Leadership Excellence","breadcrumb":{"@id":"https:\/\/zonaverde.pt\/site\/produto\/nebosh-hse-certificate-in-health-and-safety-leadership-excellence\/#breadcrumb"},"inLanguage":"pt-PT","potentialAction":[{"@type":"ReadAction","target":["https:\/\/zonaverde.pt\/site\/produto\/nebosh-hse-certificate-in-health-and-safety-leadership-excellence\/"]}]},{"@type":"ImageObject","inLanguage":"pt-PT","@id":"https:\/\/zonaverde.pt\/site\/produto\/nebosh-hse-certificate-in-health-and-safety-leadership-excellence\/#primaryimage","url":"https:\/\/zonaverde.pt\/site\/wp-content\/uploads\/cursos-azv-Nebosh-HSL-HSL.png","contentUrl":"https:\/\/zonaverde.pt\/site\/wp-content\/uploads\/cursos-azv-Nebosh-HSL-HSL.png","width":480,"height":350},{"@type":"BreadcrumbList","@id":"https:\/\/zonaverde.pt\/site\/produto\/nebosh-hse-certificate-in-health-and-safety-leadership-excellence\/#breadcrumb","itemListElement":[{"@type":"ListItem","position":1,"name":"In\u00edcio","item":"https:\/\/zonaverde.pt\/site\/"},{"@type":"ListItem","position":2,"name":"As nossas ofertas","item":"https:\/\/zonaverde.pt\/site\/as-nossas-ofertas\/"},{"@type":"ListItem","position":3,"name":"NEBOSH HSE Certificate in Health and Safety Leadership Excellence"}]},{"@type":"WebSite","@id":"https:\/\/zonaverde.pt\/site\/#website","url":"https:\/\/zonaverde.pt\/site\/","name":"ZONAVERDE | Forma\u00e7\u00e3o e Consultoria","description":"ZONAVERDE empresa de Forma\u00e7\u00e3o para particulares e \u00e0 medida para empresas (Presencial e e-Learning) e Consultoria no apoio \u00e0s PME&#039;s.","publisher":{"@id":"https:\/\/zonaverde.pt\/site\/#organization"},"potentialAction":[{"@type":"SearchAction","target":{"@type":"EntryPoint","urlTemplate":"https:\/\/zonaverde.pt\/site\/?s={search_term_string}"},"query-input":{"@type":"PropertyValueSpecification","valueRequired":true,"valueName":"search_term_string"}}],"inLanguage":"pt-PT"},{"@type":"Organization","@id":"https:\/\/zonaverde.pt\/site\/#organization","name":"ZONAVERDE | Forma\u00e7\u00e3o e Consultoria","url":"https:\/\/zonaverde.pt\/site\/","logo":{"@type":"ImageObject","inLanguage":"pt-PT","@id":"https:\/\/zonaverde.pt\/site\/#\/schema\/logo\/image\/","url":"https:\/\/zonaverde.pt\/site\/wp-content\/uploads\/2019\/04\/logotipo-zonaverde.png","contentUrl":"https:\/\/zonaverde.pt\/site\/wp-content\/uploads\/2019\/04\/logotipo-zonaverde.png","width":165,"height":55,"caption":"ZONAVERDE | Forma\u00e7\u00e3o e Consultoria"},"image":{"@id":"https:\/\/zonaverde.pt\/site\/#\/schema\/logo\/image\/"},"sameAs":["https:\/\/www.facebook.com\/zonaverdept\/","https:\/\/www.instagram.com\/zonaverdept\/","https:\/\/linkedin.com\/company\/zonaverdept","https:\/\/www.youtube.com\/user\/ZonaVerdeCEA"]}]},"og_availability":"instock","product_availability":"instock","product_condition":"new"},"_links":{"self":[{"href":"https:\/\/zonaverde.pt\/site\/wp-json\/wp\/v2\/product\/67197","targetHints":{"allow":["GET"]}}],"collection":[{"href":"https:\/\/zonaverde.pt\/site\/wp-json\/wp\/v2\/product"}],"about":[{"href":"https:\/\/zonaverde.pt\/site\/wp-json\/wp\/v2\/types\/product"}],"wp:featuredmedia":[{"embeddable":true,"href":"https:\/\/zonaverde.pt\/site\/wp-json\/wp\/v2\/media\/67222"}],"wp:attachment":[{"href":"https:\/\/zonaverde.pt\/site\/wp-json\/wp\/v2\/media?parent=67197"}],"wp:term":[{"taxonomy":"product_brand","embeddable":true,"href":"https:\/\/zonaverde.pt\/site\/wp-json\/wp\/v2\/product_brand?post=67197"},{"taxonomy":"product_cat","embeddable":true,"href":"https:\/\/zonaverde.pt\/site\/wp-json\/wp\/v2\/product_cat?post=67197"},{"taxonomy":"product_tag","embeddable":true,"href":"https:\/\/zonaverde.pt\/site\/wp-json\/wp\/v2\/product_tag?post=67197"}],"curies":[{"name":"wp","href":"https:\/\/api.w.org\/{rel}","templated":true}]}}