{"id":69834,"date":"2026-01-30T12:14:56","date_gmt":"2026-01-30T12:14:56","guid":{"rendered":"https:\/\/zonaverde.pt\/site\/?post_type=product&#038;p=69834"},"modified":"2026-03-11T14:07:53","modified_gmt":"2026-03-11T14:07:53","slug":"nebosh-internacional-general-certificate-in-occupational-health-and-safety-gic","status":"publish","type":"product","link":"https:\/\/zonaverde.pt\/site\/produto\/nebosh-internacional-general-certificate-in-occupational-health-and-safety-gic\/","title":{"rendered":"NEBOSH Internacional General Certificate in Occupational Health and Safety (GIC)"},"content":{"rendered":"","protected":false},"excerpt":{"rendered":"<div>\n<p>A certifica\u00e7\u00e3o NEBOSH \u00e9 reconhecida Mundialmente, pelos elevados padr\u00f5es de exig\u00eancia e qualidade na \u00e1rea da Seguran\u00e7a.<br \/>\nCada vez mais as empresas Multinacionais procuram profissionais com qualifica\u00e7\u00e3o NEBOSH (National Examination Board in Occupational Safety and Health).<\/p>\n<\/div>\n<div>\n<p>Torne-se um profissional certificado pelo\u00a0NEBOSH\u00a0na \u00e1rea da seguran\u00e7a e sa\u00fade ocupacional e impulsione a sua carreira.<\/p>\n<p>Frequente este curso online, realizado 100% em aulas em direto, e obtenha a certifica\u00e7\u00e3o internacional na \u00e1rea\u00a0da seguran\u00e7a e sa\u00fade ocupacional.<\/p>\n<\/div>\n<p>&nbsp;<\/p>\n","protected":false},"featured_media":67796,"template":"","meta":{"_acf_changed":false},"product_brand":[],"product_cat":[4486],"product_tag":[],"class_list":{"0":"post-69834","1":"product","2":"type-product","3":"status-publish","4":"has-post-thumbnail","6":"product_cat-nebosh-ingles","8":"first","9":"instock","10":"sold-individually","11":"taxable","12":"shipping-taxable","13":"purchasable","14":"product-type-variable","15":"has-default-attributes","16":"prodpage-classic"},"acf":[],"yoast_head":"<!-- This site is optimized with the Yoast SEO Premium plugin v27.0 (Yoast SEO v27.0) - https:\/\/yoast.com\/product\/yoast-seo-premium-wordpress\/ -->\n<title>Nebosh Internacional General Certificate in Occupational Health and Safety<\/title>\n<meta name=\"description\" content=\"A certifica\u00e7\u00e3o NEBOSH \u00e9 reconhecida Mundialmente, pelos elevados padr\u00f5es de exig\u00eancia e qualidade na \u00e1rea da Seguran\u00e7a. Torne-se um profissional certificado pelo\u00a0NEBOSH\u00a0na \u00e1rea da seguran\u00e7a e sa\u00fade ocupacional\" \/>\n<meta name=\"robots\" content=\"index, follow, max-snippet:-1, max-image-preview:large, max-video-preview:-1\" \/>\n<link rel=\"canonical\" href=\"https:\/\/zonaverde.pt\/site\/produto\/nebosh-internacional-general-certificate-in-occupational-health-and-safety-gic\/\" \/>\n<meta property=\"og:locale\" content=\"pt_PT\" \/>\n<meta property=\"og:type\" content=\"article\" \/>\n<meta property=\"og:title\" content=\"NEBOSH Internacional General Certificate in Occupational Health and Safety (GIC)\" \/>\n<meta property=\"og:description\" content=\"A certifica\u00e7\u00e3o NEBOSH \u00e9 reconhecida Mundialmente, pelos elevados padr\u00f5es de exig\u00eancia e qualidade na \u00e1rea da Seguran\u00e7a. Torne-se um profissional certificado pelo\u00a0NEBOSH\u00a0na \u00e1rea da seguran\u00e7a e sa\u00fade ocupacional\" \/>\n<meta property=\"og:url\" content=\"https:\/\/zonaverde.pt\/site\/produto\/nebosh-internacional-general-certificate-in-occupational-health-and-safety-gic\/\" \/>\n<meta property=\"og:site_name\" content=\"ZONAVERDE | Forma\u00e7\u00e3o e Consultoria\" \/>\n<meta property=\"article:publisher\" content=\"https:\/\/www.facebook.com\/zonaverdept\/\" \/>\n<meta property=\"article:modified_time\" content=\"2026-03-11T14:07:53+00:00\" \/>\n<meta property=\"og:image\" content=\"https:\/\/zonaverde.pt\/site\/wp-content\/uploads\/cursos-azv-3-1.png\" \/>\n\t<meta property=\"og:image:width\" content=\"480\" \/>\n\t<meta property=\"og:image:height\" content=\"350\" \/>\n\t<meta property=\"og:image:type\" content=\"image\/png\" \/>\n<meta name=\"twitter:card\" content=\"summary_large_image\" \/>\n<meta name=\"twitter:label1\" content=\"Disponibilidade\" \/>\n\t<meta name=\"twitter:data1\" content=\"Em stock\" \/>\n<script type=\"application\/ld+json\" class=\"yoast-schema-graph\">{\"@context\":\"https:\/\/schema.org\",\"@graph\":[{\"@type\":[\"WebPage\",\"ItemPage\"],\"@id\":\"https:\/\/zonaverde.pt\/site\/produto\/nebosh-internacional-general-certificate-in-occupational-health-and-safety-gic\/\",\"url\":\"https:\/\/zonaverde.pt\/site\/produto\/nebosh-internacional-general-certificate-in-occupational-health-and-safety-gic\/\",\"name\":\"Nebosh Internacional General Certificate in Occupational Health and Safety\",\"isPartOf\":{\"@id\":\"https:\/\/zonaverde.pt\/site\/#website\"},\"primaryImageOfPage\":{\"@id\":\"https:\/\/zonaverde.pt\/site\/produto\/nebosh-internacional-general-certificate-in-occupational-health-and-safety-gic\/#primaryimage\"},\"image\":{\"@id\":\"https:\/\/zonaverde.pt\/site\/produto\/nebosh-internacional-general-certificate-in-occupational-health-and-safety-gic\/#primaryimage\"},\"thumbnailUrl\":\"https:\/\/zonaverde.pt\/site\/wp-content\/uploads\/cursos-azv-3-1.png\",\"datePublished\":\"2026-01-30T12:14:56+00:00\",\"dateModified\":\"2026-03-11T14:07:53+00:00\",\"description\":\"A certifica\u00e7\u00e3o NEBOSH \u00e9 reconhecida Mundialmente, pelos elevados padr\u00f5es de exig\u00eancia e qualidade na \u00e1rea da Seguran\u00e7a. Torne-se um profissional certificado pelo\u00a0NEBOSH\u00a0na \u00e1rea da seguran\u00e7a e sa\u00fade ocupacional\",\"breadcrumb\":{\"@id\":\"https:\/\/zonaverde.pt\/site\/produto\/nebosh-internacional-general-certificate-in-occupational-health-and-safety-gic\/#breadcrumb\"},\"inLanguage\":\"pt-PT\",\"potentialAction\":[{\"@type\":\"ReadAction\",\"target\":[\"https:\/\/zonaverde.pt\/site\/produto\/nebosh-internacional-general-certificate-in-occupational-health-and-safety-gic\/\"]}]},{\"@type\":\"ImageObject\",\"inLanguage\":\"pt-PT\",\"@id\":\"https:\/\/zonaverde.pt\/site\/produto\/nebosh-internacional-general-certificate-in-occupational-health-and-safety-gic\/#primaryimage\",\"url\":\"https:\/\/zonaverde.pt\/site\/wp-content\/uploads\/cursos-azv-3-1.png\",\"contentUrl\":\"https:\/\/zonaverde.pt\/site\/wp-content\/uploads\/cursos-azv-3-1.png\",\"width\":480,\"height\":350},{\"@type\":\"BreadcrumbList\",\"@id\":\"https:\/\/zonaverde.pt\/site\/produto\/nebosh-internacional-general-certificate-in-occupational-health-and-safety-gic\/#breadcrumb\",\"itemListElement\":[{\"@type\":\"ListItem\",\"position\":1,\"name\":\"In\u00edcio\",\"item\":\"https:\/\/zonaverde.pt\/site\/\"},{\"@type\":\"ListItem\",\"position\":2,\"name\":\"As nossas ofertas\",\"item\":\"https:\/\/zonaverde.pt\/site\/as-nossas-ofertas\/\"},{\"@type\":\"ListItem\",\"position\":3,\"name\":\"NEBOSH Internacional General Certificate in Occupational Health and Safety (GIC)\"}]},{\"@type\":\"WebSite\",\"@id\":\"https:\/\/zonaverde.pt\/site\/#website\",\"url\":\"https:\/\/zonaverde.pt\/site\/\",\"name\":\"ZONAVERDE | Forma\u00e7\u00e3o e Consultoria\",\"description\":\"ZONAVERDE empresa de Forma\u00e7\u00e3o para particulares e \u00e0 medida para empresas (Presencial e e-Learning) e Consultoria no apoio \u00e0s PME&#039;s.\",\"publisher\":{\"@id\":\"https:\/\/zonaverde.pt\/site\/#organization\"},\"potentialAction\":[{\"@type\":\"SearchAction\",\"target\":{\"@type\":\"EntryPoint\",\"urlTemplate\":\"https:\/\/zonaverde.pt\/site\/?s={search_term_string}\"},\"query-input\":{\"@type\":\"PropertyValueSpecification\",\"valueRequired\":true,\"valueName\":\"search_term_string\"}}],\"inLanguage\":\"pt-PT\"},{\"@type\":\"Organization\",\"@id\":\"https:\/\/zonaverde.pt\/site\/#organization\",\"name\":\"ZONAVERDE | Forma\u00e7\u00e3o e Consultoria\",\"url\":\"https:\/\/zonaverde.pt\/site\/\",\"logo\":{\"@type\":\"ImageObject\",\"inLanguage\":\"pt-PT\",\"@id\":\"https:\/\/zonaverde.pt\/site\/#\/schema\/logo\/image\/\",\"url\":\"https:\/\/zonaverde.pt\/site\/wp-content\/uploads\/2019\/04\/logotipo-zonaverde.png\",\"contentUrl\":\"https:\/\/zonaverde.pt\/site\/wp-content\/uploads\/2019\/04\/logotipo-zonaverde.png\",\"width\":165,\"height\":55,\"caption\":\"ZONAVERDE | Forma\u00e7\u00e3o e Consultoria\"},\"image\":{\"@id\":\"https:\/\/zonaverde.pt\/site\/#\/schema\/logo\/image\/\"},\"sameAs\":[\"https:\/\/www.facebook.com\/zonaverdept\/\",\"https:\/\/www.instagram.com\/zonaverdept\/\",\"https:\/\/linkedin.com\/company\/zonaverdept\",\"https:\/\/www.youtube.com\/user\/ZonaVerdeCEA\"]}]}<\/script>\n<meta property=\"og:availability\" content=\"instock\" \/>\n<meta property=\"product:availability\" content=\"instock\" \/>\n<meta property=\"product:condition\" content=\"new\" \/>\n<!-- \/ Yoast SEO Premium plugin. -->","yoast_head_json":{"title":"Nebosh Internacional General Certificate in Occupational Health and Safety","description":"A certifica\u00e7\u00e3o NEBOSH \u00e9 reconhecida Mundialmente, pelos elevados padr\u00f5es de exig\u00eancia e qualidade na \u00e1rea da Seguran\u00e7a. Torne-se um profissional certificado pelo\u00a0NEBOSH\u00a0na \u00e1rea da seguran\u00e7a e sa\u00fade ocupacional","robots":{"index":"index","follow":"follow","max-snippet":"max-snippet:-1","max-image-preview":"max-image-preview:large","max-video-preview":"max-video-preview:-1"},"canonical":"https:\/\/zonaverde.pt\/site\/produto\/nebosh-internacional-general-certificate-in-occupational-health-and-safety-gic\/","og_locale":"pt_PT","og_type":"article","og_title":"NEBOSH Internacional General Certificate in Occupational Health and Safety (GIC)","og_description":"A certifica\u00e7\u00e3o NEBOSH \u00e9 reconhecida Mundialmente, pelos elevados padr\u00f5es de exig\u00eancia e qualidade na \u00e1rea da Seguran\u00e7a. Torne-se um profissional certificado pelo\u00a0NEBOSH\u00a0na \u00e1rea da seguran\u00e7a e sa\u00fade ocupacional","og_url":"https:\/\/zonaverde.pt\/site\/produto\/nebosh-internacional-general-certificate-in-occupational-health-and-safety-gic\/","og_site_name":"ZONAVERDE | Forma\u00e7\u00e3o e Consultoria","article_publisher":"https:\/\/www.facebook.com\/zonaverdept\/","article_modified_time":"2026-03-11T14:07:53+00:00","og_image":[{"width":480,"height":350,"url":"https:\/\/zonaverde.pt\/site\/wp-content\/uploads\/cursos-azv-3-1.png","type":"image\/png"}],"twitter_card":"summary_large_image","twitter_misc":{"Disponibilidade":"Em stock"},"schema":{"@context":"https:\/\/schema.org","@graph":[{"@type":["WebPage","ItemPage"],"@id":"https:\/\/zonaverde.pt\/site\/produto\/nebosh-internacional-general-certificate-in-occupational-health-and-safety-gic\/","url":"https:\/\/zonaverde.pt\/site\/produto\/nebosh-internacional-general-certificate-in-occupational-health-and-safety-gic\/","name":"Nebosh Internacional General Certificate in Occupational Health and Safety","isPartOf":{"@id":"https:\/\/zonaverde.pt\/site\/#website"},"primaryImageOfPage":{"@id":"https:\/\/zonaverde.pt\/site\/produto\/nebosh-internacional-general-certificate-in-occupational-health-and-safety-gic\/#primaryimage"},"image":{"@id":"https:\/\/zonaverde.pt\/site\/produto\/nebosh-internacional-general-certificate-in-occupational-health-and-safety-gic\/#primaryimage"},"thumbnailUrl":"https:\/\/zonaverde.pt\/site\/wp-content\/uploads\/cursos-azv-3-1.png","datePublished":"2026-01-30T12:14:56+00:00","dateModified":"2026-03-11T14:07:53+00:00","description":"A certifica\u00e7\u00e3o NEBOSH \u00e9 reconhecida Mundialmente, pelos elevados padr\u00f5es de exig\u00eancia e qualidade na \u00e1rea da Seguran\u00e7a. Torne-se um profissional certificado pelo\u00a0NEBOSH\u00a0na \u00e1rea da seguran\u00e7a e sa\u00fade ocupacional","breadcrumb":{"@id":"https:\/\/zonaverde.pt\/site\/produto\/nebosh-internacional-general-certificate-in-occupational-health-and-safety-gic\/#breadcrumb"},"inLanguage":"pt-PT","potentialAction":[{"@type":"ReadAction","target":["https:\/\/zonaverde.pt\/site\/produto\/nebosh-internacional-general-certificate-in-occupational-health-and-safety-gic\/"]}]},{"@type":"ImageObject","inLanguage":"pt-PT","@id":"https:\/\/zonaverde.pt\/site\/produto\/nebosh-internacional-general-certificate-in-occupational-health-and-safety-gic\/#primaryimage","url":"https:\/\/zonaverde.pt\/site\/wp-content\/uploads\/cursos-azv-3-1.png","contentUrl":"https:\/\/zonaverde.pt\/site\/wp-content\/uploads\/cursos-azv-3-1.png","width":480,"height":350},{"@type":"BreadcrumbList","@id":"https:\/\/zonaverde.pt\/site\/produto\/nebosh-internacional-general-certificate-in-occupational-health-and-safety-gic\/#breadcrumb","itemListElement":[{"@type":"ListItem","position":1,"name":"In\u00edcio","item":"https:\/\/zonaverde.pt\/site\/"},{"@type":"ListItem","position":2,"name":"As nossas ofertas","item":"https:\/\/zonaverde.pt\/site\/as-nossas-ofertas\/"},{"@type":"ListItem","position":3,"name":"NEBOSH Internacional General Certificate in Occupational Health and Safety (GIC)"}]},{"@type":"WebSite","@id":"https:\/\/zonaverde.pt\/site\/#website","url":"https:\/\/zonaverde.pt\/site\/","name":"ZONAVERDE | Forma\u00e7\u00e3o e Consultoria","description":"ZONAVERDE empresa de Forma\u00e7\u00e3o para particulares e \u00e0 medida para empresas (Presencial e e-Learning) e Consultoria no apoio \u00e0s PME&#039;s.","publisher":{"@id":"https:\/\/zonaverde.pt\/site\/#organization"},"potentialAction":[{"@type":"SearchAction","target":{"@type":"EntryPoint","urlTemplate":"https:\/\/zonaverde.pt\/site\/?s={search_term_string}"},"query-input":{"@type":"PropertyValueSpecification","valueRequired":true,"valueName":"search_term_string"}}],"inLanguage":"pt-PT"},{"@type":"Organization","@id":"https:\/\/zonaverde.pt\/site\/#organization","name":"ZONAVERDE | Forma\u00e7\u00e3o e Consultoria","url":"https:\/\/zonaverde.pt\/site\/","logo":{"@type":"ImageObject","inLanguage":"pt-PT","@id":"https:\/\/zonaverde.pt\/site\/#\/schema\/logo\/image\/","url":"https:\/\/zonaverde.pt\/site\/wp-content\/uploads\/2019\/04\/logotipo-zonaverde.png","contentUrl":"https:\/\/zonaverde.pt\/site\/wp-content\/uploads\/2019\/04\/logotipo-zonaverde.png","width":165,"height":55,"caption":"ZONAVERDE | Forma\u00e7\u00e3o e Consultoria"},"image":{"@id":"https:\/\/zonaverde.pt\/site\/#\/schema\/logo\/image\/"},"sameAs":["https:\/\/www.facebook.com\/zonaverdept\/","https:\/\/www.instagram.com\/zonaverdept\/","https:\/\/linkedin.com\/company\/zonaverdept","https:\/\/www.youtube.com\/user\/ZonaVerdeCEA"]}]},"og_availability":"instock","product_availability":"instock","product_condition":"new"},"_links":{"self":[{"href":"https:\/\/zonaverde.pt\/site\/wp-json\/wp\/v2\/product\/69834","targetHints":{"allow":["GET"]}}],"collection":[{"href":"https:\/\/zonaverde.pt\/site\/wp-json\/wp\/v2\/product"}],"about":[{"href":"https:\/\/zonaverde.pt\/site\/wp-json\/wp\/v2\/types\/product"}],"wp:featuredmedia":[{"embeddable":true,"href":"https:\/\/zonaverde.pt\/site\/wp-json\/wp\/v2\/media\/67796"}],"wp:attachment":[{"href":"https:\/\/zonaverde.pt\/site\/wp-json\/wp\/v2\/media?parent=69834"}],"wp:term":[{"taxonomy":"product_brand","embeddable":true,"href":"https:\/\/zonaverde.pt\/site\/wp-json\/wp\/v2\/product_brand?post=69834"},{"taxonomy":"product_cat","embeddable":true,"href":"https:\/\/zonaverde.pt\/site\/wp-json\/wp\/v2\/product_cat?post=69834"},{"taxonomy":"product_tag","embeddable":true,"href":"https:\/\/zonaverde.pt\/site\/wp-json\/wp\/v2\/product_tag?post=69834"}],"curies":[{"name":"wp","href":"https:\/\/api.w.org\/{rel}","templated":true}]}}