{"id":70792,"date":"2026-05-06T14:13:36","date_gmt":"2026-05-06T13:13:36","guid":{"rendered":"https:\/\/zonaverde.pt\/site\/?post_type=product&#038;p=70792"},"modified":"2026-05-07T12:41:10","modified_gmt":"2026-05-07T11:41:10","slug":"ethical-hacking","status":"publish","type":"product","link":"https:\/\/zonaverde.pt\/site\/produto\/ethical-hacking\/","title":{"rendered":"Ethical Hacking: Fundamentos e T\u00e9cnicas de Pentesting"},"content":{"rendered":"","protected":false},"excerpt":{"rendered":"<h4><strong>Aprenda a pensar como um atacante para defender melhor os sistemas.<\/strong><\/h4>\n<p>O curso<strong> Ethical Hacking: Fundamentos e T\u00e9cnicas de Pentesting<\/strong> introduz os princ\u00edpios da ciberseguran\u00e7a ofensiva, permitindo compreender como s\u00e3o exploradas vulnerabilidades em redes, sistemas e aplica\u00e7\u00f5es. Ideal para profissionais de TI e ciberseguran\u00e7a que querem evoluir para testes de penetra\u00e7\u00e3o e \u00e1reas Red Team\/Blue Team, esta forma\u00e7\u00e3o combina pr\u00e1tica em ambiente controlado com metodologias reais de ataque. Uma base essencial para refor\u00e7ar compet\u00eancias t\u00e9cnicas e melhorar a capacidade de defesa das organiza\u00e7\u00f5es.<\/p>\n<p data-wp-editing=\"1\"><strong style=\"color: var(--edumall-color-heading); font-family: var(--edumall-typography-headings-font-family); letter-spacing: var(--edumall-typography-headings-letter-spacing);\">\ud83d\udc49 Curso eleg\u00edvel para o Cheque-forma\u00e7\u00e3o+Digital<\/strong><span style=\"color: var(--edumall-color-heading); font-family: var(--edumall-typography-headings-font-family); font-weight: var(--edumall-typography-headings-font-weight); letter-spacing: var(--edumall-typography-headings-letter-spacing);\">. <\/span>(medida v\u00e1lida at\u00e9 30\/06\/2026)<\/p>\n","protected":false},"featured_media":70794,"template":"","meta":{"_acf_changed":false},"product_brand":[],"product_cat":[4468],"product_tag":[4490],"class_list":{"0":"post-70792","1":"product","2":"type-product","3":"status-publish","4":"has-post-thumbnail","6":"product_cat-cheque-formacao-digital","7":"product_tag-necessario-contacto","9":"first","10":"instock","11":"taxable","12":"shipping-taxable","13":"purchasable","14":"product-type-variable","15":"has-default-attributes","16":"prodpage-classic"},"acf":[],"yoast_head":"<!-- This site is optimized with the Yoast SEO Premium plugin v27.0 (Yoast SEO v27.0) - https:\/\/yoast.com\/product\/yoast-seo-premium-wordpress\/ -->\n<title>Ethical Hacking: Fundamentos e T\u00e9cnicas de Pentesting<\/title>\n<meta name=\"description\" content=\"Ethical Hacking: Fundamentos e T\u00e9cnicas de Pentesting - Curso Online - Eleg\u00edvel para a Candidatura \u00e0 Medida Cheque-forma\u00e7\u00e3o + Digital\" \/>\n<meta name=\"robots\" content=\"index, follow, max-snippet:-1, max-image-preview:large, max-video-preview:-1\" \/>\n<link rel=\"canonical\" href=\"https:\/\/zonaverde.pt\/site\/produto\/ethical-hacking\/\" \/>\n<meta property=\"og:locale\" content=\"pt_PT\" \/>\n<meta property=\"og:type\" content=\"article\" \/>\n<meta property=\"og:title\" content=\"Ethical Hacking: Fundamentos e T\u00e9cnicas de Pentesting\" \/>\n<meta property=\"og:description\" content=\"Ethical Hacking: Fundamentos e T\u00e9cnicas de Pentesting - Curso Online - Eleg\u00edvel para a Candidatura \u00e0 Medida Cheque-forma\u00e7\u00e3o + Digital\" \/>\n<meta property=\"og:url\" content=\"https:\/\/zonaverde.pt\/site\/produto\/ethical-hacking\/\" \/>\n<meta property=\"og:site_name\" content=\"ZONAVERDE | Forma\u00e7\u00e3o e Consultoria\" \/>\n<meta property=\"article:publisher\" content=\"https:\/\/www.facebook.com\/zonaverdept\/\" \/>\n<meta property=\"article:modified_time\" content=\"2026-05-07T11:41:10+00:00\" \/>\n<meta property=\"og:image\" content=\"https:\/\/zonaverde.pt\/site\/wp-content\/uploads\/Ethical-Hacking-_-Fundamentos-e-Tecnicas-de-Pentesting.png\" \/>\n\t<meta property=\"og:image:width\" content=\"480\" \/>\n\t<meta property=\"og:image:height\" content=\"350\" \/>\n\t<meta property=\"og:image:type\" content=\"image\/png\" \/>\n<meta name=\"twitter:card\" content=\"summary_large_image\" \/>\n<meta name=\"twitter:label1\" content=\"Disponibilidade\" \/>\n\t<meta name=\"twitter:data1\" content=\"Em stock\" \/>\n<script type=\"application\/ld+json\" class=\"yoast-schema-graph\">{\"@context\":\"https:\/\/schema.org\",\"@graph\":[{\"@type\":[\"WebPage\",\"ItemPage\"],\"@id\":\"https:\/\/zonaverde.pt\/site\/produto\/ethical-hacking\/\",\"url\":\"https:\/\/zonaverde.pt\/site\/produto\/ethical-hacking\/\",\"name\":\"Ethical Hacking: Fundamentos e T\u00e9cnicas de Pentesting\",\"isPartOf\":{\"@id\":\"https:\/\/zonaverde.pt\/site\/#website\"},\"primaryImageOfPage\":{\"@id\":\"https:\/\/zonaverde.pt\/site\/produto\/ethical-hacking\/#primaryimage\"},\"image\":{\"@id\":\"https:\/\/zonaverde.pt\/site\/produto\/ethical-hacking\/#primaryimage\"},\"thumbnailUrl\":\"https:\/\/zonaverde.pt\/site\/wp-content\/uploads\/Ethical-Hacking-_-Fundamentos-e-Tecnicas-de-Pentesting.png\",\"datePublished\":\"2026-05-06T13:13:36+00:00\",\"dateModified\":\"2026-05-07T11:41:10+00:00\",\"description\":\"Ethical Hacking: Fundamentos e T\u00e9cnicas de Pentesting - Curso Online - Eleg\u00edvel para a Candidatura \u00e0 Medida Cheque-forma\u00e7\u00e3o + Digital\",\"breadcrumb\":{\"@id\":\"https:\/\/zonaverde.pt\/site\/produto\/ethical-hacking\/#breadcrumb\"},\"inLanguage\":\"pt-PT\",\"potentialAction\":[{\"@type\":\"ReadAction\",\"target\":[\"https:\/\/zonaverde.pt\/site\/produto\/ethical-hacking\/\"]}]},{\"@type\":\"ImageObject\",\"inLanguage\":\"pt-PT\",\"@id\":\"https:\/\/zonaverde.pt\/site\/produto\/ethical-hacking\/#primaryimage\",\"url\":\"https:\/\/zonaverde.pt\/site\/wp-content\/uploads\/Ethical-Hacking-_-Fundamentos-e-Tecnicas-de-Pentesting.png\",\"contentUrl\":\"https:\/\/zonaverde.pt\/site\/wp-content\/uploads\/Ethical-Hacking-_-Fundamentos-e-Tecnicas-de-Pentesting.png\",\"width\":480,\"height\":350,\"caption\":\"Ethical Hacking _ Fundamentos e T\u00e9cnicas de Pentesting - curso zv\"},{\"@type\":\"BreadcrumbList\",\"@id\":\"https:\/\/zonaverde.pt\/site\/produto\/ethical-hacking\/#breadcrumb\",\"itemListElement\":[{\"@type\":\"ListItem\",\"position\":1,\"name\":\"In\u00edcio\",\"item\":\"https:\/\/zonaverde.pt\/site\/\"},{\"@type\":\"ListItem\",\"position\":2,\"name\":\"As nossas ofertas\",\"item\":\"https:\/\/zonaverde.pt\/site\/as-nossas-ofertas\/\"},{\"@type\":\"ListItem\",\"position\":3,\"name\":\"Ethical Hacking: Fundamentos e T\u00e9cnicas de Pentesting\"}]},{\"@type\":\"WebSite\",\"@id\":\"https:\/\/zonaverde.pt\/site\/#website\",\"url\":\"https:\/\/zonaverde.pt\/site\/\",\"name\":\"ZONAVERDE | Forma\u00e7\u00e3o e Consultoria\",\"description\":\"ZONAVERDE empresa de Forma\u00e7\u00e3o para particulares e \u00e0 medida para empresas (Presencial e e-Learning) e Consultoria no apoio \u00e0s PME&#039;s.\",\"publisher\":{\"@id\":\"https:\/\/zonaverde.pt\/site\/#organization\"},\"potentialAction\":[{\"@type\":\"SearchAction\",\"target\":{\"@type\":\"EntryPoint\",\"urlTemplate\":\"https:\/\/zonaverde.pt\/site\/?s={search_term_string}\"},\"query-input\":{\"@type\":\"PropertyValueSpecification\",\"valueRequired\":true,\"valueName\":\"search_term_string\"}}],\"inLanguage\":\"pt-PT\"},{\"@type\":\"Organization\",\"@id\":\"https:\/\/zonaverde.pt\/site\/#organization\",\"name\":\"ZONAVERDE | Forma\u00e7\u00e3o e Consultoria\",\"url\":\"https:\/\/zonaverde.pt\/site\/\",\"logo\":{\"@type\":\"ImageObject\",\"inLanguage\":\"pt-PT\",\"@id\":\"https:\/\/zonaverde.pt\/site\/#\/schema\/logo\/image\/\",\"url\":\"https:\/\/zonaverde.pt\/site\/wp-content\/uploads\/2019\/04\/logotipo-zonaverde.png\",\"contentUrl\":\"https:\/\/zonaverde.pt\/site\/wp-content\/uploads\/2019\/04\/logotipo-zonaverde.png\",\"width\":165,\"height\":55,\"caption\":\"ZONAVERDE | Forma\u00e7\u00e3o e Consultoria\"},\"image\":{\"@id\":\"https:\/\/zonaverde.pt\/site\/#\/schema\/logo\/image\/\"},\"sameAs\":[\"https:\/\/www.facebook.com\/zonaverdept\/\",\"https:\/\/www.instagram.com\/zonaverdept\/\",\"https:\/\/linkedin.com\/company\/zonaverdept\",\"https:\/\/www.youtube.com\/user\/ZonaVerdeCEA\"]}]}<\/script>\n<meta property=\"og:availability\" content=\"instock\" \/>\n<meta property=\"product:availability\" content=\"instock\" \/>\n<meta property=\"product:condition\" content=\"new\" \/>\n<!-- \/ Yoast SEO Premium plugin. -->","yoast_head_json":{"title":"Ethical Hacking: Fundamentos e T\u00e9cnicas de Pentesting","description":"Ethical Hacking: Fundamentos e T\u00e9cnicas de Pentesting - Curso Online - Eleg\u00edvel para a Candidatura \u00e0 Medida Cheque-forma\u00e7\u00e3o + Digital","robots":{"index":"index","follow":"follow","max-snippet":"max-snippet:-1","max-image-preview":"max-image-preview:large","max-video-preview":"max-video-preview:-1"},"canonical":"https:\/\/zonaverde.pt\/site\/produto\/ethical-hacking\/","og_locale":"pt_PT","og_type":"article","og_title":"Ethical Hacking: Fundamentos e T\u00e9cnicas de Pentesting","og_description":"Ethical Hacking: Fundamentos e T\u00e9cnicas de Pentesting - Curso Online - Eleg\u00edvel para a Candidatura \u00e0 Medida Cheque-forma\u00e7\u00e3o + Digital","og_url":"https:\/\/zonaverde.pt\/site\/produto\/ethical-hacking\/","og_site_name":"ZONAVERDE | Forma\u00e7\u00e3o e Consultoria","article_publisher":"https:\/\/www.facebook.com\/zonaverdept\/","article_modified_time":"2026-05-07T11:41:10+00:00","og_image":[{"width":480,"height":350,"url":"https:\/\/zonaverde.pt\/site\/wp-content\/uploads\/Ethical-Hacking-_-Fundamentos-e-Tecnicas-de-Pentesting.png","type":"image\/png"}],"twitter_card":"summary_large_image","twitter_misc":{"Disponibilidade":"Em stock"},"schema":{"@context":"https:\/\/schema.org","@graph":[{"@type":["WebPage","ItemPage"],"@id":"https:\/\/zonaverde.pt\/site\/produto\/ethical-hacking\/","url":"https:\/\/zonaverde.pt\/site\/produto\/ethical-hacking\/","name":"Ethical Hacking: Fundamentos e T\u00e9cnicas de Pentesting","isPartOf":{"@id":"https:\/\/zonaverde.pt\/site\/#website"},"primaryImageOfPage":{"@id":"https:\/\/zonaverde.pt\/site\/produto\/ethical-hacking\/#primaryimage"},"image":{"@id":"https:\/\/zonaverde.pt\/site\/produto\/ethical-hacking\/#primaryimage"},"thumbnailUrl":"https:\/\/zonaverde.pt\/site\/wp-content\/uploads\/Ethical-Hacking-_-Fundamentos-e-Tecnicas-de-Pentesting.png","datePublished":"2026-05-06T13:13:36+00:00","dateModified":"2026-05-07T11:41:10+00:00","description":"Ethical Hacking: Fundamentos e T\u00e9cnicas de Pentesting - Curso Online - Eleg\u00edvel para a Candidatura \u00e0 Medida Cheque-forma\u00e7\u00e3o + Digital","breadcrumb":{"@id":"https:\/\/zonaverde.pt\/site\/produto\/ethical-hacking\/#breadcrumb"},"inLanguage":"pt-PT","potentialAction":[{"@type":"ReadAction","target":["https:\/\/zonaverde.pt\/site\/produto\/ethical-hacking\/"]}]},{"@type":"ImageObject","inLanguage":"pt-PT","@id":"https:\/\/zonaverde.pt\/site\/produto\/ethical-hacking\/#primaryimage","url":"https:\/\/zonaverde.pt\/site\/wp-content\/uploads\/Ethical-Hacking-_-Fundamentos-e-Tecnicas-de-Pentesting.png","contentUrl":"https:\/\/zonaverde.pt\/site\/wp-content\/uploads\/Ethical-Hacking-_-Fundamentos-e-Tecnicas-de-Pentesting.png","width":480,"height":350,"caption":"Ethical Hacking _ Fundamentos e T\u00e9cnicas de Pentesting - curso zv"},{"@type":"BreadcrumbList","@id":"https:\/\/zonaverde.pt\/site\/produto\/ethical-hacking\/#breadcrumb","itemListElement":[{"@type":"ListItem","position":1,"name":"In\u00edcio","item":"https:\/\/zonaverde.pt\/site\/"},{"@type":"ListItem","position":2,"name":"As nossas ofertas","item":"https:\/\/zonaverde.pt\/site\/as-nossas-ofertas\/"},{"@type":"ListItem","position":3,"name":"Ethical Hacking: Fundamentos e T\u00e9cnicas de Pentesting"}]},{"@type":"WebSite","@id":"https:\/\/zonaverde.pt\/site\/#website","url":"https:\/\/zonaverde.pt\/site\/","name":"ZONAVERDE | Forma\u00e7\u00e3o e Consultoria","description":"ZONAVERDE empresa de Forma\u00e7\u00e3o para particulares e \u00e0 medida para empresas (Presencial e e-Learning) e Consultoria no apoio \u00e0s PME&#039;s.","publisher":{"@id":"https:\/\/zonaverde.pt\/site\/#organization"},"potentialAction":[{"@type":"SearchAction","target":{"@type":"EntryPoint","urlTemplate":"https:\/\/zonaverde.pt\/site\/?s={search_term_string}"},"query-input":{"@type":"PropertyValueSpecification","valueRequired":true,"valueName":"search_term_string"}}],"inLanguage":"pt-PT"},{"@type":"Organization","@id":"https:\/\/zonaverde.pt\/site\/#organization","name":"ZONAVERDE | Forma\u00e7\u00e3o e Consultoria","url":"https:\/\/zonaverde.pt\/site\/","logo":{"@type":"ImageObject","inLanguage":"pt-PT","@id":"https:\/\/zonaverde.pt\/site\/#\/schema\/logo\/image\/","url":"https:\/\/zonaverde.pt\/site\/wp-content\/uploads\/2019\/04\/logotipo-zonaverde.png","contentUrl":"https:\/\/zonaverde.pt\/site\/wp-content\/uploads\/2019\/04\/logotipo-zonaverde.png","width":165,"height":55,"caption":"ZONAVERDE | Forma\u00e7\u00e3o e Consultoria"},"image":{"@id":"https:\/\/zonaverde.pt\/site\/#\/schema\/logo\/image\/"},"sameAs":["https:\/\/www.facebook.com\/zonaverdept\/","https:\/\/www.instagram.com\/zonaverdept\/","https:\/\/linkedin.com\/company\/zonaverdept","https:\/\/www.youtube.com\/user\/ZonaVerdeCEA"]}]},"og_availability":"instock","product_availability":"instock","product_condition":"new"},"_links":{"self":[{"href":"https:\/\/zonaverde.pt\/site\/wp-json\/wp\/v2\/product\/70792","targetHints":{"allow":["GET"]}}],"collection":[{"href":"https:\/\/zonaverde.pt\/site\/wp-json\/wp\/v2\/product"}],"about":[{"href":"https:\/\/zonaverde.pt\/site\/wp-json\/wp\/v2\/types\/product"}],"wp:featuredmedia":[{"embeddable":true,"href":"https:\/\/zonaverde.pt\/site\/wp-json\/wp\/v2\/media\/70794"}],"wp:attachment":[{"href":"https:\/\/zonaverde.pt\/site\/wp-json\/wp\/v2\/media?parent=70792"}],"wp:term":[{"taxonomy":"product_brand","embeddable":true,"href":"https:\/\/zonaverde.pt\/site\/wp-json\/wp\/v2\/product_brand?post=70792"},{"taxonomy":"product_cat","embeddable":true,"href":"https:\/\/zonaverde.pt\/site\/wp-json\/wp\/v2\/product_cat?post=70792"},{"taxonomy":"product_tag","embeddable":true,"href":"https:\/\/zonaverde.pt\/site\/wp-json\/wp\/v2\/product_tag?post=70792"}],"curies":[{"name":"wp","href":"https:\/\/api.w.org\/{rel}","templated":true}]}}